{"id":24596,"date":"2016-03-10T18:51:46","date_gmt":"2016-03-10T18:51:46","guid":{"rendered":"https:\/\/labellavitarealestate.com\/allgemeine-geschaeftsbedingungen-agb\/"},"modified":"2022-10-13T18:10:21","modified_gmt":"2022-10-13T18:10:21","slug":"allgemeine-geschaeftsbedingungen-agb","status":"publish","type":"page","link":"https:\/\/labellavitarealestate.com\/de\/allgemeine-geschaeftsbedingungen-agb\/","title":{"rendered":"Allgemeine Gesch\u00e4ftsbedingungen (AGB)"},"content":{"rendered":"\n<h2 class=\"wp-block-heading\">Rechtliche Hinweise<\/h2>\n\n<p>In \u00dcbereinstimmung mit dem Gesetz 34\/2002 vom 11. Juli \u00fcber Dienste der Informationsgesellschaft und den elektronischen Gesch\u00e4ftsverkehr (LSSI) informieren wir Sie dar\u00fcber, dass:<\/p>\n\n<p>LA BELLA VITA REAL ESTATE seine Adresse ist C\/ Medico Basilio Paredes 17, Cp: 03140 de Guardamar del Segura (Alicante).<\/p>\n\n<p>Kontaktdaten: Telefon: 634 127 186<\/p>\n\n<p>E-Mail: labellavitarealestate@gmail.com<\/p>\n\n<p><\/p>\n\n<h2 class=\"wp-block-heading\">Allgemeine Nutzungsbedingungen der La Bella Vita Real Estate Website<\/h2>\n\n<p>Der Domainname labellavitarealestate.com ist Eigentum von LA BELLA VITA REAL ESTATE und seine ausschlie\u00dfliche Nutzung ist ihm vorbehalten.<\/p>\n\n<p>Die offizielle Webseite von labellavitarealestate.com soll die breite \u00d6ffentlichkeit \u00fcber die Aktivit\u00e4ten der Organisation sowie \u00fcber die Produkte und Dienstleistungen, die sie im Bereich der IMMOBILIENF\u00d6RDERUNG anbietet, informieren.<\/p>\n\n<p>Die Nutzung dieser Website setzt die vollst\u00e4ndige und bedingungslose Annahme der hierin dargelegten Bedingungen voraus, ohne R\u00fccksicht auf besondere Bedingungen, die f\u00fcr bestimmte der \u00fcber die Website bereitgestellten spezifischen Produkte oder Dienstleistungen gelten k\u00f6nnen.<\/p>\n\n<p>LA BELLA VITA REAL ESTATE beh\u00e4lt sich das Recht vor, jederzeit und ohne Vorwarnung \u00c4nderungen und Aktualisierungen der Informationen auf ihrer Website sowie deren Konfiguration und Pr\u00e4sentation vorzunehmen.<\/p>\n\n<p>Um die Informationen auf der Website auf dem neuesten Stand zu halten, kann ihr Inhalt jederzeit ge\u00e4ndert, korrigiert, beseitigt oder hinzugef\u00fcgt werden, daher ist es am besten, ihre G\u00fcltigkeit oder Genauigkeit zu \u00fcberpr\u00fcfen, indem Sie sich an offizielle Quellen wenden.<\/p>\n\n<p><\/p>\n\n<h2 class=\"wp-block-heading\">Geistiges und gewerbliches Eigentum und Rahmen<\/h2>\n\n<p>Alle Teile der Website, einschlie\u00dflich ihrer Struktur, ihres Designs, ihres Quellcodes, ihrer Logos, Marken und anderer erkennbarer Indikatoren, sind Eigentum von LA BELLA VITA REAL ESTATE oder ihren Mitarbeitern und sind durch geistige und gewerbliche Eigentumsrechte gesch\u00fctzt.<\/p>\n\n<p>Ebenso sind die Fotos und andere grafische Bestandteile, die auf den Seiten zu finden sind, durch die geltenden geistigen und gewerblichen Eigentumsrechte gesch\u00fctzt.<\/p>\n\n<p>Das Framing oder die Verwendung anderer Techniken durch Dritte, die das Design, die urspr\u00fcngliche Konfiguration oder den Inhalt unserer Websites ver\u00e4ndern, ist von LA BELLA VITA REAL ESTATE absolut untersagt.<\/p>\n\n<p>Die Nutzung der Inhalte muss den Bedingungen ihrer jeweiligen Lizenzen entsprechen. Infolgedessen ist ohne die ausdr\u00fcckliche und ausdr\u00fcckliche Genehmigung von LA BELLA VITA REAL ESTATE die Nutzung, Vervielf\u00e4ltigung, Verbreitung, \u00f6ffentliche Kommunikation, Umwandlung oder jede andere \u00e4hnliche oder identische Aktivit\u00e4t absolut untersagt.<\/p>\n\n<p>In Bezug auf Zitate von Nachrichten, Produkten und Dienstleistungen Dritter, die auf der Website erscheinen k\u00f6nnen, erkennt LA BELLA VITA REAL ESTATE die entsprechenden gewerblichen und geistigen Eigentumsrechte zugunsten ihrer Eigent\u00fcmer an, und ihre blo\u00dfe Erw\u00e4hnung oder ihr Erscheinen auf der Website impliziert weder das Vorhandensein von Rechten oder Verantwortlichkeiten, noch impliziert es eine Billigung,  Sponsoring oder Empfehlung.<\/p>\n\n<p>LA BELLA VITA REAL ESTATE gibt bekannt, dass es die Rechte an geistigem und gewerblichem Eigentum Dritter respektiert; Wenn Sie der Meinung sind, dass unsere Portale Ihre Rechte verletzen, wenden Sie sich bitte an LA BELLA VITA REAL ESTATE.<\/p>\n\n<p><\/p>\n\n<h2 class=\"wp-block-heading\">Verantwortung<\/h2>\n\n<p>LA BELLA VITA REAL ESTATE garantiert nicht die Abwesenheit von Fehlern beim Zugriff, Inhalt oder bei der Aktualisierung der Website, jedoch wird LA BELLA VITA REAL ESTATE angemessene Ma\u00dfnahmen ergreifen, um diese bei Bedarf zu vermeiden, zu korrigieren oder zu aktualisieren.<\/p>\n\n<p>Der Nutzer ist allein verantwortlich f\u00fcr den Zugriff auf und die Nutzung der LA BELLA VITA REAL ESTATE Websites und der darin enthaltenen Informationen.<\/p>\n\n<p>LA BELLA VITA REAL ESTATE ist nicht verantwortlich f\u00fcr m\u00f6gliche Sicherheitsfehler oder f\u00fcr m\u00f6gliche Sch\u00e4den am Computersystem des Benutzers (Hardware und Software), Dateien oder Dokumenten, die darin gespeichert sind, als Folge des Vorhandenseins eines Virus auf dem Computer des Benutzers, der verwendet wird, um sich mit den Diensten und Inhalten der Website zu verbinden, eine Fehlfunktion des Browsers,  oder die Verwendung von nicht aktualisierten Versionen derselben.<\/p>\n\n<p>LA BELLA VITA REAL ESTATE ist nicht verantwortlich f\u00fcr die Informationen und Inhalte, die auf der LA BELLA VITA REAL ESTATE Website gespeichert sind, einschlie\u00dflich, aber nicht beschr\u00e4nkt auf Foren, Chats, Blogs, Kommentare, soziale Netzwerke oder andere Mittel, die es Dritten erm\u00f6glichen, Inhalte auf der LA BELLA VITA REAL ESTATE Website unabh\u00e4ngig zu ver\u00f6ffentlichen.<\/p>\n\n<p>In \u00dcbereinstimmung mit der LSSI steht La Bella Vita Real Estate jedoch allen Nutzern, Beh\u00f6rden und Sicherheitskr\u00e4ften zur Verf\u00fcgung und beteiligt sich aktiv an der Entfernung oder Sperrung von Inhalten, die nationales oder internationales Recht, die Rechte Dritter, die Moral oder die \u00f6ffentliche Ordnung sch\u00e4digen oder verletzen k\u00f6nnten. Wenn ein Benutzer der Ansicht ist, dass Inhalte auf der Website unter diese Klassifizierung fallen, benachrichtigen Sie bitte LA BELLA VITA REAL ESTATE.<\/p>\n\n<p><\/p>\n\n<h2 class=\"wp-block-heading\">Links oder Hyperlinks<\/h2>\n\n<p>Die Website kann Hyperlinks zu Inhalten auf Websites Dritter enthalten. Das Ziel dieser Links ist es, es Ihnen zu erleichtern, Materialien im Internet zu finden, die f\u00fcr Sie von Interesse sein k\u00f6nnten. Diese Seiten geh\u00f6ren jedoch nicht zu LA BELLA VITA REAL ESTATE und \u00fcberpr\u00fcfen deren Inhalt nicht. Infolgedessen \u00fcbernimmt LA BELLA VITA REAL ESTATE keine Verantwortung f\u00fcr die Inhalte, Informationen oder Dienstleistungen, die auf diesen Websites erscheinen k\u00f6nnen, die ausschlie\u00dflich informativ sind und keine Beziehung zwischen LA BELLA VITA REAL ESTATE und den nat\u00fcrlichen oder juristischen Personen, die solche Inhalte besitzen, oder den Eigent\u00fcmern der Websites, auf denen sie sich befinden, implizieren. LA BELLA VITA REAL ESTATE \u00fcbernimmt keine Verantwortung f\u00fcr die Funktionalit\u00e4t der verlinkten Seite oder f\u00fcr m\u00f6gliche Sch\u00e4den, die sich aus dem Zugriff oder der Nutzung ergeben k\u00f6nnen.<\/p>\n\n<p>Folgende Bedingungen m\u00fcssen bei der Verlinkung auf die Website von LA BELLA VITA REAL ESTATE beachtet werden:<\/p>\n\n<p>1. Die Bildung der Verbindung impliziert keine Art von Vereinbarung, Vertrag, Sponsoring oder Empfehlung der Seite, die den Link von LA BELLA VITA REAL ESTATE macht.<\/p>\n\n<p>2. Die Webseite, auf der der Hyperlink eingerichtet ist, enth\u00e4lt weder illegales, diskriminierendes, im Widerspruch zu allgemein anerkannten ethischen Grunds\u00e4tzen oder gegen die \u00f6ffentliche Ordnung versto\u00dfendes Material noch Informationen, die die Rechte Dritter verletzen.<\/p>\n\n<p>3. LA BELLA VITA REAL ESTATE kann ohne Angabe von Gr\u00fcnden die Entfernung eines Links zu ihrer Website verlangen. In diesem Fall muss die Seite, die den Link erstellt hat, unverz\u00fcglich entfernt werden, sobald LA BELLA VITA REAL ESTATE die Benachrichtigung erh\u00e4lt.<\/p>\n\n<p>4. LA BELLA VITA REAL ESTATE \u00fcbernimmt keine Verantwortung f\u00fcr die Qualit\u00e4t, Genauigkeit, Vertrauensw\u00fcrdigkeit, Richtigkeit oder Moral der Informationen oder Dienstleistungen, die durch die Erstellung des Hyperlinks bereitgestellt werden. Alle Auswirkungen, Sch\u00e4den oder Handlungen, die sich aus dem Zugriff auf die verlinkte Website ergeben, liegen ausschlie\u00dflich in der Verantwortung des Benutzers.<\/p>\n\n<p><\/p>\n\n<h2 class=\"wp-block-heading\">Schutz personenbezogener Daten<\/h2>\n\n<p>LA BELLA VITA REAL ESTATE ist fest entschlossen, die Datenschutzbestimmungen einzuhalten und gew\u00e4hrleistet die vollst\u00e4ndige Einhaltung der festgelegten Pflichten sowie die Durchf\u00fchrung der erforderlichen Sicherheitsma\u00dfnahmen, um ein Sicherheitsniveau zu gew\u00e4hrleisten, das dem Risiko angemessen ist.<\/p>\n\n<p>LA BELLA VITA REAL ESTATE stellt den Nutzern ihre Datenschutzerkl\u00e4rung \u00fcber das Webformular unter labellavitarealestate.com zur Verf\u00fcgung und stellt weitere Informationen zur Datenverarbeitung zur Verf\u00fcgung.<\/p>\n","protected":false},"excerpt":{"rendered":"<p>Rechtliche Hinweise In \u00dcbereinstimmung mit dem Gesetz 34\/2002 vom 11. Juli \u00fcber Dienste der Informationsgesellschaft und den elektronischen Gesch\u00e4ftsverkehr (LSSI) informieren wir Sie dar\u00fcber, dass: LA BELLA VITA REAL ESTATE seine Adresse ist C\/ Medico Basilio Paredes 17, Cp: 03140 de Guardamar del Segura (Alicante). Kontaktdaten: Telefon: 634 127 186 E-Mail: labellavitarealestate@gmail.com Allgemeine Nutzungsbedingungen der [&hellip;]<\/p>\n","protected":false},"author":2,"featured_media":0,"parent":0,"menu_order":0,"comment_status":"closed","ping_status":"closed","template":"","meta":{"footnotes":""},"class_list":["post-24596","page","type-page","status-publish","hentry"],"yoast_head":"<!-- This site is optimized with the Yoast SEO plugin v27.3 - https:\/\/yoast.com\/product\/yoast-seo-wordpress\/ -->\n<title>Allgemeine Gesch\u00e4ftsbedingungen (AGB) | LA BELLA VITA Real Estate<\/title>\n<meta name=\"robots\" content=\"index, follow, max-snippet:-1, max-image-preview:large, max-video-preview:-1\" \/>\n<link rel=\"canonical\" href=\"https:\/\/labellavitarealestate.com\/de\/allgemeine-geschaeftsbedingungen-agb\/\" \/>\n<meta property=\"og:locale\" content=\"de_DE\" \/>\n<meta property=\"og:type\" content=\"article\" \/>\n<meta property=\"og:title\" content=\"Allgemeine Gesch\u00e4ftsbedingungen (AGB) | LA BELLA VITA Real Estate\" \/>\n<meta property=\"og:description\" content=\"Rechtliche Hinweise In \u00dcbereinstimmung mit dem Gesetz 34\/2002 vom 11. Juli \u00fcber Dienste der Informationsgesellschaft und den elektronischen Gesch\u00e4ftsverkehr (LSSI) informieren wir Sie dar\u00fcber, dass: LA BELLA VITA REAL ESTATE seine Adresse ist C\/ Medico Basilio Paredes 17, Cp: 03140 de Guardamar del Segura (Alicante). Kontaktdaten: Telefon: 634 127 186 E-Mail: labellavitarealestate@gmail.com Allgemeine Nutzungsbedingungen der [&hellip;]\" \/>\n<meta property=\"og:url\" content=\"https:\/\/labellavitarealestate.com\/de\/allgemeine-geschaeftsbedingungen-agb\/\" \/>\n<meta property=\"og:site_name\" content=\"LA BELLA VITA Real Estate\" \/>\n<meta property=\"article:publisher\" content=\"https:\/\/www.facebook.com\/labellavitarealestate\" \/>\n<meta property=\"article:modified_time\" content=\"2022-10-13T18:10:21+00:00\" \/>\n<meta property=\"og:image\" content=\"https:\/\/labellavitarealestate.com\/wp-content\/uploads\/2023\/02\/LA-BELLA-VITA-Real-Estate-Costa-Blanca-Spain.jpg\" \/>\n\t<meta property=\"og:image:width\" content=\"1200\" \/>\n\t<meta property=\"og:image:height\" content=\"628\" \/>\n\t<meta property=\"og:image:type\" content=\"image\/jpeg\" \/>\n<meta name=\"twitter:card\" content=\"summary_large_image\" \/>\n<meta name=\"twitter:site\" content=\"@LBV_Real_Estate\" \/>\n<meta name=\"twitter:label1\" content=\"Gesch\u00e4tzte Lesezeit\" \/>\n\t<meta name=\"twitter:data1\" content=\"6\u00a0Minuten\" \/>\n<script type=\"application\/ld+json\" class=\"yoast-schema-graph\">{\"@context\":\"https:\\\/\\\/schema.org\",\"@graph\":[{\"@type\":\"WebPage\",\"@id\":\"https:\\\/\\\/labellavitarealestate.com\\\/de\\\/allgemeine-geschaeftsbedingungen-agb\\\/\",\"url\":\"https:\\\/\\\/labellavitarealestate.com\\\/de\\\/allgemeine-geschaeftsbedingungen-agb\\\/\",\"name\":\"Allgemeine Gesch\u00e4ftsbedingungen (AGB) | LA BELLA VITA Real Estate\",\"isPartOf\":{\"@id\":\"https:\\\/\\\/labellavitarealestate.com\\\/de\\\/#website\"},\"datePublished\":\"2016-03-10T18:51:46+00:00\",\"dateModified\":\"2022-10-13T18:10:21+00:00\",\"breadcrumb\":{\"@id\":\"https:\\\/\\\/labellavitarealestate.com\\\/de\\\/allgemeine-geschaeftsbedingungen-agb\\\/#breadcrumb\"},\"inLanguage\":\"de\",\"potentialAction\":[{\"@type\":\"ReadAction\",\"target\":[\"https:\\\/\\\/labellavitarealestate.com\\\/de\\\/allgemeine-geschaeftsbedingungen-agb\\\/\"]}]},{\"@type\":\"BreadcrumbList\",\"@id\":\"https:\\\/\\\/labellavitarealestate.com\\\/de\\\/allgemeine-geschaeftsbedingungen-agb\\\/#breadcrumb\",\"itemListElement\":[{\"@type\":\"ListItem\",\"position\":1,\"name\":\"Home\",\"item\":\"https:\\\/\\\/labellavitarealestate.com\\\/de\\\/\"},{\"@type\":\"ListItem\",\"position\":2,\"name\":\"Allgemeine Gesch\u00e4ftsbedingungen (AGB)\"}]},{\"@type\":\"WebSite\",\"@id\":\"https:\\\/\\\/labellavitarealestate.com\\\/de\\\/#website\",\"url\":\"https:\\\/\\\/labellavitarealestate.com\\\/de\\\/\",\"name\":\"LA BELLA VITA Real Estate in Costa Blanca, Spain\",\"description\":\"Properties for sale in Costa Blanca\",\"publisher\":{\"@id\":\"https:\\\/\\\/labellavitarealestate.com\\\/de\\\/#organization\"},\"alternateName\":\"LA BELLA VITA Real Estate\",\"potentialAction\":[{\"@type\":\"SearchAction\",\"target\":{\"@type\":\"EntryPoint\",\"urlTemplate\":\"https:\\\/\\\/labellavitarealestate.com\\\/de\\\/?s={search_term_string}\"},\"query-input\":{\"@type\":\"PropertyValueSpecification\",\"valueRequired\":true,\"valueName\":\"search_term_string\"}}],\"inLanguage\":\"de\"},{\"@type\":\"Organization\",\"@id\":\"https:\\\/\\\/labellavitarealestate.com\\\/de\\\/#organization\",\"name\":\"LA BELLA VITA Real Estate in Costa Blanca\",\"alternateName\":\"LA BELLA VITA\",\"url\":\"https:\\\/\\\/labellavitarealestate.com\\\/de\\\/\",\"logo\":{\"@type\":\"ImageObject\",\"inLanguage\":\"de\",\"@id\":\"https:\\\/\\\/labellavitarealestate.com\\\/de\\\/#\\\/schema\\\/logo\\\/image\\\/\",\"url\":\"https:\\\/\\\/labellavitarealestate.com\\\/wp-content\\\/uploads\\\/2021\\\/12\\\/la-bella-vita-logotype-gold.svg\",\"contentUrl\":\"https:\\\/\\\/labellavitarealestate.com\\\/wp-content\\\/uploads\\\/2021\\\/12\\\/la-bella-vita-logotype-gold.svg\",\"width\":366,\"height\":71,\"caption\":\"LA BELLA VITA Real Estate in Costa Blanca\"},\"image\":{\"@id\":\"https:\\\/\\\/labellavitarealestate.com\\\/de\\\/#\\\/schema\\\/logo\\\/image\\\/\"},\"sameAs\":[\"https:\\\/\\\/www.facebook.com\\\/labellavitarealestate\",\"https:\\\/\\\/x.com\\\/LBV_Real_Estate\",\"https:\\\/\\\/www.instagram.com\\\/labellavita_real_estate\\\/\",\"https:\\\/\\\/www.linkedin.com\\\/in\\\/labellavitarealestate\\\/\",\"https:\\\/\\\/www.pinterest.es\\\/labellavitarealestate\\\/_saved\\\/\",\"https:\\\/\\\/www.youtube.com\\\/channel\\\/UCP6t8aNDgIarJyJYgFZ4XTA\"]}]}<\/script>\n<!-- \/ Yoast SEO plugin. -->","yoast_head_json":{"title":"Allgemeine Gesch\u00e4ftsbedingungen (AGB) | LA BELLA VITA Real Estate","robots":{"index":"index","follow":"follow","max-snippet":"max-snippet:-1","max-image-preview":"max-image-preview:large","max-video-preview":"max-video-preview:-1"},"canonical":"https:\/\/labellavitarealestate.com\/de\/allgemeine-geschaeftsbedingungen-agb\/","og_locale":"de_DE","og_type":"article","og_title":"Allgemeine Gesch\u00e4ftsbedingungen (AGB) | LA BELLA VITA Real Estate","og_description":"Rechtliche Hinweise In \u00dcbereinstimmung mit dem Gesetz 34\/2002 vom 11. Juli \u00fcber Dienste der Informationsgesellschaft und den elektronischen Gesch\u00e4ftsverkehr (LSSI) informieren wir Sie dar\u00fcber, dass: LA BELLA VITA REAL ESTATE seine Adresse ist C\/ Medico Basilio Paredes 17, Cp: 03140 de Guardamar del Segura (Alicante). Kontaktdaten: Telefon: 634 127 186 E-Mail: labellavitarealestate@gmail.com Allgemeine Nutzungsbedingungen der [&hellip;]","og_url":"https:\/\/labellavitarealestate.com\/de\/allgemeine-geschaeftsbedingungen-agb\/","og_site_name":"LA BELLA VITA Real Estate","article_publisher":"https:\/\/www.facebook.com\/labellavitarealestate","article_modified_time":"2022-10-13T18:10:21+00:00","og_image":[{"width":1200,"height":628,"url":"https:\/\/labellavitarealestate.com\/wp-content\/uploads\/2023\/02\/LA-BELLA-VITA-Real-Estate-Costa-Blanca-Spain.jpg","type":"image\/jpeg"}],"twitter_card":"summary_large_image","twitter_site":"@LBV_Real_Estate","twitter_misc":{"Gesch\u00e4tzte Lesezeit":"6\u00a0Minuten"},"schema":{"@context":"https:\/\/schema.org","@graph":[{"@type":"WebPage","@id":"https:\/\/labellavitarealestate.com\/de\/allgemeine-geschaeftsbedingungen-agb\/","url":"https:\/\/labellavitarealestate.com\/de\/allgemeine-geschaeftsbedingungen-agb\/","name":"Allgemeine Gesch\u00e4ftsbedingungen (AGB) | LA BELLA VITA Real Estate","isPartOf":{"@id":"https:\/\/labellavitarealestate.com\/de\/#website"},"datePublished":"2016-03-10T18:51:46+00:00","dateModified":"2022-10-13T18:10:21+00:00","breadcrumb":{"@id":"https:\/\/labellavitarealestate.com\/de\/allgemeine-geschaeftsbedingungen-agb\/#breadcrumb"},"inLanguage":"de","potentialAction":[{"@type":"ReadAction","target":["https:\/\/labellavitarealestate.com\/de\/allgemeine-geschaeftsbedingungen-agb\/"]}]},{"@type":"BreadcrumbList","@id":"https:\/\/labellavitarealestate.com\/de\/allgemeine-geschaeftsbedingungen-agb\/#breadcrumb","itemListElement":[{"@type":"ListItem","position":1,"name":"Home","item":"https:\/\/labellavitarealestate.com\/de\/"},{"@type":"ListItem","position":2,"name":"Allgemeine Gesch\u00e4ftsbedingungen (AGB)"}]},{"@type":"WebSite","@id":"https:\/\/labellavitarealestate.com\/de\/#website","url":"https:\/\/labellavitarealestate.com\/de\/","name":"LA BELLA VITA Real Estate in Costa Blanca, Spain","description":"Properties for sale in Costa Blanca","publisher":{"@id":"https:\/\/labellavitarealestate.com\/de\/#organization"},"alternateName":"LA BELLA VITA Real Estate","potentialAction":[{"@type":"SearchAction","target":{"@type":"EntryPoint","urlTemplate":"https:\/\/labellavitarealestate.com\/de\/?s={search_term_string}"},"query-input":{"@type":"PropertyValueSpecification","valueRequired":true,"valueName":"search_term_string"}}],"inLanguage":"de"},{"@type":"Organization","@id":"https:\/\/labellavitarealestate.com\/de\/#organization","name":"LA BELLA VITA Real Estate in Costa Blanca","alternateName":"LA BELLA VITA","url":"https:\/\/labellavitarealestate.com\/de\/","logo":{"@type":"ImageObject","inLanguage":"de","@id":"https:\/\/labellavitarealestate.com\/de\/#\/schema\/logo\/image\/","url":"https:\/\/labellavitarealestate.com\/wp-content\/uploads\/2021\/12\/la-bella-vita-logotype-gold.svg","contentUrl":"https:\/\/labellavitarealestate.com\/wp-content\/uploads\/2021\/12\/la-bella-vita-logotype-gold.svg","width":366,"height":71,"caption":"LA BELLA VITA Real Estate in Costa Blanca"},"image":{"@id":"https:\/\/labellavitarealestate.com\/de\/#\/schema\/logo\/image\/"},"sameAs":["https:\/\/www.facebook.com\/labellavitarealestate","https:\/\/x.com\/LBV_Real_Estate","https:\/\/www.instagram.com\/labellavita_real_estate\/","https:\/\/www.linkedin.com\/in\/labellavitarealestate\/","https:\/\/www.pinterest.es\/labellavitarealestate\/_saved\/","https:\/\/www.youtube.com\/channel\/UCP6t8aNDgIarJyJYgFZ4XTA"]}]}},"_links":{"self":[{"href":"https:\/\/labellavitarealestate.com\/de\/wp-json\/wp\/v2\/pages\/24596","targetHints":{"allow":["GET"]}}],"collection":[{"href":"https:\/\/labellavitarealestate.com\/de\/wp-json\/wp\/v2\/pages"}],"about":[{"href":"https:\/\/labellavitarealestate.com\/de\/wp-json\/wp\/v2\/types\/page"}],"author":[{"embeddable":true,"href":"https:\/\/labellavitarealestate.com\/de\/wp-json\/wp\/v2\/users\/2"}],"replies":[{"embeddable":true,"href":"https:\/\/labellavitarealestate.com\/de\/wp-json\/wp\/v2\/comments?post=24596"}],"version-history":[{"count":0,"href":"https:\/\/labellavitarealestate.com\/de\/wp-json\/wp\/v2\/pages\/24596\/revisions"}],"wp:attachment":[{"href":"https:\/\/labellavitarealestate.com\/de\/wp-json\/wp\/v2\/media?parent=24596"}],"curies":[{"name":"wp","href":"https:\/\/api.w.org\/{rel}","templated":true}]}}