{"id":160111,"date":"2025-06-08T20:00:44","date_gmt":"2025-06-08T19:00:44","guid":{"rendered":"https:\/\/labellavitarealestate.com\/search-properties\/"},"modified":"2025-06-09T13:45:09","modified_gmt":"2025-06-09T12:45:09","slug":"search-properties","status":"publish","type":"page","link":"https:\/\/labellavitarealestate.com\/es\/search-properties\/","title":{"rendered":"Buscar Propiedades en venta en Costa Blanca y Costa C\u00e1lida | La selecci\u00f3n m\u00e1s completa de nuevas construcciones y reventas modernas"},"content":{"rendered":"\n<h2 class=\"wp-block-heading\">Buscar Propiedades en venta en Costa Blanca y Costa C\u00e1lida | La selecci\u00f3n m\u00e1s completa de nuevas construcciones y reventas modernas<\/h2>\n\n<p>Bienvenido a la b\u00fasqueda de propiedades m\u00e1s refinada para <strong>la Costa Blanca<\/strong> y <strong>la Costa C\u00e1lida<\/strong>. En LA BELLA VITA Real Estate, nos especializamos en <strong>casas de nueva construcci\u00f3n<\/strong> seleccionadas y <strong>reventas modernas<\/strong> seleccionadas, propiedades elegidas por su dise\u00f1o, calidad y ubicaci\u00f3n. Ya sea que est\u00e9 buscando una <strong>propiedad frente al golf<\/strong>, un <strong>elegante apartamento con vistas al mar<\/strong> o una <strong>casa familiar contempor\u00e1nea con potencial de alquiler<\/strong>, este es el lugar adecuado para comenzar.  <\/p>\n\n<p>Nuestro portafolio incluye <strong>la selecci\u00f3n m\u00e1s completa y actualizada<\/strong> en ambas costas, pero no todas las propiedades se publican en l\u00ednea. Muchas de las mejores oportunidades se comparten en privado con nuestros clientes en funci\u00f3n de sus necesidades exactas. Por eso <strong>te recomendamos que te pongas en contacto con nosotros directamente<\/strong> : realizamos <strong>b\u00fasquedas de propiedades personalizadas<\/strong> que se adaptan a tu estilo de vida, preferencias y objetivos de inversi\u00f3n.  <\/p>\n\n<p>Utilice los filtros para refinar su b\u00fasqueda por \u00e1rea, precio, n\u00famero de habitaciones, caracter\u00edsticas como <strong>piscina privada<\/strong> o <strong>sol\u00e1rium<\/strong>, o <strong>proximidad a campos de golf y playas<\/strong>.<\/p>\n\n<p><strong>\ud83e\udd1d \u00bfPor qu\u00e9 elegir LA BELLA VITA?<\/strong><\/p>\n\n<ul class=\"wp-block-list\">\n<li><strong>Libre de comisiones<\/strong>: Nuestro servicio es completamente gratuito para los compradores, con asesoramiento experto, atenci\u00f3n personalizada y sin comisiones por su parte.<\/li>\n\n\n\n<li><strong>Solo listados seleccionados<\/strong>: no hay propiedades obsoletas o irrelevantes. Solo calidad en la que puede confiar. <\/li>\n\n\n\n<li><strong>Orientaci\u00f3n personal<\/strong>: Soporte claro y honesto adaptado a sus necesidades.<\/li>\n\n\n\n<li><strong>Experiencia local<\/strong>: Profundo conocimiento de la Costa Blanca, la Costa C\u00e1lida y todos los promotores con los que trabajamos.<\/li>\n\n\n\n<li><strong>Asistencia integral<\/strong>: Orientaci\u00f3n legal, fiscal, hipotecaria y de alquiler: estamos con usted en cada paso del camino.<\/li>\n\n\n\n<li><strong>Oportunidades discretas disponibles<\/strong>: Algunas propiedades premium nunca se publican en l\u00ednea, preg\u00fantenos directamente.<\/li>\n<\/ul>\n\n<p>Esto es m\u00e1s que una simple p\u00e1gina de b\u00fasqueda. Es su punto de partida para una mudanza segura a la costa mediterr\u00e1nea de Espa\u00f1a <strong>, con claridad, confianza y estilo.<\/strong> <\/p>\n","protected":false},"excerpt":{"rendered":"<p>Buscar Propiedades en venta en Costa Blanca y Costa C\u00e1lida | La selecci\u00f3n m\u00e1s completa de nuevas construcciones y reventas modernas Bienvenido a la b\u00fasqueda de propiedades m\u00e1s refinada para la Costa Blanca y la Costa C\u00e1lida. En LA BELLA VITA Real Estate, nos especializamos en casas de nueva construcci\u00f3n seleccionadas y reventas modernas seleccionadas, [&hellip;]<\/p>\n","protected":false},"author":5,"featured_media":155589,"parent":0,"menu_order":0,"comment_status":"closed","ping_status":"closed","template":"template\/template-search.php","meta":{"footnotes":""},"class_list":["post-160111","page","type-page","status-publish","has-post-thumbnail","hentry"],"yoast_head":"<!-- This site is optimized with the Yoast SEO plugin v27.3 - https:\/\/yoast.com\/product\/yoast-seo-wordpress\/ -->\n<title>Buscar propiedades en venta en Costa Blanca y Costa C\u00e1lida<\/title>\n<meta name=\"robots\" content=\"index, follow, max-snippet:-1, max-image-preview:large, max-video-preview:-1\" \/>\n<link rel=\"canonical\" href=\"https:\/\/labellavitarealestate.com\/es\/search-properties\/\" \/>\n<meta property=\"og:locale\" content=\"es_ES\" \/>\n<meta property=\"og:type\" content=\"article\" \/>\n<meta property=\"og:title\" content=\"Buscar propiedades en venta en Costa Blanca y Costa C\u00e1lida\" \/>\n<meta property=\"og:description\" content=\"Buscar Propiedades en venta en Costa Blanca y Costa C\u00e1lida | La selecci\u00f3n m\u00e1s completa de nuevas construcciones y reventas modernas Bienvenido a la b\u00fasqueda de propiedades m\u00e1s refinada para la Costa Blanca y la Costa C\u00e1lida. En LA BELLA VITA Real Estate, nos especializamos en casas de nueva construcci\u00f3n seleccionadas y reventas modernas seleccionadas, [&hellip;]\" \/>\n<meta property=\"og:url\" content=\"https:\/\/labellavitarealestate.com\/es\/search-properties\/\" \/>\n<meta property=\"og:site_name\" content=\"LA BELLA VITA Real Estate\" \/>\n<meta property=\"article:publisher\" content=\"https:\/\/www.facebook.com\/labellavitarealestate\" \/>\n<meta property=\"article:modified_time\" content=\"2025-06-09T12:45:09+00:00\" \/>\n<meta property=\"og:image\" content=\"https:\/\/labellavitarealestate.com\/wp-content\/uploads\/2025\/04\/Excellent-New-Build-Luxury-Properties-for-sale-in-Polop-Alicante-04.jpg\" \/>\n\t<meta property=\"og:image:width\" content=\"1170\" \/>\n\t<meta property=\"og:image:height\" content=\"781\" \/>\n\t<meta property=\"og:image:type\" content=\"image\/jpeg\" \/>\n<meta name=\"twitter:card\" content=\"summary_large_image\" \/>\n<meta name=\"twitter:site\" content=\"@LBV_Real_Estate\" \/>\n<meta name=\"twitter:label1\" content=\"Tiempo de lectura\" \/>\n\t<meta name=\"twitter:data1\" content=\"2 minutos\" \/>\n<script type=\"application\/ld+json\" class=\"yoast-schema-graph\">{\"@context\":\"https:\\\/\\\/schema.org\",\"@graph\":[{\"@type\":\"WebPage\",\"@id\":\"https:\\\/\\\/labellavitarealestate.com\\\/es\\\/search-properties\\\/\",\"url\":\"https:\\\/\\\/labellavitarealestate.com\\\/es\\\/search-properties\\\/\",\"name\":\"Buscar propiedades en venta en Costa Blanca y Costa C\u00e1lida\",\"isPartOf\":{\"@id\":\"https:\\\/\\\/labellavitarealestate.com\\\/es\\\/#website\"},\"primaryImageOfPage\":{\"@id\":\"https:\\\/\\\/labellavitarealestate.com\\\/es\\\/search-properties\\\/#primaryimage\"},\"image\":{\"@id\":\"https:\\\/\\\/labellavitarealestate.com\\\/es\\\/search-properties\\\/#primaryimage\"},\"thumbnailUrl\":\"https:\\\/\\\/labellavitarealestate.com\\\/wp-content\\\/uploads\\\/2025\\\/04\\\/Excellent-New-Build-Luxury-Properties-for-sale-in-Polop-Alicante-04.jpg\",\"datePublished\":\"2025-06-08T19:00:44+00:00\",\"dateModified\":\"2025-06-09T12:45:09+00:00\",\"breadcrumb\":{\"@id\":\"https:\\\/\\\/labellavitarealestate.com\\\/es\\\/search-properties\\\/#breadcrumb\"},\"inLanguage\":\"es\",\"potentialAction\":[{\"@type\":\"ReadAction\",\"target\":[\"https:\\\/\\\/labellavitarealestate.com\\\/es\\\/search-properties\\\/\"]}]},{\"@type\":\"ImageObject\",\"inLanguage\":\"es\",\"@id\":\"https:\\\/\\\/labellavitarealestate.com\\\/es\\\/search-properties\\\/#primaryimage\",\"url\":\"https:\\\/\\\/labellavitarealestate.com\\\/wp-content\\\/uploads\\\/2025\\\/04\\\/Excellent-New-Build-Luxury-Properties-for-sale-in-Polop-Alicante-04.jpg\",\"contentUrl\":\"https:\\\/\\\/labellavitarealestate.com\\\/wp-content\\\/uploads\\\/2025\\\/04\\\/Excellent-New-Build-Luxury-Properties-for-sale-in-Polop-Alicante-04.jpg\",\"width\":1170,\"height\":781,\"caption\":\"Stunning New Build Luxury Properties with private pool, garage and basement for sale in Polop, Alicante\"},{\"@type\":\"BreadcrumbList\",\"@id\":\"https:\\\/\\\/labellavitarealestate.com\\\/es\\\/search-properties\\\/#breadcrumb\",\"itemListElement\":[{\"@type\":\"ListItem\",\"position\":1,\"name\":\"Home\",\"item\":\"https:\\\/\\\/labellavitarealestate.com\\\/es\\\/\"},{\"@type\":\"ListItem\",\"position\":2,\"name\":\"Buscar Propiedades en venta en Costa Blanca y Costa C\u00e1lida | La selecci\u00f3n m\u00e1s completa de nuevas construcciones y reventas modernas\"}]},{\"@type\":\"WebSite\",\"@id\":\"https:\\\/\\\/labellavitarealestate.com\\\/es\\\/#website\",\"url\":\"https:\\\/\\\/labellavitarealestate.com\\\/es\\\/\",\"name\":\"LA BELLA VITA Real Estate in Costa Blanca, Spain\",\"description\":\"Properties for sale in Costa Blanca\",\"publisher\":{\"@id\":\"https:\\\/\\\/labellavitarealestate.com\\\/es\\\/#organization\"},\"alternateName\":\"LA BELLA VITA Real Estate\",\"potentialAction\":[{\"@type\":\"SearchAction\",\"target\":{\"@type\":\"EntryPoint\",\"urlTemplate\":\"https:\\\/\\\/labellavitarealestate.com\\\/es\\\/?s={search_term_string}\"},\"query-input\":{\"@type\":\"PropertyValueSpecification\",\"valueRequired\":true,\"valueName\":\"search_term_string\"}}],\"inLanguage\":\"es\"},{\"@type\":\"Organization\",\"@id\":\"https:\\\/\\\/labellavitarealestate.com\\\/es\\\/#organization\",\"name\":\"LA BELLA VITA Real Estate in Costa Blanca\",\"alternateName\":\"LA BELLA VITA\",\"url\":\"https:\\\/\\\/labellavitarealestate.com\\\/es\\\/\",\"logo\":{\"@type\":\"ImageObject\",\"inLanguage\":\"es\",\"@id\":\"https:\\\/\\\/labellavitarealestate.com\\\/es\\\/#\\\/schema\\\/logo\\\/image\\\/\",\"url\":\"https:\\\/\\\/labellavitarealestate.com\\\/wp-content\\\/uploads\\\/2021\\\/12\\\/la-bella-vita-logotype-gold.svg\",\"contentUrl\":\"https:\\\/\\\/labellavitarealestate.com\\\/wp-content\\\/uploads\\\/2021\\\/12\\\/la-bella-vita-logotype-gold.svg\",\"width\":366,\"height\":71,\"caption\":\"LA BELLA VITA Real Estate in Costa Blanca\"},\"image\":{\"@id\":\"https:\\\/\\\/labellavitarealestate.com\\\/es\\\/#\\\/schema\\\/logo\\\/image\\\/\"},\"sameAs\":[\"https:\\\/\\\/www.facebook.com\\\/labellavitarealestate\",\"https:\\\/\\\/x.com\\\/LBV_Real_Estate\",\"https:\\\/\\\/www.instagram.com\\\/labellavita_real_estate\\\/\",\"https:\\\/\\\/www.linkedin.com\\\/in\\\/labellavitarealestate\\\/\",\"https:\\\/\\\/www.pinterest.es\\\/labellavitarealestate\\\/_saved\\\/\",\"https:\\\/\\\/www.youtube.com\\\/channel\\\/UCP6t8aNDgIarJyJYgFZ4XTA\"]}]}<\/script>\n<!-- \/ Yoast SEO plugin. -->","yoast_head_json":{"title":"Buscar propiedades en venta en Costa Blanca y Costa C\u00e1lida","robots":{"index":"index","follow":"follow","max-snippet":"max-snippet:-1","max-image-preview":"max-image-preview:large","max-video-preview":"max-video-preview:-1"},"canonical":"https:\/\/labellavitarealestate.com\/es\/search-properties\/","og_locale":"es_ES","og_type":"article","og_title":"Buscar propiedades en venta en Costa Blanca y Costa C\u00e1lida","og_description":"Buscar Propiedades en venta en Costa Blanca y Costa C\u00e1lida | La selecci\u00f3n m\u00e1s completa de nuevas construcciones y reventas modernas Bienvenido a la b\u00fasqueda de propiedades m\u00e1s refinada para la Costa Blanca y la Costa C\u00e1lida. En LA BELLA VITA Real Estate, nos especializamos en casas de nueva construcci\u00f3n seleccionadas y reventas modernas seleccionadas, [&hellip;]","og_url":"https:\/\/labellavitarealestate.com\/es\/search-properties\/","og_site_name":"LA BELLA VITA Real Estate","article_publisher":"https:\/\/www.facebook.com\/labellavitarealestate","article_modified_time":"2025-06-09T12:45:09+00:00","og_image":[{"width":1170,"height":781,"url":"https:\/\/labellavitarealestate.com\/wp-content\/uploads\/2025\/04\/Excellent-New-Build-Luxury-Properties-for-sale-in-Polop-Alicante-04.jpg","type":"image\/jpeg"}],"twitter_card":"summary_large_image","twitter_site":"@LBV_Real_Estate","twitter_misc":{"Tiempo de lectura":"2 minutos"},"schema":{"@context":"https:\/\/schema.org","@graph":[{"@type":"WebPage","@id":"https:\/\/labellavitarealestate.com\/es\/search-properties\/","url":"https:\/\/labellavitarealestate.com\/es\/search-properties\/","name":"Buscar propiedades en venta en Costa Blanca y Costa C\u00e1lida","isPartOf":{"@id":"https:\/\/labellavitarealestate.com\/es\/#website"},"primaryImageOfPage":{"@id":"https:\/\/labellavitarealestate.com\/es\/search-properties\/#primaryimage"},"image":{"@id":"https:\/\/labellavitarealestate.com\/es\/search-properties\/#primaryimage"},"thumbnailUrl":"https:\/\/labellavitarealestate.com\/wp-content\/uploads\/2025\/04\/Excellent-New-Build-Luxury-Properties-for-sale-in-Polop-Alicante-04.jpg","datePublished":"2025-06-08T19:00:44+00:00","dateModified":"2025-06-09T12:45:09+00:00","breadcrumb":{"@id":"https:\/\/labellavitarealestate.com\/es\/search-properties\/#breadcrumb"},"inLanguage":"es","potentialAction":[{"@type":"ReadAction","target":["https:\/\/labellavitarealestate.com\/es\/search-properties\/"]}]},{"@type":"ImageObject","inLanguage":"es","@id":"https:\/\/labellavitarealestate.com\/es\/search-properties\/#primaryimage","url":"https:\/\/labellavitarealestate.com\/wp-content\/uploads\/2025\/04\/Excellent-New-Build-Luxury-Properties-for-sale-in-Polop-Alicante-04.jpg","contentUrl":"https:\/\/labellavitarealestate.com\/wp-content\/uploads\/2025\/04\/Excellent-New-Build-Luxury-Properties-for-sale-in-Polop-Alicante-04.jpg","width":1170,"height":781,"caption":"Stunning New Build Luxury Properties with private pool, garage and basement for sale in Polop, Alicante"},{"@type":"BreadcrumbList","@id":"https:\/\/labellavitarealestate.com\/es\/search-properties\/#breadcrumb","itemListElement":[{"@type":"ListItem","position":1,"name":"Home","item":"https:\/\/labellavitarealestate.com\/es\/"},{"@type":"ListItem","position":2,"name":"Buscar Propiedades en venta en Costa Blanca y Costa C\u00e1lida | La selecci\u00f3n m\u00e1s completa de nuevas construcciones y reventas modernas"}]},{"@type":"WebSite","@id":"https:\/\/labellavitarealestate.com\/es\/#website","url":"https:\/\/labellavitarealestate.com\/es\/","name":"LA BELLA VITA Real Estate in Costa Blanca, Spain","description":"Properties for sale in Costa Blanca","publisher":{"@id":"https:\/\/labellavitarealestate.com\/es\/#organization"},"alternateName":"LA BELLA VITA Real Estate","potentialAction":[{"@type":"SearchAction","target":{"@type":"EntryPoint","urlTemplate":"https:\/\/labellavitarealestate.com\/es\/?s={search_term_string}"},"query-input":{"@type":"PropertyValueSpecification","valueRequired":true,"valueName":"search_term_string"}}],"inLanguage":"es"},{"@type":"Organization","@id":"https:\/\/labellavitarealestate.com\/es\/#organization","name":"LA BELLA VITA Real Estate in Costa Blanca","alternateName":"LA BELLA VITA","url":"https:\/\/labellavitarealestate.com\/es\/","logo":{"@type":"ImageObject","inLanguage":"es","@id":"https:\/\/labellavitarealestate.com\/es\/#\/schema\/logo\/image\/","url":"https:\/\/labellavitarealestate.com\/wp-content\/uploads\/2021\/12\/la-bella-vita-logotype-gold.svg","contentUrl":"https:\/\/labellavitarealestate.com\/wp-content\/uploads\/2021\/12\/la-bella-vita-logotype-gold.svg","width":366,"height":71,"caption":"LA BELLA VITA Real Estate in Costa Blanca"},"image":{"@id":"https:\/\/labellavitarealestate.com\/es\/#\/schema\/logo\/image\/"},"sameAs":["https:\/\/www.facebook.com\/labellavitarealestate","https:\/\/x.com\/LBV_Real_Estate","https:\/\/www.instagram.com\/labellavita_real_estate\/","https:\/\/www.linkedin.com\/in\/labellavitarealestate\/","https:\/\/www.pinterest.es\/labellavitarealestate\/_saved\/","https:\/\/www.youtube.com\/channel\/UCP6t8aNDgIarJyJYgFZ4XTA"]}]}},"_links":{"self":[{"href":"https:\/\/labellavitarealestate.com\/es\/wp-json\/wp\/v2\/pages\/160111","targetHints":{"allow":["GET"]}}],"collection":[{"href":"https:\/\/labellavitarealestate.com\/es\/wp-json\/wp\/v2\/pages"}],"about":[{"href":"https:\/\/labellavitarealestate.com\/es\/wp-json\/wp\/v2\/types\/page"}],"author":[{"embeddable":true,"href":"https:\/\/labellavitarealestate.com\/es\/wp-json\/wp\/v2\/users\/5"}],"replies":[{"embeddable":true,"href":"https:\/\/labellavitarealestate.com\/es\/wp-json\/wp\/v2\/comments?post=160111"}],"version-history":[{"count":0,"href":"https:\/\/labellavitarealestate.com\/es\/wp-json\/wp\/v2\/pages\/160111\/revisions"}],"wp:featuredmedia":[{"embeddable":true,"href":"https:\/\/labellavitarealestate.com\/es\/wp-json\/wp\/v2\/media\/155589"}],"wp:attachment":[{"href":"https:\/\/labellavitarealestate.com\/es\/wp-json\/wp\/v2\/media?parent=160111"}],"curies":[{"name":"wp","href":"https:\/\/api.w.org\/{rel}","templated":true}]}}