{"id":23928,"date":"2016-06-10T16:14:29","date_gmt":"2016-06-10T15:14:29","guid":{"rendered":"https:\/\/labellavitarealestate.com\/resultados-de-busqueda\/"},"modified":"2022-10-13T18:09:03","modified_gmt":"2022-10-13T18:09:03","slug":"resultados-de-busqueda","status":"publish","type":"page","link":"https:\/\/labellavitarealestate.com\/es\/resultados-de-busqueda\/","title":{"rendered":"Buscar Propiedades en venta en Costa Blanca, Espa\u00f1a"},"content":{"rendered":"\n<h2 class=\"wp-block-heading\">Buscar Propiedades en Venta en Costa Blanca, Espa\u00f1a<\/h2>\n\n<h5 class=\"wp-block-heading\"><strong><a href=\"https:\/\/labellavitarealestate.com\/es\/resultados-de-busqueda\/?type%5B%5D=townhouses\">Casas adosadas<\/a> <\/strong>| <strong><a href=\"https:\/\/labellavitarealestate.com\/es\/resultados-de-busqueda\/?type%5B%5D=semi-detached\">| pareado<\/a> <\/strong> <strong>\n  <a href=\"https:\/\/labellavitarealestate.com\/es\/resultados-de-busqueda\/?type%5B%5D=villas\">Villas<\/a>\n<\/strong><\/h5>\n\n<h6 class=\"wp-block-heading\"><strong> <a href=\"https:\/\/labellavitarealestate.com\/es\/resultados-de-busqueda\/?type%5B%5D=houses&#038;bedrooms=2\">2 dormitorios<\/a> | <a href=\"https:\/\/labellavitarealestate.com\/es\/resultados-de-busqueda\/?type%5B%5D=houses&#038;bedrooms=3\">3 dormitorios<\/a> | <a href=\"https:\/\/labellavitarealestate.com\/es\/resultados-de-busqueda\/?type%5B%5D=houses&#038;bedrooms=4\">4 dormitorios<\/a><\/strong><\/h6>\n\n<p>\u00a1Bienvenido a nuestra selecci\u00f3n de propiedades premium y de alta calidad en venta en el<strong> <a href=\"https:\/\/labellavitarealestate.com\/es\/area\/costa-blanca-sur\/\">sur<\/a><\/strong> y <a href=\"https:\/\/labellavitarealestate.com\/es\/area\/costa-blanca-norte\/\">\n  <strong>norte de la<\/strong>\n<\/a> Costa Blanca, Espa\u00f1a! En <strong>LA BELLA VITA Real Estate<\/strong> colaboramos y tenemos acceso a todas las promociones de la <strong>\n  <a href=\"https:\/\/labellavitarealestate.com\/es\/costa-blanca\/\">Costa Blanca<\/a>\n<\/strong>, por lo que aqu\u00ed siempre podr\u00e1s encontrar los <a href=\"https:\/\/labellavitarealestate.com\/es\/Etiqueta\/obra-nueva\/\">proyectos m\u00e1s interesantes en desarrollo<\/a>.<\/p>\n\n<p>Los destinos m\u00e1s populares para los compradores de vivienda este a\u00f1o son sin duda <strong><a href=\"https:\/\/labellavitarealestate.com\/es\/ciudad\/ciudad-quesada-es\/\">Ciudad Quesada<\/a>, <a href=\"https:\/\/labellavitarealestate.com\/es\/ciudad\/benijofar-es\/\">Benijofar<\/a>, <a href=\"https:\/\/labellavitarealestate.com\/es\/ciudad\/orihuela-costa-es\/\">Orihuela Costa, Campoamor<\/a>, <a href=\"https:\/\/labellavitarealestate.com\/es\/ciudad\/villamartin-es\/\">Villamart\u00edn<\/a>, <a href=\"https:\/\/labellavitarealestate.com\/es\/ciudad\/san-miguel-de-salinas-es\/\">San Miguel de Salinas<\/a>, <a href=\"https:\/\/labellavitarealestate.com\/es\/ciudad\/torrevieja-es\/\">Torrevieja<\/a>,<\/strong> <strong>Guardamar del Segura.<\/strong><\/p>\n\n<p>Etiquetas como <strong><a href=\"\/?property_label=junto-a-la-playa\">NEXT TO BEACH<\/a>, <a href=\"\/?property_label=junto-al-golf\">NEXT TO GOLF<\/a>, <a href=\"https:\/\/labellavitarealestate.com\/es\/Etiqueta\/vistas-al-mar\/\">SEA VIEW<\/a> <\/strong>o<strong> <a href=\"https:\/\/labellavitarealestate.com\/es\/Etiqueta\/en-la-ciudad\/\">IN THE CITY<\/a><\/strong> hacen que sea f\u00e1cil encontrar el estilo de vida con el que sue\u00f1as.<\/p>\n\n<p>Para su tranquilidad, tambi\u00e9n ofrecemos un servicio de <strong>personal shopper<\/strong> experto, en el que nos ponemos en contacto directamente con constructores, bancos y agencias para encontrar s\u00f3lo los edificios nuevos que se ajusten a sus necesidades. As\u00ed que no dude en <strong>ponerse en contacto con nosotros<\/strong> y obtener la ayuda de un experto <strong>de forma totalmente gratuita.<\/strong><\/p>\n\n<p><\/p>\n\n<p><\/p>\n\n<p><\/p>\n\n<p><\/p>\n","protected":false},"excerpt":{"rendered":"<p>Buscar Propiedades en Venta en Costa Blanca, Espa\u00f1a Casas adosadas | | pareado Villas 2 dormitorios | 3 dormitorios | 4 dormitorios \u00a1Bienvenido a nuestra selecci\u00f3n de propiedades premium y de alta calidad en venta en el sur y norte de la Costa Blanca, Espa\u00f1a! En LA BELLA VITA Real Estate colaboramos y tenemos acceso [&hellip;]<\/p>\n","protected":false},"author":2,"featured_media":84511,"parent":0,"menu_order":0,"comment_status":"closed","ping_status":"closed","template":"template\/template-search.php","meta":{"footnotes":""},"class_list":["post-23928","page","type-page","status-publish","has-post-thumbnail","hentry"],"yoast_head":"<!-- This site is optimized with the Yoast SEO plugin v27.3 - https:\/\/yoast.com\/product\/yoast-seo-wordpress\/ -->\n<title>Buscar Propiedades en venta en Costa Blanca, Espa\u00f1a | LA BELLA VITA Real Estate<\/title>\n<meta name=\"description\" content=\"Top Selecci\u00f3n de Propiedades de alta calidad en Venta en Costa Blanca, Alicante, Espa\u00f1a | Puedes elegir entre una gran variedad de apartamentos, villas...\" \/>\n<meta name=\"robots\" content=\"index, follow, max-snippet:-1, max-image-preview:large, max-video-preview:-1\" \/>\n<link rel=\"canonical\" href=\"https:\/\/labellavitarealestate.com\/es\/resultados-de-busqueda\/\" \/>\n<meta property=\"og:locale\" content=\"es_ES\" \/>\n<meta property=\"og:type\" content=\"article\" \/>\n<meta property=\"og:title\" content=\"Buscar Propiedades en venta en Costa Blanca, Espa\u00f1a | LA BELLA VITA Real Estate\" \/>\n<meta property=\"og:description\" content=\"Top Selecci\u00f3n de Propiedades de alta calidad en Venta en Costa Blanca, Alicante, Espa\u00f1a | Puedes elegir entre una gran variedad de apartamentos, villas...\" \/>\n<meta property=\"og:url\" content=\"https:\/\/labellavitarealestate.com\/es\/resultados-de-busqueda\/\" \/>\n<meta property=\"og:site_name\" content=\"LA BELLA VITA Real Estate\" \/>\n<meta property=\"article:publisher\" content=\"https:\/\/www.facebook.com\/labellavitarealestate\" \/>\n<meta property=\"article:modified_time\" content=\"2022-10-13T18:09:03+00:00\" \/>\n<meta property=\"og:image\" content=\"https:\/\/labellavitarealestate.com\/wp-content\/uploads\/2023\/09\/Brand-new-Luxury-properties-with-fantastic-views-in-Polop-Costa-Blanca-1.jpg\" \/>\n\t<meta property=\"og:image:width\" content=\"1170\" \/>\n\t<meta property=\"og:image:height\" content=\"761\" \/>\n\t<meta property=\"og:image:type\" content=\"image\/jpeg\" \/>\n<meta name=\"twitter:card\" content=\"summary_large_image\" \/>\n<meta name=\"twitter:description\" content=\"Top Selecci\u00f3n de Propiedades de alta calidad en Venta en Costa Blanca, Alicante, Espa\u00f1a | Puedes elegir entre una gran variedad de apartamentos, villas...\" \/>\n<meta name=\"twitter:site\" content=\"@LBV_Real_Estate\" \/>\n<meta name=\"twitter:label1\" content=\"Tiempo de lectura\" \/>\n\t<meta name=\"twitter:data1\" content=\"1 minuto\" \/>\n<script type=\"application\/ld+json\" class=\"yoast-schema-graph\">{\"@context\":\"https:\\\/\\\/schema.org\",\"@graph\":[{\"@type\":\"WebPage\",\"@id\":\"https:\\\/\\\/labellavitarealestate.com\\\/es\\\/resultados-de-busqueda\\\/\",\"url\":\"https:\\\/\\\/labellavitarealestate.com\\\/es\\\/resultados-de-busqueda\\\/\",\"name\":\"Buscar Propiedades en venta en Costa Blanca, Espa\u00f1a | LA BELLA VITA Real Estate\",\"isPartOf\":{\"@id\":\"https:\\\/\\\/labellavitarealestate.com\\\/es\\\/#website\"},\"primaryImageOfPage\":{\"@id\":\"https:\\\/\\\/labellavitarealestate.com\\\/es\\\/resultados-de-busqueda\\\/#primaryimage\"},\"image\":{\"@id\":\"https:\\\/\\\/labellavitarealestate.com\\\/es\\\/resultados-de-busqueda\\\/#primaryimage\"},\"thumbnailUrl\":\"https:\\\/\\\/labellavitarealestate.com\\\/wp-content\\\/uploads\\\/2023\\\/09\\\/Brand-new-Luxury-properties-with-fantastic-views-in-Polop-Costa-Blanca-1.jpg\",\"datePublished\":\"2016-06-10T15:14:29+00:00\",\"dateModified\":\"2022-10-13T18:09:03+00:00\",\"description\":\"Top Selecci\u00f3n de Propiedades de alta calidad en Venta en Costa Blanca, Alicante, Espa\u00f1a | Puedes elegir entre una gran variedad de apartamentos, villas...\",\"breadcrumb\":{\"@id\":\"https:\\\/\\\/labellavitarealestate.com\\\/es\\\/resultados-de-busqueda\\\/#breadcrumb\"},\"inLanguage\":\"es\",\"potentialAction\":[{\"@type\":\"ReadAction\",\"target\":[\"https:\\\/\\\/labellavitarealestate.com\\\/es\\\/resultados-de-busqueda\\\/\"]}]},{\"@type\":\"ImageObject\",\"inLanguage\":\"es\",\"@id\":\"https:\\\/\\\/labellavitarealestate.com\\\/es\\\/resultados-de-busqueda\\\/#primaryimage\",\"url\":\"https:\\\/\\\/labellavitarealestate.com\\\/wp-content\\\/uploads\\\/2023\\\/09\\\/Brand-new-Luxury-properties-with-fantastic-views-in-Polop-Costa-Blanca-1.jpg\",\"contentUrl\":\"https:\\\/\\\/labellavitarealestate.com\\\/wp-content\\\/uploads\\\/2023\\\/09\\\/Brand-new-Luxury-properties-with-fantastic-views-in-Polop-Costa-Blanca-1.jpg\",\"width\":1170,\"height\":761,\"caption\":\"Brand-new Luxury properties with fantastic views in Polop, Costa Blanca North, Alicante, Spain\"},{\"@type\":\"BreadcrumbList\",\"@id\":\"https:\\\/\\\/labellavitarealestate.com\\\/es\\\/resultados-de-busqueda\\\/#breadcrumb\",\"itemListElement\":[{\"@type\":\"ListItem\",\"position\":1,\"name\":\"Home\",\"item\":\"https:\\\/\\\/labellavitarealestate.com\\\/es\\\/\"},{\"@type\":\"ListItem\",\"position\":2,\"name\":\"Buscar Propiedades en venta en Costa Blanca, Espa\u00f1a\"}]},{\"@type\":\"WebSite\",\"@id\":\"https:\\\/\\\/labellavitarealestate.com\\\/es\\\/#website\",\"url\":\"https:\\\/\\\/labellavitarealestate.com\\\/es\\\/\",\"name\":\"LA BELLA VITA Real Estate in Costa Blanca, Spain\",\"description\":\"Properties for sale in Costa Blanca\",\"publisher\":{\"@id\":\"https:\\\/\\\/labellavitarealestate.com\\\/es\\\/#organization\"},\"alternateName\":\"LA BELLA VITA Real Estate\",\"potentialAction\":[{\"@type\":\"SearchAction\",\"target\":{\"@type\":\"EntryPoint\",\"urlTemplate\":\"https:\\\/\\\/labellavitarealestate.com\\\/es\\\/?s={search_term_string}\"},\"query-input\":{\"@type\":\"PropertyValueSpecification\",\"valueRequired\":true,\"valueName\":\"search_term_string\"}}],\"inLanguage\":\"es\"},{\"@type\":\"Organization\",\"@id\":\"https:\\\/\\\/labellavitarealestate.com\\\/es\\\/#organization\",\"name\":\"LA BELLA VITA Real Estate in Costa Blanca\",\"alternateName\":\"LA BELLA VITA\",\"url\":\"https:\\\/\\\/labellavitarealestate.com\\\/es\\\/\",\"logo\":{\"@type\":\"ImageObject\",\"inLanguage\":\"es\",\"@id\":\"https:\\\/\\\/labellavitarealestate.com\\\/es\\\/#\\\/schema\\\/logo\\\/image\\\/\",\"url\":\"https:\\\/\\\/labellavitarealestate.com\\\/wp-content\\\/uploads\\\/2021\\\/12\\\/la-bella-vita-logotype-gold.svg\",\"contentUrl\":\"https:\\\/\\\/labellavitarealestate.com\\\/wp-content\\\/uploads\\\/2021\\\/12\\\/la-bella-vita-logotype-gold.svg\",\"width\":366,\"height\":71,\"caption\":\"LA BELLA VITA Real Estate in Costa Blanca\"},\"image\":{\"@id\":\"https:\\\/\\\/labellavitarealestate.com\\\/es\\\/#\\\/schema\\\/logo\\\/image\\\/\"},\"sameAs\":[\"https:\\\/\\\/www.facebook.com\\\/labellavitarealestate\",\"https:\\\/\\\/x.com\\\/LBV_Real_Estate\",\"https:\\\/\\\/www.instagram.com\\\/labellavita_real_estate\\\/\",\"https:\\\/\\\/www.linkedin.com\\\/in\\\/labellavitarealestate\\\/\",\"https:\\\/\\\/www.pinterest.es\\\/labellavitarealestate\\\/_saved\\\/\",\"https:\\\/\\\/www.youtube.com\\\/channel\\\/UCP6t8aNDgIarJyJYgFZ4XTA\"]}]}<\/script>\n<!-- \/ Yoast SEO plugin. -->","yoast_head_json":{"title":"Buscar Propiedades en venta en Costa Blanca, Espa\u00f1a | LA BELLA VITA Real Estate","description":"Top Selecci\u00f3n de Propiedades de alta calidad en Venta en Costa Blanca, Alicante, Espa\u00f1a | Puedes elegir entre una gran variedad de apartamentos, villas...","robots":{"index":"index","follow":"follow","max-snippet":"max-snippet:-1","max-image-preview":"max-image-preview:large","max-video-preview":"max-video-preview:-1"},"canonical":"https:\/\/labellavitarealestate.com\/es\/resultados-de-busqueda\/","og_locale":"es_ES","og_type":"article","og_title":"Buscar Propiedades en venta en Costa Blanca, Espa\u00f1a | LA BELLA VITA Real Estate","og_description":"Top Selecci\u00f3n de Propiedades de alta calidad en Venta en Costa Blanca, Alicante, Espa\u00f1a | Puedes elegir entre una gran variedad de apartamentos, villas...","og_url":"https:\/\/labellavitarealestate.com\/es\/resultados-de-busqueda\/","og_site_name":"LA BELLA VITA Real Estate","article_publisher":"https:\/\/www.facebook.com\/labellavitarealestate","article_modified_time":"2022-10-13T18:09:03+00:00","og_image":[{"width":1170,"height":761,"url":"https:\/\/labellavitarealestate.com\/wp-content\/uploads\/2023\/09\/Brand-new-Luxury-properties-with-fantastic-views-in-Polop-Costa-Blanca-1.jpg","type":"image\/jpeg"}],"twitter_card":"summary_large_image","twitter_description":"Top Selecci\u00f3n de Propiedades de alta calidad en Venta en Costa Blanca, Alicante, Espa\u00f1a | Puedes elegir entre una gran variedad de apartamentos, villas...","twitter_site":"@LBV_Real_Estate","twitter_misc":{"Tiempo de lectura":"1 minuto"},"schema":{"@context":"https:\/\/schema.org","@graph":[{"@type":"WebPage","@id":"https:\/\/labellavitarealestate.com\/es\/resultados-de-busqueda\/","url":"https:\/\/labellavitarealestate.com\/es\/resultados-de-busqueda\/","name":"Buscar Propiedades en venta en Costa Blanca, Espa\u00f1a | LA BELLA VITA Real Estate","isPartOf":{"@id":"https:\/\/labellavitarealestate.com\/es\/#website"},"primaryImageOfPage":{"@id":"https:\/\/labellavitarealestate.com\/es\/resultados-de-busqueda\/#primaryimage"},"image":{"@id":"https:\/\/labellavitarealestate.com\/es\/resultados-de-busqueda\/#primaryimage"},"thumbnailUrl":"https:\/\/labellavitarealestate.com\/wp-content\/uploads\/2023\/09\/Brand-new-Luxury-properties-with-fantastic-views-in-Polop-Costa-Blanca-1.jpg","datePublished":"2016-06-10T15:14:29+00:00","dateModified":"2022-10-13T18:09:03+00:00","description":"Top Selecci\u00f3n de Propiedades de alta calidad en Venta en Costa Blanca, Alicante, Espa\u00f1a | Puedes elegir entre una gran variedad de apartamentos, villas...","breadcrumb":{"@id":"https:\/\/labellavitarealestate.com\/es\/resultados-de-busqueda\/#breadcrumb"},"inLanguage":"es","potentialAction":[{"@type":"ReadAction","target":["https:\/\/labellavitarealestate.com\/es\/resultados-de-busqueda\/"]}]},{"@type":"ImageObject","inLanguage":"es","@id":"https:\/\/labellavitarealestate.com\/es\/resultados-de-busqueda\/#primaryimage","url":"https:\/\/labellavitarealestate.com\/wp-content\/uploads\/2023\/09\/Brand-new-Luxury-properties-with-fantastic-views-in-Polop-Costa-Blanca-1.jpg","contentUrl":"https:\/\/labellavitarealestate.com\/wp-content\/uploads\/2023\/09\/Brand-new-Luxury-properties-with-fantastic-views-in-Polop-Costa-Blanca-1.jpg","width":1170,"height":761,"caption":"Brand-new Luxury properties with fantastic views in Polop, Costa Blanca North, Alicante, Spain"},{"@type":"BreadcrumbList","@id":"https:\/\/labellavitarealestate.com\/es\/resultados-de-busqueda\/#breadcrumb","itemListElement":[{"@type":"ListItem","position":1,"name":"Home","item":"https:\/\/labellavitarealestate.com\/es\/"},{"@type":"ListItem","position":2,"name":"Buscar Propiedades en venta en Costa Blanca, Espa\u00f1a"}]},{"@type":"WebSite","@id":"https:\/\/labellavitarealestate.com\/es\/#website","url":"https:\/\/labellavitarealestate.com\/es\/","name":"LA BELLA VITA Real Estate in Costa Blanca, Spain","description":"Properties for sale in Costa Blanca","publisher":{"@id":"https:\/\/labellavitarealestate.com\/es\/#organization"},"alternateName":"LA BELLA VITA Real Estate","potentialAction":[{"@type":"SearchAction","target":{"@type":"EntryPoint","urlTemplate":"https:\/\/labellavitarealestate.com\/es\/?s={search_term_string}"},"query-input":{"@type":"PropertyValueSpecification","valueRequired":true,"valueName":"search_term_string"}}],"inLanguage":"es"},{"@type":"Organization","@id":"https:\/\/labellavitarealestate.com\/es\/#organization","name":"LA BELLA VITA Real Estate in Costa Blanca","alternateName":"LA BELLA VITA","url":"https:\/\/labellavitarealestate.com\/es\/","logo":{"@type":"ImageObject","inLanguage":"es","@id":"https:\/\/labellavitarealestate.com\/es\/#\/schema\/logo\/image\/","url":"https:\/\/labellavitarealestate.com\/wp-content\/uploads\/2021\/12\/la-bella-vita-logotype-gold.svg","contentUrl":"https:\/\/labellavitarealestate.com\/wp-content\/uploads\/2021\/12\/la-bella-vita-logotype-gold.svg","width":366,"height":71,"caption":"LA BELLA VITA Real Estate in Costa Blanca"},"image":{"@id":"https:\/\/labellavitarealestate.com\/es\/#\/schema\/logo\/image\/"},"sameAs":["https:\/\/www.facebook.com\/labellavitarealestate","https:\/\/x.com\/LBV_Real_Estate","https:\/\/www.instagram.com\/labellavita_real_estate\/","https:\/\/www.linkedin.com\/in\/labellavitarealestate\/","https:\/\/www.pinterest.es\/labellavitarealestate\/_saved\/","https:\/\/www.youtube.com\/channel\/UCP6t8aNDgIarJyJYgFZ4XTA"]}]}},"_links":{"self":[{"href":"https:\/\/labellavitarealestate.com\/es\/wp-json\/wp\/v2\/pages\/23928","targetHints":{"allow":["GET"]}}],"collection":[{"href":"https:\/\/labellavitarealestate.com\/es\/wp-json\/wp\/v2\/pages"}],"about":[{"href":"https:\/\/labellavitarealestate.com\/es\/wp-json\/wp\/v2\/types\/page"}],"author":[{"embeddable":true,"href":"https:\/\/labellavitarealestate.com\/es\/wp-json\/wp\/v2\/users\/2"}],"replies":[{"embeddable":true,"href":"https:\/\/labellavitarealestate.com\/es\/wp-json\/wp\/v2\/comments?post=23928"}],"version-history":[{"count":0,"href":"https:\/\/labellavitarealestate.com\/es\/wp-json\/wp\/v2\/pages\/23928\/revisions"}],"wp:featuredmedia":[{"embeddable":true,"href":"https:\/\/labellavitarealestate.com\/es\/wp-json\/wp\/v2\/media\/84511"}],"wp:attachment":[{"href":"https:\/\/labellavitarealestate.com\/es\/wp-json\/wp\/v2\/media?parent=23928"}],"curies":[{"name":"wp","href":"https:\/\/api.w.org\/{rel}","templated":true}]}}