{"id":24657,"date":"2016-03-10T18:51:46","date_gmt":"2016-03-10T18:51:46","guid":{"rendered":"https:\/\/labellavitarealestate.com\/terminos-y-condiciones\/"},"modified":"2022-10-13T18:10:21","modified_gmt":"2022-10-13T18:10:21","slug":"terminos-y-condiciones","status":"publish","type":"page","link":"https:\/\/labellavitarealestate.com\/es\/terminos-y-condiciones\/","title":{"rendered":"T\u00e9rminos y Condiciones"},"content":{"rendered":"\n<h2 class=\"wp-block-heading\">Aviso Legal<\/h2>\n\n<p>En cumplimiento de la Ley 34\/2002, de 11 de julio, de servicios de la sociedad de la informaci\u00f3n y de comercio electr\u00f3nico (LSSI), le informamos que:<\/p>\n\n<p>LA BELLA VITA REAL ESTATE su direcci\u00f3n es C\/ Medico Basilio Paredes 17, Cp: 03140 de Guardamar del Segura (Alicante).<\/p>\n\n<p>Datos de contacto: Tel\u00e9fono: 634 127 186<\/p>\n\n<p>Correo electr\u00f3nico: labellavitarealestate@gmail.com<\/p>\n\n<p><\/p>\n\n<h2 class=\"wp-block-heading\">Condiciones Generales de Uso del Sitio Web Inmobiliario La Bella Vita<\/h2>\n\n<p>El nombre de dominio labellavitarealestate.com es propiedad de LA BELLA VITA REAL ESTATE y su uso exclusivo est\u00e1 reservado a la misma.<\/p>\n\n<p>La p\u00e1gina web oficial de labellavitarealestate.com est\u00e1 dise\u00f1ada para informar al p\u00fablico en general sobre las actividades de la organizaci\u00f3n, as\u00ed como los productos y servicios que ofrece en el \u00e1mbito de la PROMOCI\u00d3N INMOBILIARIA.<\/p>\n\n<p>La utilizaci\u00f3n de este sitio web implica la aceptaci\u00f3n plena e incondicional de los t\u00e9rminos y condiciones aqu\u00ed expuestos, sin tener en cuenta los t\u00e9rminos especiales que puedan aplicarse a algunos de los productos o servicios espec\u00edficos suministrados a trav\u00e9s del sitio web.<\/p>\n\n<p>LA BELLA VITA REAL ESTATE se reserva el derecho a realizar cambios y actualizaciones en la informaci\u00f3n contenida en su p\u00e1gina web, as\u00ed como en su configuraci\u00f3n y presentaci\u00f3n, en cualquier momento y sin previo aviso.<\/p>\n\n<p>Para mantener actualizada la informaci\u00f3n en el sitio, sus contenidos pueden ser modificados, corregidos, eliminados o agregados en cualquier momento, por lo que es mejor verificar su validez o precisi\u00f3n poni\u00e9ndose en contacto con fuentes oficiales.<\/p>\n\n<p><\/p>\n\n<h2 class=\"wp-block-heading\">Propiedad Intelectual E Industrial Y Marcos<\/h2>\n\n<p>Todas las partes del sitio web, incluyendo su estructura, dise\u00f1o, c\u00f3digo fuente, logotipos, marcas y otros indicadores reconocibles, son propiedad de LA BELLA VITA REAL ESTATE o sus colaboradores y est\u00e1n protegidas por derechos de propiedad intelectual e industrial.<\/p>\n\n<p>Asimismo, las fotograf\u00edas y dem\u00e1s componentes gr\u00e1ficos que se encuentran en las p\u00e1ginas est\u00e1n protegidas por los derechos de propiedad intelectual e industrial que le corresponden.<\/p>\n\n<p>El framing o el uso por parte de terceros de cualesquiera otras t\u00e9cnicas que alteren el dise\u00f1o, la configuraci\u00f3n original o los contenidos de nuestros sitios web est\u00e1 absolutamente prohibido por LA BELLA VITA REAL ESTATE.<\/p>\n\n<p>El uso de los contenidos debe cumplir con los t\u00e9rminos de sus respectivas licencias. En consecuencia, sin la autorizaci\u00f3n expresa y expresa de LA BELLA VITA REAL ESTATE, queda absolutamente prohibida su utilizaci\u00f3n, reproducci\u00f3n, distribuci\u00f3n, comunicaci\u00f3n p\u00fablica, transformaci\u00f3n, o cualquier otra actividad similar o id\u00e9ntica.<\/p>\n\n<p>Respecto a las citas de noticias, productos y servicios de terceros que pudieran aparecer en el sitio web, LA BELLA VITA REAL ESTATE reconoce los correspondientes derechos de propiedad industrial e intelectual a favor de sus titulares, y su sola menci\u00f3n o aparici\u00f3n en el sitio web no implica la existencia de ning\u00fan derecho o responsabilidad, ni implica respaldo alguno,  patrocinio, o recomendaci\u00f3n.<\/p>\n\n<p>LA BELLA VITA REAL ESTATE anuncia su respeto a los derechos de propiedad intelectual e industrial de terceros; si cree que nuestros portales est\u00e1n infringiendo sus derechos, p\u00f3ngase en contacto con LA BELLA VITA REAL ESTATE.<\/p>\n\n<p><\/p>\n\n<h2 class=\"wp-block-heading\">Responsabilidad<\/h2>\n\n<p>LA BELLA VITA REAL ESTATE no garantiza la inexistencia de errores en el acceso, contenido o actualizaci\u00f3n del sitio web, no obstante LA BELLA VITA REAL ESTATE utilizar\u00e1 las medidas razonables para evitarlos, subsanarlos o actualizarlos si fuera necesario.<\/p>\n\n<p>El usuario es el \u00fanico responsable del acceso y uso de los sitios web de LA BELLA VITA REAL ESTATE y de la informaci\u00f3n contenida en ellos.<\/p>\n\n<p>LA BELLA VITA REAL ESTATE no se hace responsable de los posibles errores de seguridad, ni de los posibles da\u00f1os en el sistema inform\u00e1tico del Usuario (hardware y software), archivos o documentos almacenados en el mismo, como consecuencia de la presencia de virus en el ordenador del Usuario utilizado para conectarse a los servicios y contenidos del Sitio Web, de un mal funcionamiento del navegador,  o el uso de versiones no actualizadas de la misma.<\/p>\n\n<p>LA BELLA VITA REAL ESTATE no se hace responsable de la informaci\u00f3n y contenidos almacenados en el sitio web de LA BELLA VITA REAL ESTATE, incluyendo a t\u00edtulo enunciativo pero no limitativo, en foros, chats, blogs, comentarios, redes sociales, o cualquier otro medio que permita a terceros publicar de forma independiente contenidos en el sitio web de LA BELLA VITA REAL ESTATE.<\/p>\n\n<p>No obstante, de conformidad con la LSSI, LA BELLA VITA REAL ESTATE se pone a disposici\u00f3n de todos los usuarios, autoridades y fuerzas de seguridad, y participa activamente en la retirada o bloqueo de cualquier contenido que pueda da\u00f1ar o contravenir la legislaci\u00f3n nacional o internacional, los derechos de terceros, la moral o el orden p\u00fablico. Si un usuario considera que alg\u00fan contenido del sitio web se encuentra bajo esta clasificaci\u00f3n, rogamos lo notifique a LA BELLA VITA REAL ESTATE.<\/p>\n\n<p><\/p>\n\n<h2 class=\"wp-block-heading\">Enlaces o hiperv\u00ednculos<\/h2>\n\n<p>El sitio web puede incluir hiperv\u00ednculos a contenido en sitios web de terceros. El objetivo de estos enlaces es facilitarle la b\u00fasqueda de materiales en Internet que puedan ser de su inter\u00e9s. Estas p\u00e1ginas, sin embargo, no pertenecen a LA BELLA VITA REAL ESTATE, y no revisa su contenido. En consecuencia, LA BELLA VITA REAL ESTATE no se hace responsable de los contenidos, informaciones o servicios que pudieran aparecer en estos sitios, los cuales tienen car\u00e1cter meramente informativo y no implican relaci\u00f3n alguna entre LA BELLA VITA REAL ESTATE y las personas o entidades titulares de dichos contenidos o los titulares de los sitios donde se ubican. LA BELLA VITA REAL ESTATE no asume ninguna responsabilidad por la funcionalidad de la p\u00e1gina enlazada ni por los posibles da\u00f1os y perjuicios que pudieran derivarse del acceso o uso de la misma.<\/p>\n\n<p>Se deben seguir las siguientes condiciones al enlazar con el sitio web de LA BELLA VITA REAL ESTATE:<\/p>\n\n<p>1. La formaci\u00f3n de la conexi\u00f3n no implica ning\u00fan tipo de acuerdo, contrato, patrocinio, o recomendaci\u00f3n de la p\u00e1gina que realiza el enlace por parte de LA BELLA VITA REAL ESTATE.<\/p>\n\n<p>2. La p\u00e1gina web en la que se establezca el hiperenlace no contendr\u00e1 material il\u00edcito, discriminatorio, contradictorio con los principios \u00e9ticos generalmente aceptados, ni contrario al orden p\u00fablico, ni contendr\u00e1 informaci\u00f3n que vulnere los derechos de terceros.<\/p>\n\n<p>3. LA BELLA VITA REAL ESTATE podr\u00e1 solicitar la supresi\u00f3n de un enlace a su p\u00e1gina web, sin necesidad de dar motivo alguno. En este caso, la p\u00e1gina que ha realizado el enlace deber\u00e1 proceder a su retirada inmediata, tan pronto como LA BELLA VITA REAL ESTATE reciba la notificaci\u00f3n.<\/p>\n\n<p>4. LA BELLA VITA REAL ESTATE no asume ninguna responsabilidad por la calidad, exactitud, fiabilidad, correcci\u00f3n, o moralidad de la informaci\u00f3n o servicios prestados por la creaci\u00f3n del hiperenlace. Las repercusiones, da\u00f1os o acciones que se deriven del acceso al sitio web hiperenlazado son de la exclusiva responsabilidad del usuario.<\/p>\n\n<p><\/p>\n\n<h2 class=\"wp-block-heading\">Protecci\u00f3n de Datos Personales<\/h2>\n\n<p>LA BELLA VITA REAL ESTATE se dedica firmemente al cumplimiento de las normas de privacidad de los datos personales, y asegura el pleno cumplimiento de los deberes establecidos, as\u00ed como la ejecuci\u00f3n de las medidas de seguridad necesarias para proporcionar un nivel de seguridad proporcional al riesgo.<\/p>\n\n<p>LA BELLA VITA REAL ESTATE pone a disposici\u00f3n de los usuarios su Pol\u00edtica de Privacidad a trav\u00e9s del formulario web de labellavitarealestate.com, y proporciona m\u00e1s informaci\u00f3n sobre el tratamiento de los datos.<\/p>\n","protected":false},"excerpt":{"rendered":"<p>Aviso Legal En cumplimiento de la Ley 34\/2002, de 11 de julio, de servicios de la sociedad de la informaci\u00f3n y de comercio electr\u00f3nico (LSSI), le informamos que: LA BELLA VITA REAL ESTATE su direcci\u00f3n es C\/ Medico Basilio Paredes 17, Cp: 03140 de Guardamar del Segura (Alicante). Datos de contacto: Tel\u00e9fono: 634 127 186 [&hellip;]<\/p>\n","protected":false},"author":2,"featured_media":0,"parent":0,"menu_order":0,"comment_status":"closed","ping_status":"closed","template":"","meta":{"footnotes":""},"class_list":["post-24657","page","type-page","status-publish","hentry"],"yoast_head":"<!-- This site is optimized with the Yoast SEO plugin v27.3 - https:\/\/yoast.com\/product\/yoast-seo-wordpress\/ -->\n<title>T\u00e9rminos y Condiciones | LA BELLA VITA Real Estate<\/title>\n<meta name=\"robots\" content=\"index, follow, max-snippet:-1, max-image-preview:large, max-video-preview:-1\" \/>\n<link rel=\"canonical\" href=\"https:\/\/labellavitarealestate.com\/es\/terminos-y-condiciones\/\" \/>\n<meta property=\"og:locale\" content=\"es_ES\" \/>\n<meta property=\"og:type\" content=\"article\" \/>\n<meta property=\"og:title\" content=\"T\u00e9rminos y Condiciones | LA BELLA VITA Real Estate\" \/>\n<meta property=\"og:description\" content=\"Aviso Legal En cumplimiento de la Ley 34\/2002, de 11 de julio, de servicios de la sociedad de la informaci\u00f3n y de comercio electr\u00f3nico (LSSI), le informamos que: LA BELLA VITA REAL ESTATE su direcci\u00f3n es C\/ Medico Basilio Paredes 17, Cp: 03140 de Guardamar del Segura (Alicante). Datos de contacto: Tel\u00e9fono: 634 127 186 [&hellip;]\" \/>\n<meta property=\"og:url\" content=\"https:\/\/labellavitarealestate.com\/es\/terminos-y-condiciones\/\" \/>\n<meta property=\"og:site_name\" content=\"LA BELLA VITA Real Estate\" \/>\n<meta property=\"article:publisher\" content=\"https:\/\/www.facebook.com\/labellavitarealestate\" \/>\n<meta property=\"article:modified_time\" content=\"2022-10-13T18:10:21+00:00\" \/>\n<meta property=\"og:image\" content=\"https:\/\/labellavitarealestate.com\/wp-content\/uploads\/2023\/02\/LA-BELLA-VITA-Real-Estate-Costa-Blanca-Spain.jpg\" \/>\n\t<meta property=\"og:image:width\" content=\"1200\" \/>\n\t<meta property=\"og:image:height\" content=\"628\" \/>\n\t<meta property=\"og:image:type\" content=\"image\/jpeg\" \/>\n<meta name=\"twitter:card\" content=\"summary_large_image\" \/>\n<meta name=\"twitter:site\" content=\"@LBV_Real_Estate\" \/>\n<meta name=\"twitter:label1\" content=\"Tiempo de lectura\" \/>\n\t<meta name=\"twitter:data1\" content=\"6 minutos\" \/>\n<script type=\"application\/ld+json\" class=\"yoast-schema-graph\">{\"@context\":\"https:\\\/\\\/schema.org\",\"@graph\":[{\"@type\":\"WebPage\",\"@id\":\"https:\\\/\\\/labellavitarealestate.com\\\/es\\\/terminos-y-condiciones\\\/\",\"url\":\"https:\\\/\\\/labellavitarealestate.com\\\/es\\\/terminos-y-condiciones\\\/\",\"name\":\"T\u00e9rminos y Condiciones | LA BELLA VITA Real Estate\",\"isPartOf\":{\"@id\":\"https:\\\/\\\/labellavitarealestate.com\\\/es\\\/#website\"},\"datePublished\":\"2016-03-10T18:51:46+00:00\",\"dateModified\":\"2022-10-13T18:10:21+00:00\",\"breadcrumb\":{\"@id\":\"https:\\\/\\\/labellavitarealestate.com\\\/es\\\/terminos-y-condiciones\\\/#breadcrumb\"},\"inLanguage\":\"es\",\"potentialAction\":[{\"@type\":\"ReadAction\",\"target\":[\"https:\\\/\\\/labellavitarealestate.com\\\/es\\\/terminos-y-condiciones\\\/\"]}]},{\"@type\":\"BreadcrumbList\",\"@id\":\"https:\\\/\\\/labellavitarealestate.com\\\/es\\\/terminos-y-condiciones\\\/#breadcrumb\",\"itemListElement\":[{\"@type\":\"ListItem\",\"position\":1,\"name\":\"Home\",\"item\":\"https:\\\/\\\/labellavitarealestate.com\\\/es\\\/\"},{\"@type\":\"ListItem\",\"position\":2,\"name\":\"T\u00e9rminos y Condiciones\"}]},{\"@type\":\"WebSite\",\"@id\":\"https:\\\/\\\/labellavitarealestate.com\\\/es\\\/#website\",\"url\":\"https:\\\/\\\/labellavitarealestate.com\\\/es\\\/\",\"name\":\"LA BELLA VITA Real Estate in Costa Blanca, Spain\",\"description\":\"Properties for sale in Costa Blanca\",\"publisher\":{\"@id\":\"https:\\\/\\\/labellavitarealestate.com\\\/es\\\/#organization\"},\"alternateName\":\"LA BELLA VITA Real Estate\",\"potentialAction\":[{\"@type\":\"SearchAction\",\"target\":{\"@type\":\"EntryPoint\",\"urlTemplate\":\"https:\\\/\\\/labellavitarealestate.com\\\/es\\\/?s={search_term_string}\"},\"query-input\":{\"@type\":\"PropertyValueSpecification\",\"valueRequired\":true,\"valueName\":\"search_term_string\"}}],\"inLanguage\":\"es\"},{\"@type\":\"Organization\",\"@id\":\"https:\\\/\\\/labellavitarealestate.com\\\/es\\\/#organization\",\"name\":\"LA BELLA VITA Real Estate in Costa Blanca\",\"alternateName\":\"LA BELLA VITA\",\"url\":\"https:\\\/\\\/labellavitarealestate.com\\\/es\\\/\",\"logo\":{\"@type\":\"ImageObject\",\"inLanguage\":\"es\",\"@id\":\"https:\\\/\\\/labellavitarealestate.com\\\/es\\\/#\\\/schema\\\/logo\\\/image\\\/\",\"url\":\"https:\\\/\\\/labellavitarealestate.com\\\/wp-content\\\/uploads\\\/2021\\\/12\\\/la-bella-vita-logotype-gold.svg\",\"contentUrl\":\"https:\\\/\\\/labellavitarealestate.com\\\/wp-content\\\/uploads\\\/2021\\\/12\\\/la-bella-vita-logotype-gold.svg\",\"width\":366,\"height\":71,\"caption\":\"LA BELLA VITA Real Estate in Costa Blanca\"},\"image\":{\"@id\":\"https:\\\/\\\/labellavitarealestate.com\\\/es\\\/#\\\/schema\\\/logo\\\/image\\\/\"},\"sameAs\":[\"https:\\\/\\\/www.facebook.com\\\/labellavitarealestate\",\"https:\\\/\\\/x.com\\\/LBV_Real_Estate\",\"https:\\\/\\\/www.instagram.com\\\/labellavita_real_estate\\\/\",\"https:\\\/\\\/www.linkedin.com\\\/in\\\/labellavitarealestate\\\/\",\"https:\\\/\\\/www.pinterest.es\\\/labellavitarealestate\\\/_saved\\\/\",\"https:\\\/\\\/www.youtube.com\\\/channel\\\/UCP6t8aNDgIarJyJYgFZ4XTA\"]}]}<\/script>\n<!-- \/ Yoast SEO plugin. -->","yoast_head_json":{"title":"T\u00e9rminos y Condiciones | LA BELLA VITA Real Estate","robots":{"index":"index","follow":"follow","max-snippet":"max-snippet:-1","max-image-preview":"max-image-preview:large","max-video-preview":"max-video-preview:-1"},"canonical":"https:\/\/labellavitarealestate.com\/es\/terminos-y-condiciones\/","og_locale":"es_ES","og_type":"article","og_title":"T\u00e9rminos y Condiciones | LA BELLA VITA Real Estate","og_description":"Aviso Legal En cumplimiento de la Ley 34\/2002, de 11 de julio, de servicios de la sociedad de la informaci\u00f3n y de comercio electr\u00f3nico (LSSI), le informamos que: LA BELLA VITA REAL ESTATE su direcci\u00f3n es C\/ Medico Basilio Paredes 17, Cp: 03140 de Guardamar del Segura (Alicante). Datos de contacto: Tel\u00e9fono: 634 127 186 [&hellip;]","og_url":"https:\/\/labellavitarealestate.com\/es\/terminos-y-condiciones\/","og_site_name":"LA BELLA VITA Real Estate","article_publisher":"https:\/\/www.facebook.com\/labellavitarealestate","article_modified_time":"2022-10-13T18:10:21+00:00","og_image":[{"width":1200,"height":628,"url":"https:\/\/labellavitarealestate.com\/wp-content\/uploads\/2023\/02\/LA-BELLA-VITA-Real-Estate-Costa-Blanca-Spain.jpg","type":"image\/jpeg"}],"twitter_card":"summary_large_image","twitter_site":"@LBV_Real_Estate","twitter_misc":{"Tiempo de lectura":"6 minutos"},"schema":{"@context":"https:\/\/schema.org","@graph":[{"@type":"WebPage","@id":"https:\/\/labellavitarealestate.com\/es\/terminos-y-condiciones\/","url":"https:\/\/labellavitarealestate.com\/es\/terminos-y-condiciones\/","name":"T\u00e9rminos y Condiciones | LA BELLA VITA Real Estate","isPartOf":{"@id":"https:\/\/labellavitarealestate.com\/es\/#website"},"datePublished":"2016-03-10T18:51:46+00:00","dateModified":"2022-10-13T18:10:21+00:00","breadcrumb":{"@id":"https:\/\/labellavitarealestate.com\/es\/terminos-y-condiciones\/#breadcrumb"},"inLanguage":"es","potentialAction":[{"@type":"ReadAction","target":["https:\/\/labellavitarealestate.com\/es\/terminos-y-condiciones\/"]}]},{"@type":"BreadcrumbList","@id":"https:\/\/labellavitarealestate.com\/es\/terminos-y-condiciones\/#breadcrumb","itemListElement":[{"@type":"ListItem","position":1,"name":"Home","item":"https:\/\/labellavitarealestate.com\/es\/"},{"@type":"ListItem","position":2,"name":"T\u00e9rminos y Condiciones"}]},{"@type":"WebSite","@id":"https:\/\/labellavitarealestate.com\/es\/#website","url":"https:\/\/labellavitarealestate.com\/es\/","name":"LA BELLA VITA Real Estate in Costa Blanca, Spain","description":"Properties for sale in Costa Blanca","publisher":{"@id":"https:\/\/labellavitarealestate.com\/es\/#organization"},"alternateName":"LA BELLA VITA Real Estate","potentialAction":[{"@type":"SearchAction","target":{"@type":"EntryPoint","urlTemplate":"https:\/\/labellavitarealestate.com\/es\/?s={search_term_string}"},"query-input":{"@type":"PropertyValueSpecification","valueRequired":true,"valueName":"search_term_string"}}],"inLanguage":"es"},{"@type":"Organization","@id":"https:\/\/labellavitarealestate.com\/es\/#organization","name":"LA BELLA VITA Real Estate in Costa Blanca","alternateName":"LA BELLA VITA","url":"https:\/\/labellavitarealestate.com\/es\/","logo":{"@type":"ImageObject","inLanguage":"es","@id":"https:\/\/labellavitarealestate.com\/es\/#\/schema\/logo\/image\/","url":"https:\/\/labellavitarealestate.com\/wp-content\/uploads\/2021\/12\/la-bella-vita-logotype-gold.svg","contentUrl":"https:\/\/labellavitarealestate.com\/wp-content\/uploads\/2021\/12\/la-bella-vita-logotype-gold.svg","width":366,"height":71,"caption":"LA BELLA VITA Real Estate in Costa Blanca"},"image":{"@id":"https:\/\/labellavitarealestate.com\/es\/#\/schema\/logo\/image\/"},"sameAs":["https:\/\/www.facebook.com\/labellavitarealestate","https:\/\/x.com\/LBV_Real_Estate","https:\/\/www.instagram.com\/labellavita_real_estate\/","https:\/\/www.linkedin.com\/in\/labellavitarealestate\/","https:\/\/www.pinterest.es\/labellavitarealestate\/_saved\/","https:\/\/www.youtube.com\/channel\/UCP6t8aNDgIarJyJYgFZ4XTA"]}]}},"_links":{"self":[{"href":"https:\/\/labellavitarealestate.com\/es\/wp-json\/wp\/v2\/pages\/24657","targetHints":{"allow":["GET"]}}],"collection":[{"href":"https:\/\/labellavitarealestate.com\/es\/wp-json\/wp\/v2\/pages"}],"about":[{"href":"https:\/\/labellavitarealestate.com\/es\/wp-json\/wp\/v2\/types\/page"}],"author":[{"embeddable":true,"href":"https:\/\/labellavitarealestate.com\/es\/wp-json\/wp\/v2\/users\/2"}],"replies":[{"embeddable":true,"href":"https:\/\/labellavitarealestate.com\/es\/wp-json\/wp\/v2\/comments?post=24657"}],"version-history":[{"count":0,"href":"https:\/\/labellavitarealestate.com\/es\/wp-json\/wp\/v2\/pages\/24657\/revisions"}],"wp:attachment":[{"href":"https:\/\/labellavitarealestate.com\/es\/wp-json\/wp\/v2\/media?parent=24657"}],"curies":[{"name":"wp","href":"https:\/\/api.w.org\/{rel}","templated":true}]}}