{"id":160103,"date":"2025-06-08T20:00:44","date_gmt":"2025-06-08T19:00:44","guid":{"rendered":"https:\/\/labellavitarealestate.com\/search-properties\/"},"modified":"2025-06-09T13:41:34","modified_gmt":"2025-06-09T12:41:34","slug":"search-properties","status":"publish","type":"page","link":"https:\/\/labellavitarealestate.com\/fr\/search-properties\/","title":{"rendered":"Rechercher des propri\u00e9t\u00e9s \u00e0 vendre sur la Costa Blanca et la Costa C\u00e1lida | La s\u00e9lection la plus compl\u00e8te de nouvelles constructions et de reventes modernes"},"content":{"rendered":"\n<h2 class=\"wp-block-heading\">Rechercher des propri\u00e9t\u00e9s \u00e0 vendre sur la Costa Blanca et la Costa C\u00e1lida | La s\u00e9lection la plus compl\u00e8te de nouvelles constructions et de reventes modernes<\/h2>\n\n<p>Bienvenue dans la recherche immobili\u00e8re la plus raffin\u00e9e pour la <strong>Costa Blanca<\/strong> et <strong>la Costa C\u00e1lida<\/strong>. Chez LA BELLA VITA Real Estate, nous nous sp\u00e9cialisons dans les <strong>maisons neuves<\/strong> s\u00e9lectionn\u00e9es et s\u00e9lectionnons les <strong>reventes modernes<\/strong> &#8211; des propri\u00e9t\u00e9s choisies pour leur design, leur qualit\u00e9 et leur emplacement. Que vous soyez \u00e0 la recherche d\u2019une <strong>propri\u00e9t\u00e9 en bord de golf<\/strong>, d\u2019un <strong>appartement \u00e9l\u00e9gant avec vue sur la mer<\/strong> ou d\u2019une <strong>maison familiale contemporaine avec un potentiel locatif<\/strong>, c\u2019est le bon endroit pour commencer.  <\/p>\n\n<p>Notre portefeuille comprend <strong>la s\u00e9lection la plus compl\u00e8te et la plus r\u00e9cente<\/strong> des deux c\u00f4tes, mais toutes les propri\u00e9t\u00e9s ne sont pas publi\u00e9es en ligne. Bon nombre des meilleures opportunit\u00e9s sont partag\u00e9es en priv\u00e9 avec nos clients en fonction de leurs besoins exacts. C\u2019est pourquoi <strong>nous vous recommandons de nous contacter directement<\/strong> &#8211; nous effectuons des <strong>recherches immobili\u00e8res personnalis\u00e9es<\/strong> en fonction de votre style de vie, de vos pr\u00e9f\u00e9rences et de vos objectifs d\u2019investissement.  <\/p>\n\n<p>Utilisez les filtres pour affiner votre recherche par zone, prix, nombre de chambres, caract\u00e9ristiques telles que la <strong>piscine priv\u00e9e<\/strong> ou <strong>le solarium<\/strong>, ou <strong>la proximit\u00e9 des terrains de golf et des plages<\/strong>.<\/p>\n\n<p><strong>\ud83e\udd1d Pourquoi choisir LA BELLA VITA ?<\/strong><\/p>\n\n<ul class=\"wp-block-list\">\n<li><strong>Acheteur sans commission<\/strong> : Notre service est enti\u00e8rement gratuit pour les acheteurs &#8211; avec des conseils d\u2019experts, une attention personnelle et aucune commission de votre c\u00f4t\u00e9.<\/li>\n\n\n\n<li><strong>Annonces s\u00e9lectionn\u00e9es uniquement<\/strong> : aucune propri\u00e9t\u00e9 obsol\u00e8te ou non pertinente. Juste une qualit\u00e9 \u00e0 laquelle vous pouvez faire confiance. <\/li>\n\n\n\n<li><strong>Accompagnement personnel<\/strong> : un soutien clair, honn\u00eate et adapt\u00e9 \u00e0 vos besoins.<\/li>\n\n\n\n<li><strong>Expertise locale<\/strong> : Connaissance approfondie de la Costa Blanca, de la Costa C\u00e1lida et de tous les promoteurs avec lesquels nous travaillons.<\/li>\n\n\n\n<li><strong>Soutien de bout en bout<\/strong> : Conseils juridiques, fiscaux, hypoth\u00e9caires et locatifs &#8211; nous vous accompagnons \u00e0 chaque \u00e9tape du processus.<\/li>\n\n\n\n<li><strong>Opportunit\u00e9s discr\u00e8tes disponibles<\/strong> : Certaines propri\u00e9t\u00e9s haut de gamme ne sont jamais publi\u00e9es en ligne &#8211; demandez-nous directement.<\/li>\n<\/ul>\n\n<p>Il s\u2019agit plus que d\u2019une simple page de recherche. C\u2019est votre point de d\u00e9part pour un d\u00e9m\u00e9nagement confiant sur la c\u00f4te m\u00e9diterran\u00e9enne de l\u2019Espagne &#8211; avec <strong>clart\u00e9, confiance et style.<\/strong> <\/p>\n","protected":false},"excerpt":{"rendered":"<p>Rechercher des propri\u00e9t\u00e9s \u00e0 vendre sur la Costa Blanca et la Costa C\u00e1lida | La s\u00e9lection la plus compl\u00e8te de nouvelles constructions et de reventes modernes Bienvenue dans la recherche immobili\u00e8re la plus raffin\u00e9e pour la Costa Blanca et la Costa C\u00e1lida. Chez LA BELLA VITA Real Estate, nous nous sp\u00e9cialisons dans les maisons neuves [&hellip;]<\/p>\n","protected":false},"author":5,"featured_media":155584,"parent":0,"menu_order":0,"comment_status":"closed","ping_status":"closed","template":"template\/template-search.php","meta":{"footnotes":""},"class_list":["post-160103","page","type-page","status-publish","has-post-thumbnail","hentry"],"yoast_head":"<!-- This site is optimized with the Yoast SEO plugin v27.4 - https:\/\/yoast.com\/product\/yoast-seo-wordpress\/ -->\n<title>Rechercher des propri\u00e9t\u00e9s \u00e0 vendre sur la Costa Blanca et la Costa C\u00e1lida<\/title>\n<meta name=\"robots\" content=\"index, follow, max-snippet:-1, max-image-preview:large, max-video-preview:-1\" \/>\n<link rel=\"canonical\" href=\"https:\/\/labellavitarealestate.com\/fr\/search-properties\/\" \/>\n<meta property=\"og:locale\" content=\"fr_FR\" \/>\n<meta property=\"og:type\" content=\"article\" \/>\n<meta property=\"og:title\" content=\"Rechercher des propri\u00e9t\u00e9s \u00e0 vendre sur la Costa Blanca et la Costa C\u00e1lida\" \/>\n<meta property=\"og:description\" content=\"Rechercher des propri\u00e9t\u00e9s \u00e0 vendre sur la Costa Blanca et la Costa C\u00e1lida | La s\u00e9lection la plus compl\u00e8te de nouvelles constructions et de reventes modernes Bienvenue dans la recherche immobili\u00e8re la plus raffin\u00e9e pour la Costa Blanca et la Costa C\u00e1lida. Chez LA BELLA VITA Real Estate, nous nous sp\u00e9cialisons dans les maisons neuves [&hellip;]\" \/>\n<meta property=\"og:url\" content=\"https:\/\/labellavitarealestate.com\/fr\/search-properties\/\" \/>\n<meta property=\"og:site_name\" content=\"LA BELLA VITA Real Estate\" \/>\n<meta property=\"article:publisher\" content=\"https:\/\/www.facebook.com\/labellavitarealestate\" \/>\n<meta property=\"article:modified_time\" content=\"2025-06-09T12:41:34+00:00\" \/>\n<meta property=\"og:image\" content=\"https:\/\/labellavitarealestate.com\/wp-content\/uploads\/2025\/04\/Excellent-New-Build-Luxury-Properties-for-sale-in-Polop-Alicante-04.jpg\" \/>\n\t<meta property=\"og:image:width\" content=\"1170\" \/>\n\t<meta property=\"og:image:height\" content=\"781\" \/>\n\t<meta property=\"og:image:type\" content=\"image\/jpeg\" \/>\n<meta name=\"twitter:card\" content=\"summary_large_image\" \/>\n<meta name=\"twitter:site\" content=\"@LBV_Real_Estate\" \/>\n<meta name=\"twitter:label1\" content=\"Dur\u00e9e de lecture estim\u00e9e\" \/>\n\t<meta name=\"twitter:data1\" content=\"2 minutes\" \/>\n<script type=\"application\/ld+json\" class=\"yoast-schema-graph\">{\"@context\":\"https:\\\/\\\/schema.org\",\"@graph\":[{\"@type\":\"WebPage\",\"@id\":\"https:\\\/\\\/labellavitarealestate.com\\\/fr\\\/search-properties\\\/\",\"url\":\"https:\\\/\\\/labellavitarealestate.com\\\/fr\\\/search-properties\\\/\",\"name\":\"Rechercher des propri\u00e9t\u00e9s \u00e0 vendre sur la Costa Blanca et la Costa C\u00e1lida\",\"isPartOf\":{\"@id\":\"https:\\\/\\\/labellavitarealestate.com\\\/fr\\\/#website\"},\"primaryImageOfPage\":{\"@id\":\"https:\\\/\\\/labellavitarealestate.com\\\/fr\\\/search-properties\\\/#primaryimage\"},\"image\":{\"@id\":\"https:\\\/\\\/labellavitarealestate.com\\\/fr\\\/search-properties\\\/#primaryimage\"},\"thumbnailUrl\":\"https:\\\/\\\/labellavitarealestate.com\\\/wp-content\\\/uploads\\\/2025\\\/04\\\/Excellent-New-Build-Luxury-Properties-for-sale-in-Polop-Alicante-04.jpg\",\"datePublished\":\"2025-06-08T19:00:44+00:00\",\"dateModified\":\"2025-06-09T12:41:34+00:00\",\"breadcrumb\":{\"@id\":\"https:\\\/\\\/labellavitarealestate.com\\\/fr\\\/search-properties\\\/#breadcrumb\"},\"inLanguage\":\"fr-FR\",\"potentialAction\":[{\"@type\":\"ReadAction\",\"target\":[\"https:\\\/\\\/labellavitarealestate.com\\\/fr\\\/search-properties\\\/\"]}]},{\"@type\":\"ImageObject\",\"inLanguage\":\"fr-FR\",\"@id\":\"https:\\\/\\\/labellavitarealestate.com\\\/fr\\\/search-properties\\\/#primaryimage\",\"url\":\"https:\\\/\\\/labellavitarealestate.com\\\/wp-content\\\/uploads\\\/2025\\\/04\\\/Excellent-New-Build-Luxury-Properties-for-sale-in-Polop-Alicante-04.jpg\",\"contentUrl\":\"https:\\\/\\\/labellavitarealestate.com\\\/wp-content\\\/uploads\\\/2025\\\/04\\\/Excellent-New-Build-Luxury-Properties-for-sale-in-Polop-Alicante-04.jpg\",\"width\":1170,\"height\":781,\"caption\":\"Stunning New Build Luxury Properties with private pool, garage and basement for sale in Polop, Alicante\"},{\"@type\":\"BreadcrumbList\",\"@id\":\"https:\\\/\\\/labellavitarealestate.com\\\/fr\\\/search-properties\\\/#breadcrumb\",\"itemListElement\":[{\"@type\":\"ListItem\",\"position\":1,\"name\":\"Home\",\"item\":\"https:\\\/\\\/labellavitarealestate.com\\\/fr\\\/\"},{\"@type\":\"ListItem\",\"position\":2,\"name\":\"Rechercher des propri\u00e9t\u00e9s \u00e0 vendre sur la Costa Blanca et la Costa C\u00e1lida | La s\u00e9lection la plus compl\u00e8te de nouvelles constructions et de reventes modernes\"}]},{\"@type\":\"WebSite\",\"@id\":\"https:\\\/\\\/labellavitarealestate.com\\\/fr\\\/#website\",\"url\":\"https:\\\/\\\/labellavitarealestate.com\\\/fr\\\/\",\"name\":\"LA BELLA VITA Real Estate in Costa Blanca, Spain\",\"description\":\"Properties for sale in Costa Blanca\",\"publisher\":{\"@id\":\"https:\\\/\\\/labellavitarealestate.com\\\/fr\\\/#organization\"},\"alternateName\":\"LA BELLA VITA Real Estate\",\"potentialAction\":[{\"@type\":\"SearchAction\",\"target\":{\"@type\":\"EntryPoint\",\"urlTemplate\":\"https:\\\/\\\/labellavitarealestate.com\\\/fr\\\/?s={search_term_string}\"},\"query-input\":{\"@type\":\"PropertyValueSpecification\",\"valueRequired\":true,\"valueName\":\"search_term_string\"}}],\"inLanguage\":\"fr-FR\"},{\"@type\":\"Organization\",\"@id\":\"https:\\\/\\\/labellavitarealestate.com\\\/fr\\\/#organization\",\"name\":\"LA BELLA VITA Real Estate in Costa Blanca\",\"alternateName\":\"LA BELLA VITA\",\"url\":\"https:\\\/\\\/labellavitarealestate.com\\\/fr\\\/\",\"logo\":{\"@type\":\"ImageObject\",\"inLanguage\":\"fr-FR\",\"@id\":\"https:\\\/\\\/labellavitarealestate.com\\\/fr\\\/#\\\/schema\\\/logo\\\/image\\\/\",\"url\":\"https:\\\/\\\/labellavitarealestate.com\\\/wp-content\\\/uploads\\\/2021\\\/12\\\/la-bella-vita-logotype-gold.svg\",\"contentUrl\":\"https:\\\/\\\/labellavitarealestate.com\\\/wp-content\\\/uploads\\\/2021\\\/12\\\/la-bella-vita-logotype-gold.svg\",\"width\":366,\"height\":71,\"caption\":\"LA BELLA VITA Real Estate in Costa Blanca\"},\"image\":{\"@id\":\"https:\\\/\\\/labellavitarealestate.com\\\/fr\\\/#\\\/schema\\\/logo\\\/image\\\/\"},\"sameAs\":[\"https:\\\/\\\/www.facebook.com\\\/labellavitarealestate\",\"https:\\\/\\\/x.com\\\/LBV_Real_Estate\",\"https:\\\/\\\/www.instagram.com\\\/labellavita_real_estate\\\/\",\"https:\\\/\\\/www.linkedin.com\\\/in\\\/labellavitarealestate\\\/\",\"https:\\\/\\\/www.pinterest.es\\\/labellavitarealestate\\\/_saved\\\/\",\"https:\\\/\\\/www.youtube.com\\\/channel\\\/UCP6t8aNDgIarJyJYgFZ4XTA\"]}]}<\/script>\n<!-- \/ Yoast SEO plugin. -->","yoast_head_json":{"title":"Rechercher des propri\u00e9t\u00e9s \u00e0 vendre sur la Costa Blanca et la Costa C\u00e1lida","robots":{"index":"index","follow":"follow","max-snippet":"max-snippet:-1","max-image-preview":"max-image-preview:large","max-video-preview":"max-video-preview:-1"},"canonical":"https:\/\/labellavitarealestate.com\/fr\/search-properties\/","og_locale":"fr_FR","og_type":"article","og_title":"Rechercher des propri\u00e9t\u00e9s \u00e0 vendre sur la Costa Blanca et la Costa C\u00e1lida","og_description":"Rechercher des propri\u00e9t\u00e9s \u00e0 vendre sur la Costa Blanca et la Costa C\u00e1lida | La s\u00e9lection la plus compl\u00e8te de nouvelles constructions et de reventes modernes Bienvenue dans la recherche immobili\u00e8re la plus raffin\u00e9e pour la Costa Blanca et la Costa C\u00e1lida. Chez LA BELLA VITA Real Estate, nous nous sp\u00e9cialisons dans les maisons neuves [&hellip;]","og_url":"https:\/\/labellavitarealestate.com\/fr\/search-properties\/","og_site_name":"LA BELLA VITA Real Estate","article_publisher":"https:\/\/www.facebook.com\/labellavitarealestate","article_modified_time":"2025-06-09T12:41:34+00:00","og_image":[{"width":1170,"height":781,"url":"https:\/\/labellavitarealestate.com\/wp-content\/uploads\/2025\/04\/Excellent-New-Build-Luxury-Properties-for-sale-in-Polop-Alicante-04.jpg","type":"image\/jpeg"}],"twitter_card":"summary_large_image","twitter_site":"@LBV_Real_Estate","twitter_misc":{"Dur\u00e9e de lecture estim\u00e9e":"2 minutes"},"schema":{"@context":"https:\/\/schema.org","@graph":[{"@type":"WebPage","@id":"https:\/\/labellavitarealestate.com\/fr\/search-properties\/","url":"https:\/\/labellavitarealestate.com\/fr\/search-properties\/","name":"Rechercher des propri\u00e9t\u00e9s \u00e0 vendre sur la Costa Blanca et la Costa C\u00e1lida","isPartOf":{"@id":"https:\/\/labellavitarealestate.com\/fr\/#website"},"primaryImageOfPage":{"@id":"https:\/\/labellavitarealestate.com\/fr\/search-properties\/#primaryimage"},"image":{"@id":"https:\/\/labellavitarealestate.com\/fr\/search-properties\/#primaryimage"},"thumbnailUrl":"https:\/\/labellavitarealestate.com\/wp-content\/uploads\/2025\/04\/Excellent-New-Build-Luxury-Properties-for-sale-in-Polop-Alicante-04.jpg","datePublished":"2025-06-08T19:00:44+00:00","dateModified":"2025-06-09T12:41:34+00:00","breadcrumb":{"@id":"https:\/\/labellavitarealestate.com\/fr\/search-properties\/#breadcrumb"},"inLanguage":"fr-FR","potentialAction":[{"@type":"ReadAction","target":["https:\/\/labellavitarealestate.com\/fr\/search-properties\/"]}]},{"@type":"ImageObject","inLanguage":"fr-FR","@id":"https:\/\/labellavitarealestate.com\/fr\/search-properties\/#primaryimage","url":"https:\/\/labellavitarealestate.com\/wp-content\/uploads\/2025\/04\/Excellent-New-Build-Luxury-Properties-for-sale-in-Polop-Alicante-04.jpg","contentUrl":"https:\/\/labellavitarealestate.com\/wp-content\/uploads\/2025\/04\/Excellent-New-Build-Luxury-Properties-for-sale-in-Polop-Alicante-04.jpg","width":1170,"height":781,"caption":"Stunning New Build Luxury Properties with private pool, garage and basement for sale in Polop, Alicante"},{"@type":"BreadcrumbList","@id":"https:\/\/labellavitarealestate.com\/fr\/search-properties\/#breadcrumb","itemListElement":[{"@type":"ListItem","position":1,"name":"Home","item":"https:\/\/labellavitarealestate.com\/fr\/"},{"@type":"ListItem","position":2,"name":"Rechercher des propri\u00e9t\u00e9s \u00e0 vendre sur la Costa Blanca et la Costa C\u00e1lida | La s\u00e9lection la plus compl\u00e8te de nouvelles constructions et de reventes modernes"}]},{"@type":"WebSite","@id":"https:\/\/labellavitarealestate.com\/fr\/#website","url":"https:\/\/labellavitarealestate.com\/fr\/","name":"LA BELLA VITA Real Estate in Costa Blanca, Spain","description":"Properties for sale in Costa Blanca","publisher":{"@id":"https:\/\/labellavitarealestate.com\/fr\/#organization"},"alternateName":"LA BELLA VITA Real Estate","potentialAction":[{"@type":"SearchAction","target":{"@type":"EntryPoint","urlTemplate":"https:\/\/labellavitarealestate.com\/fr\/?s={search_term_string}"},"query-input":{"@type":"PropertyValueSpecification","valueRequired":true,"valueName":"search_term_string"}}],"inLanguage":"fr-FR"},{"@type":"Organization","@id":"https:\/\/labellavitarealestate.com\/fr\/#organization","name":"LA BELLA VITA Real Estate in Costa Blanca","alternateName":"LA BELLA VITA","url":"https:\/\/labellavitarealestate.com\/fr\/","logo":{"@type":"ImageObject","inLanguage":"fr-FR","@id":"https:\/\/labellavitarealestate.com\/fr\/#\/schema\/logo\/image\/","url":"https:\/\/labellavitarealestate.com\/wp-content\/uploads\/2021\/12\/la-bella-vita-logotype-gold.svg","contentUrl":"https:\/\/labellavitarealestate.com\/wp-content\/uploads\/2021\/12\/la-bella-vita-logotype-gold.svg","width":366,"height":71,"caption":"LA BELLA VITA Real Estate in Costa Blanca"},"image":{"@id":"https:\/\/labellavitarealestate.com\/fr\/#\/schema\/logo\/image\/"},"sameAs":["https:\/\/www.facebook.com\/labellavitarealestate","https:\/\/x.com\/LBV_Real_Estate","https:\/\/www.instagram.com\/labellavita_real_estate\/","https:\/\/www.linkedin.com\/in\/labellavitarealestate\/","https:\/\/www.pinterest.es\/labellavitarealestate\/_saved\/","https:\/\/www.youtube.com\/channel\/UCP6t8aNDgIarJyJYgFZ4XTA"]}]}},"_links":{"self":[{"href":"https:\/\/labellavitarealestate.com\/fr\/wp-json\/wp\/v2\/pages\/160103","targetHints":{"allow":["GET"]}}],"collection":[{"href":"https:\/\/labellavitarealestate.com\/fr\/wp-json\/wp\/v2\/pages"}],"about":[{"href":"https:\/\/labellavitarealestate.com\/fr\/wp-json\/wp\/v2\/types\/page"}],"author":[{"embeddable":true,"href":"https:\/\/labellavitarealestate.com\/fr\/wp-json\/wp\/v2\/users\/5"}],"replies":[{"embeddable":true,"href":"https:\/\/labellavitarealestate.com\/fr\/wp-json\/wp\/v2\/comments?post=160103"}],"version-history":[{"count":0,"href":"https:\/\/labellavitarealestate.com\/fr\/wp-json\/wp\/v2\/pages\/160103\/revisions"}],"wp:featuredmedia":[{"embeddable":true,"href":"https:\/\/labellavitarealestate.com\/fr\/wp-json\/wp\/v2\/media\/155584"}],"wp:attachment":[{"href":"https:\/\/labellavitarealestate.com\/fr\/wp-json\/wp\/v2\/media?parent=160103"}],"curies":[{"name":"wp","href":"https:\/\/api.w.org\/{rel}","templated":true}]}}