{"id":23929,"date":"2016-06-10T16:14:29","date_gmt":"2016-06-10T15:14:29","guid":{"rendered":"https:\/\/labellavitarealestate.com\/resultats-de-recherche\/"},"modified":"2022-12-31T14:35:47","modified_gmt":"2022-12-31T14:35:47","slug":"resultats-de-recherche","status":"publish","type":"page","link":"https:\/\/labellavitarealestate.com\/fr\/resultats-de-recherche\/","title":{"rendered":"Rechercher des propri\u00e9t\u00e9s \u00e0 vendre \u00e0 Costa Blanca, Espagne"},"content":{"rendered":"\n<h2 class=\"wp-block-heading\">Rechercher des propri\u00e9t\u00e9s \u00e0 vendre \u00e0 Costa Blanca, Espagne<\/h2>\n\n\n\n<h5 class=\"wp-block-heading\"><strong><a href=\"https:\/\/labellavitarealestate.com\/fr\/resultats-de-recherche\/?type%5B%5D=townhouses\">Maisons mitoyennes<\/a> <\/strong>| <strong><a href=\"https:\/\/labellavitarealestate.com\/fr\/resultats-de-recherche\/?type%5B%5D=semi-detached\">| jumel\u00e9e<\/a> <\/strong> <strong>\n  <a href=\"https:\/\/labellavitarealestate.com\/fr\/resultats-de-recherche\/?type%5B%5D=villas\">Villas<\/a>\n<\/strong><\/h5>\n\n\n\n<h6 class=\"wp-block-heading\"><strong> <a href=\"https:\/\/labellavitarealestate.com\/fr\/resultats-de-recherche\/?type%5B%5D=houses&#038;bedrooms=2\">2 chambres<\/a> | <a href=\"https:\/\/labellavitarealestate.com\/fr\/resultats-de-recherche\/?type%5B%5D=houses&#038;bedrooms=3\">3 chambres<\/a> | <a href=\"https:\/\/labellavitarealestate.com\/fr\/resultats-de-recherche\/?type%5B%5D=houses&#038;bedrooms=4\">4 chambres<\/a><\/strong><\/h6>\n\n\n\n<p>Bienvenue dans notre s\u00e9lection de propri\u00e9t\u00e9s haut de gamme et de haute qualit\u00e9 \u00e0 vendre dans le<strong> <a href=\"https:\/\/labellavitarealestate.com\/fr\/area\/costa-blanca-sud-fr\/\">sud<\/a><\/strong> et le <a href=\"https:\/\/labellavitarealestate.com\/fr\/area\/costa-blanca-nord-fr\/\">\n  <strong>nord<\/strong>\n<\/a> de la Costa Blanca, en Espagne! Dans <strong>LA BELLA VITA Real Estate<\/strong> , nous collaborons et avons acc\u00e8s \u00e0 toutes les promotions de la <strong>\n  <a href=\"https:\/\/labellavitarealestate.com\/fr\/costa-blanca\/\">Costa Blanca<\/a>\n<\/strong>, de sorte que vous pouvez toujours trouver ici les projets les plus <a href=\"https:\/\/labellavitarealestate.com\/fr\/Etiquette\/nouveau-developpement\/\">int\u00e9ressants en cours de d\u00e9veloppement<\/a>.<\/p>\n\n\n\n<p>Les destinations les plus populaires pour les acheteurs de maisons cette ann\u00e9e sont sans aucun doute <strong><a href=\"https:\/\/labellavitarealestate.com\/fr\/Ville\/ciudad-quesada-fr\/\">Ciudad Quesada<\/a>, <a href=\"https:\/\/labellavitarealestate.com\/fr\/Ville\/benijofar-fr\/\">Benijofar<\/a><a href=\"https:\/\/labellavitarealestate.com\/fr\/Ville\/orihuela-costa-fr\/\">, Orihuela Costa, Campoamor<\/a>, <a href=\"https:\/\/labellavitarealestate.com\/fr\/Ville\/villamartin-fr\/\">Villamartin<\/a>, <a href=\"https:\/\/labellavitarealestate.com\/fr\/Ville\/san-miguel-de-salinas-fr\/\">San Miguel de Salinas<\/a>, <a href=\"https:\/\/labellavitarealestate.com\/fr\/Ville\/torrevieja-fr\/\">Torrevieja<\/a>,<\/strong> <strong>Guardamar del Segura.<\/strong><\/p>\n\n\n\n<p>Des \u00e9tiquettes comme <strong><a href=\"https:\/\/labellavitarealestate.com\/fr\/Etiquette\/a-cote-de-la-plage\/\">NEXT TO BEACH<\/a>, <a href=\"https:\/\/labellavitarealestate.com\/fr\/Etiquette\/a-cote-du-golf\/\">NEXT TO GOLF<\/a>, <a href=\"https:\/\/labellavitarealestate.com\/fr\/Etiquette\/vue-sur-la-mer\/\">SEA VIEW<\/a> <\/strong>ou<strong> <a href=\"https:\/\/labellavitarealestate.com\/fr\/Etiquette\/dans-la-ville\/\">IN THE CITY<\/a><\/strong> vous permettent de trouver facilement le style de vie dont vous r\u00eavez.<\/p>\n\n\n\n<p>Pour votre tranquillit\u00e9 d&#8217;esprit, nous vous proposons \u00e9galement un service de <strong>&#8220;personal shopper&#8221;<\/strong>, dans le cadre duquel nous contactons directement les constructeurs, les banques et les agences afin de trouver uniquement des b\u00e2timents neufs r\u00e9pondant \u00e0 vos exigences. Alors n\u2019h\u00e9sitez pas \u00e0 <strong>nous contacter<\/strong> et \u00e0 obtenir l\u2019aide d\u2019experts <strong>absolument gratuitement!<\/strong><\/p>\n\n\n\n<p><\/p>\n\n\n\n<p><\/p>\n\n\n\n<p><\/p>\n\n\n\n<p><\/p>\n","protected":false},"excerpt":{"rendered":"<p>Rechercher des propri\u00e9t\u00e9s \u00e0 vendre \u00e0 Costa Blanca, Espagne Maisons mitoyennes | | jumel\u00e9e Villas 2 chambres | 3 chambres | 4 chambres Bienvenue dans notre s\u00e9lection de propri\u00e9t\u00e9s haut de gamme et de haute qualit\u00e9 \u00e0 vendre dans le sud et le nord de la Costa Blanca, en Espagne! Dans LA BELLA VITA Real [&hellip;]<\/p>\n","protected":false},"author":2,"featured_media":84506,"parent":0,"menu_order":0,"comment_status":"closed","ping_status":"closed","template":"template\/template-search.php","meta":{"footnotes":""},"class_list":["post-23929","page","type-page","status-publish","has-post-thumbnail","hentry"],"yoast_head":"<!-- This site is optimized with the Yoast SEO plugin v27.4 - https:\/\/yoast.com\/product\/yoast-seo-wordpress\/ -->\n<title>Rechercher des propri\u00e9t\u00e9s \u00e0 vendre \u00e0 Costa Blanca, Espagne | LA BELLA VITA Immobilier<\/title>\n<meta name=\"description\" content=\"Top S\u00e9lection de propri\u00e9t\u00e9s de haute qualit\u00e9 \u00e0 vendre \u00e0 Costa Blanca, Alicante, Espagne | Vous pouvez choisir parmi une vari\u00e9t\u00e9 d\u2019appartements, villas...\" \/>\n<meta name=\"robots\" content=\"index, follow, max-snippet:-1, max-image-preview:large, max-video-preview:-1\" \/>\n<link rel=\"canonical\" href=\"https:\/\/labellavitarealestate.com\/fr\/resultats-de-recherche\/\" \/>\n<meta property=\"og:locale\" content=\"fr_FR\" \/>\n<meta property=\"og:type\" content=\"article\" \/>\n<meta property=\"og:title\" content=\"Rechercher des propri\u00e9t\u00e9s \u00e0 vendre \u00e0 Costa Blanca, Espagne | LA BELLA VITA Immobilier\" \/>\n<meta property=\"og:description\" content=\"Top S\u00e9lection de propri\u00e9t\u00e9s de haute qualit\u00e9 \u00e0 vendre \u00e0 Costa Blanca, Alicante, Espagne | Vous pouvez choisir parmi une vari\u00e9t\u00e9 d\u2019appartements, villas...\" \/>\n<meta property=\"og:url\" content=\"https:\/\/labellavitarealestate.com\/fr\/resultats-de-recherche\/\" \/>\n<meta property=\"og:site_name\" content=\"LA BELLA VITA Real Estate\" \/>\n<meta property=\"article:publisher\" content=\"https:\/\/www.facebook.com\/labellavitarealestate\" \/>\n<meta property=\"article:modified_time\" content=\"2022-12-31T14:35:47+00:00\" \/>\n<meta property=\"og:image\" content=\"https:\/\/labellavitarealestate.com\/wp-content\/uploads\/2023\/09\/Brand-new-Luxury-properties-with-fantastic-views-in-Polop-Costa-Blanca-1.jpg\" \/>\n\t<meta property=\"og:image:width\" content=\"1170\" \/>\n\t<meta property=\"og:image:height\" content=\"761\" \/>\n\t<meta property=\"og:image:type\" content=\"image\/jpeg\" \/>\n<meta name=\"twitter:card\" content=\"summary_large_image\" \/>\n<meta name=\"twitter:description\" content=\"Top S\u00e9lection de propri\u00e9t\u00e9s de haute qualit\u00e9 \u00e0 vendre \u00e0 Costa Blanca, Alicante, Espagne | Vous pouvez choisir parmi une vari\u00e9t\u00e9 d\u2019appartements, villas...\" \/>\n<meta name=\"twitter:site\" content=\"@LBV_Real_Estate\" \/>\n<meta name=\"twitter:label1\" content=\"Dur\u00e9e de lecture estim\u00e9e\" \/>\n\t<meta name=\"twitter:data1\" content=\"1 minute\" \/>\n<script type=\"application\/ld+json\" class=\"yoast-schema-graph\">{\"@context\":\"https:\\\/\\\/schema.org\",\"@graph\":[{\"@type\":\"WebPage\",\"@id\":\"https:\\\/\\\/labellavitarealestate.com\\\/fr\\\/resultats-de-recherche\\\/\",\"url\":\"https:\\\/\\\/labellavitarealestate.com\\\/fr\\\/resultats-de-recherche\\\/\",\"name\":\"Rechercher des propri\u00e9t\u00e9s \u00e0 vendre \u00e0 Costa Blanca, Espagne | LA BELLA VITA Immobilier\",\"isPartOf\":{\"@id\":\"https:\\\/\\\/labellavitarealestate.com\\\/fr\\\/#website\"},\"primaryImageOfPage\":{\"@id\":\"https:\\\/\\\/labellavitarealestate.com\\\/fr\\\/resultats-de-recherche\\\/#primaryimage\"},\"image\":{\"@id\":\"https:\\\/\\\/labellavitarealestate.com\\\/fr\\\/resultats-de-recherche\\\/#primaryimage\"},\"thumbnailUrl\":\"https:\\\/\\\/labellavitarealestate.com\\\/wp-content\\\/uploads\\\/2023\\\/09\\\/Brand-new-Luxury-properties-with-fantastic-views-in-Polop-Costa-Blanca-1.jpg\",\"datePublished\":\"2016-06-10T15:14:29+00:00\",\"dateModified\":\"2022-12-31T14:35:47+00:00\",\"description\":\"Top S\u00e9lection de propri\u00e9t\u00e9s de haute qualit\u00e9 \u00e0 vendre \u00e0 Costa Blanca, Alicante, Espagne | Vous pouvez choisir parmi une vari\u00e9t\u00e9 d\u2019appartements, villas...\",\"breadcrumb\":{\"@id\":\"https:\\\/\\\/labellavitarealestate.com\\\/fr\\\/resultats-de-recherche\\\/#breadcrumb\"},\"inLanguage\":\"fr-FR\",\"potentialAction\":[{\"@type\":\"ReadAction\",\"target\":[\"https:\\\/\\\/labellavitarealestate.com\\\/fr\\\/resultats-de-recherche\\\/\"]}]},{\"@type\":\"ImageObject\",\"inLanguage\":\"fr-FR\",\"@id\":\"https:\\\/\\\/labellavitarealestate.com\\\/fr\\\/resultats-de-recherche\\\/#primaryimage\",\"url\":\"https:\\\/\\\/labellavitarealestate.com\\\/wp-content\\\/uploads\\\/2023\\\/09\\\/Brand-new-Luxury-properties-with-fantastic-views-in-Polop-Costa-Blanca-1.jpg\",\"contentUrl\":\"https:\\\/\\\/labellavitarealestate.com\\\/wp-content\\\/uploads\\\/2023\\\/09\\\/Brand-new-Luxury-properties-with-fantastic-views-in-Polop-Costa-Blanca-1.jpg\",\"width\":1170,\"height\":761,\"caption\":\"Brand-new Luxury properties with fantastic views in Polop, Costa Blanca North, Alicante, Spain\"},{\"@type\":\"BreadcrumbList\",\"@id\":\"https:\\\/\\\/labellavitarealestate.com\\\/fr\\\/resultats-de-recherche\\\/#breadcrumb\",\"itemListElement\":[{\"@type\":\"ListItem\",\"position\":1,\"name\":\"Home\",\"item\":\"https:\\\/\\\/labellavitarealestate.com\\\/fr\\\/\"},{\"@type\":\"ListItem\",\"position\":2,\"name\":\"Rechercher des propri\u00e9t\u00e9s \u00e0 vendre \u00e0 Costa Blanca, Espagne\"}]},{\"@type\":\"WebSite\",\"@id\":\"https:\\\/\\\/labellavitarealestate.com\\\/fr\\\/#website\",\"url\":\"https:\\\/\\\/labellavitarealestate.com\\\/fr\\\/\",\"name\":\"LA BELLA VITA Real Estate in Costa Blanca, Spain\",\"description\":\"Properties for sale in Costa Blanca\",\"publisher\":{\"@id\":\"https:\\\/\\\/labellavitarealestate.com\\\/fr\\\/#organization\"},\"alternateName\":\"LA BELLA VITA Real Estate\",\"potentialAction\":[{\"@type\":\"SearchAction\",\"target\":{\"@type\":\"EntryPoint\",\"urlTemplate\":\"https:\\\/\\\/labellavitarealestate.com\\\/fr\\\/?s={search_term_string}\"},\"query-input\":{\"@type\":\"PropertyValueSpecification\",\"valueRequired\":true,\"valueName\":\"search_term_string\"}}],\"inLanguage\":\"fr-FR\"},{\"@type\":\"Organization\",\"@id\":\"https:\\\/\\\/labellavitarealestate.com\\\/fr\\\/#organization\",\"name\":\"LA BELLA VITA Real Estate in Costa Blanca\",\"alternateName\":\"LA BELLA VITA\",\"url\":\"https:\\\/\\\/labellavitarealestate.com\\\/fr\\\/\",\"logo\":{\"@type\":\"ImageObject\",\"inLanguage\":\"fr-FR\",\"@id\":\"https:\\\/\\\/labellavitarealestate.com\\\/fr\\\/#\\\/schema\\\/logo\\\/image\\\/\",\"url\":\"https:\\\/\\\/labellavitarealestate.com\\\/wp-content\\\/uploads\\\/2021\\\/12\\\/la-bella-vita-logotype-gold.svg\",\"contentUrl\":\"https:\\\/\\\/labellavitarealestate.com\\\/wp-content\\\/uploads\\\/2021\\\/12\\\/la-bella-vita-logotype-gold.svg\",\"width\":366,\"height\":71,\"caption\":\"LA BELLA VITA Real Estate in Costa Blanca\"},\"image\":{\"@id\":\"https:\\\/\\\/labellavitarealestate.com\\\/fr\\\/#\\\/schema\\\/logo\\\/image\\\/\"},\"sameAs\":[\"https:\\\/\\\/www.facebook.com\\\/labellavitarealestate\",\"https:\\\/\\\/x.com\\\/LBV_Real_Estate\",\"https:\\\/\\\/www.instagram.com\\\/labellavita_real_estate\\\/\",\"https:\\\/\\\/www.linkedin.com\\\/in\\\/labellavitarealestate\\\/\",\"https:\\\/\\\/www.pinterest.es\\\/labellavitarealestate\\\/_saved\\\/\",\"https:\\\/\\\/www.youtube.com\\\/channel\\\/UCP6t8aNDgIarJyJYgFZ4XTA\"]}]}<\/script>\n<!-- \/ Yoast SEO plugin. -->","yoast_head_json":{"title":"Rechercher des propri\u00e9t\u00e9s \u00e0 vendre \u00e0 Costa Blanca, Espagne | LA BELLA VITA Immobilier","description":"Top S\u00e9lection de propri\u00e9t\u00e9s de haute qualit\u00e9 \u00e0 vendre \u00e0 Costa Blanca, Alicante, Espagne | Vous pouvez choisir parmi une vari\u00e9t\u00e9 d\u2019appartements, villas...","robots":{"index":"index","follow":"follow","max-snippet":"max-snippet:-1","max-image-preview":"max-image-preview:large","max-video-preview":"max-video-preview:-1"},"canonical":"https:\/\/labellavitarealestate.com\/fr\/resultats-de-recherche\/","og_locale":"fr_FR","og_type":"article","og_title":"Rechercher des propri\u00e9t\u00e9s \u00e0 vendre \u00e0 Costa Blanca, Espagne | LA BELLA VITA Immobilier","og_description":"Top S\u00e9lection de propri\u00e9t\u00e9s de haute qualit\u00e9 \u00e0 vendre \u00e0 Costa Blanca, Alicante, Espagne | Vous pouvez choisir parmi une vari\u00e9t\u00e9 d\u2019appartements, villas...","og_url":"https:\/\/labellavitarealestate.com\/fr\/resultats-de-recherche\/","og_site_name":"LA BELLA VITA Real Estate","article_publisher":"https:\/\/www.facebook.com\/labellavitarealestate","article_modified_time":"2022-12-31T14:35:47+00:00","og_image":[{"width":1170,"height":761,"url":"https:\/\/labellavitarealestate.com\/wp-content\/uploads\/2023\/09\/Brand-new-Luxury-properties-with-fantastic-views-in-Polop-Costa-Blanca-1.jpg","type":"image\/jpeg"}],"twitter_card":"summary_large_image","twitter_description":"Top S\u00e9lection de propri\u00e9t\u00e9s de haute qualit\u00e9 \u00e0 vendre \u00e0 Costa Blanca, Alicante, Espagne | Vous pouvez choisir parmi une vari\u00e9t\u00e9 d\u2019appartements, villas...","twitter_site":"@LBV_Real_Estate","twitter_misc":{"Dur\u00e9e de lecture estim\u00e9e":"1 minute"},"schema":{"@context":"https:\/\/schema.org","@graph":[{"@type":"WebPage","@id":"https:\/\/labellavitarealestate.com\/fr\/resultats-de-recherche\/","url":"https:\/\/labellavitarealestate.com\/fr\/resultats-de-recherche\/","name":"Rechercher des propri\u00e9t\u00e9s \u00e0 vendre \u00e0 Costa Blanca, Espagne | LA BELLA VITA Immobilier","isPartOf":{"@id":"https:\/\/labellavitarealestate.com\/fr\/#website"},"primaryImageOfPage":{"@id":"https:\/\/labellavitarealestate.com\/fr\/resultats-de-recherche\/#primaryimage"},"image":{"@id":"https:\/\/labellavitarealestate.com\/fr\/resultats-de-recherche\/#primaryimage"},"thumbnailUrl":"https:\/\/labellavitarealestate.com\/wp-content\/uploads\/2023\/09\/Brand-new-Luxury-properties-with-fantastic-views-in-Polop-Costa-Blanca-1.jpg","datePublished":"2016-06-10T15:14:29+00:00","dateModified":"2022-12-31T14:35:47+00:00","description":"Top S\u00e9lection de propri\u00e9t\u00e9s de haute qualit\u00e9 \u00e0 vendre \u00e0 Costa Blanca, Alicante, Espagne | Vous pouvez choisir parmi une vari\u00e9t\u00e9 d\u2019appartements, villas...","breadcrumb":{"@id":"https:\/\/labellavitarealestate.com\/fr\/resultats-de-recherche\/#breadcrumb"},"inLanguage":"fr-FR","potentialAction":[{"@type":"ReadAction","target":["https:\/\/labellavitarealestate.com\/fr\/resultats-de-recherche\/"]}]},{"@type":"ImageObject","inLanguage":"fr-FR","@id":"https:\/\/labellavitarealestate.com\/fr\/resultats-de-recherche\/#primaryimage","url":"https:\/\/labellavitarealestate.com\/wp-content\/uploads\/2023\/09\/Brand-new-Luxury-properties-with-fantastic-views-in-Polop-Costa-Blanca-1.jpg","contentUrl":"https:\/\/labellavitarealestate.com\/wp-content\/uploads\/2023\/09\/Brand-new-Luxury-properties-with-fantastic-views-in-Polop-Costa-Blanca-1.jpg","width":1170,"height":761,"caption":"Brand-new Luxury properties with fantastic views in Polop, Costa Blanca North, Alicante, Spain"},{"@type":"BreadcrumbList","@id":"https:\/\/labellavitarealestate.com\/fr\/resultats-de-recherche\/#breadcrumb","itemListElement":[{"@type":"ListItem","position":1,"name":"Home","item":"https:\/\/labellavitarealestate.com\/fr\/"},{"@type":"ListItem","position":2,"name":"Rechercher des propri\u00e9t\u00e9s \u00e0 vendre \u00e0 Costa Blanca, Espagne"}]},{"@type":"WebSite","@id":"https:\/\/labellavitarealestate.com\/fr\/#website","url":"https:\/\/labellavitarealestate.com\/fr\/","name":"LA BELLA VITA Real Estate in Costa Blanca, Spain","description":"Properties for sale in Costa Blanca","publisher":{"@id":"https:\/\/labellavitarealestate.com\/fr\/#organization"},"alternateName":"LA BELLA VITA Real Estate","potentialAction":[{"@type":"SearchAction","target":{"@type":"EntryPoint","urlTemplate":"https:\/\/labellavitarealestate.com\/fr\/?s={search_term_string}"},"query-input":{"@type":"PropertyValueSpecification","valueRequired":true,"valueName":"search_term_string"}}],"inLanguage":"fr-FR"},{"@type":"Organization","@id":"https:\/\/labellavitarealestate.com\/fr\/#organization","name":"LA BELLA VITA Real Estate in Costa Blanca","alternateName":"LA BELLA VITA","url":"https:\/\/labellavitarealestate.com\/fr\/","logo":{"@type":"ImageObject","inLanguage":"fr-FR","@id":"https:\/\/labellavitarealestate.com\/fr\/#\/schema\/logo\/image\/","url":"https:\/\/labellavitarealestate.com\/wp-content\/uploads\/2021\/12\/la-bella-vita-logotype-gold.svg","contentUrl":"https:\/\/labellavitarealestate.com\/wp-content\/uploads\/2021\/12\/la-bella-vita-logotype-gold.svg","width":366,"height":71,"caption":"LA BELLA VITA Real Estate in Costa Blanca"},"image":{"@id":"https:\/\/labellavitarealestate.com\/fr\/#\/schema\/logo\/image\/"},"sameAs":["https:\/\/www.facebook.com\/labellavitarealestate","https:\/\/x.com\/LBV_Real_Estate","https:\/\/www.instagram.com\/labellavita_real_estate\/","https:\/\/www.linkedin.com\/in\/labellavitarealestate\/","https:\/\/www.pinterest.es\/labellavitarealestate\/_saved\/","https:\/\/www.youtube.com\/channel\/UCP6t8aNDgIarJyJYgFZ4XTA"]}]}},"_links":{"self":[{"href":"https:\/\/labellavitarealestate.com\/fr\/wp-json\/wp\/v2\/pages\/23929","targetHints":{"allow":["GET"]}}],"collection":[{"href":"https:\/\/labellavitarealestate.com\/fr\/wp-json\/wp\/v2\/pages"}],"about":[{"href":"https:\/\/labellavitarealestate.com\/fr\/wp-json\/wp\/v2\/types\/page"}],"author":[{"embeddable":true,"href":"https:\/\/labellavitarealestate.com\/fr\/wp-json\/wp\/v2\/users\/2"}],"replies":[{"embeddable":true,"href":"https:\/\/labellavitarealestate.com\/fr\/wp-json\/wp\/v2\/comments?post=23929"}],"version-history":[{"count":0,"href":"https:\/\/labellavitarealestate.com\/fr\/wp-json\/wp\/v2\/pages\/23929\/revisions"}],"wp:featuredmedia":[{"embeddable":true,"href":"https:\/\/labellavitarealestate.com\/fr\/wp-json\/wp\/v2\/media\/84506"}],"wp:attachment":[{"href":"https:\/\/labellavitarealestate.com\/fr\/wp-json\/wp\/v2\/media?parent=23929"}],"curies":[{"name":"wp","href":"https:\/\/api.w.org\/{rel}","templated":true}]}}