{"id":24514,"date":"2021-11-07T18:14:33","date_gmt":"2021-11-07T18:14:33","guid":{"rendered":"https:\/\/labellavitarealestate.com\/tours\/"},"modified":"2022-10-13T18:10:23","modified_gmt":"2022-10-13T18:10:23","slug":"tours","status":"publish","type":"page","link":"https:\/\/labellavitarealestate.com\/fr\/tours\/","title":{"rendered":"Tours"},"content":{"rendered":"\n<h2 class=\"wp-block-heading\">Les circuits de la Costa Blanca sont en cours de d\u00e9veloppement.<\/h2>\n\n<p>Ici, nous partagerons les derni\u00e8res vid\u00e9os des endroits et des propri\u00e9t\u00e9s les plus int\u00e9ressants de la r\u00e9gion.<\/p>\n\n<p>Abonnez-vous en utilisant le formulaire ci-dessous pour \u00eatre le premier \u00e0 conna\u00eetre la premi\u00e8re publication!<\/p>\n","protected":false},"excerpt":{"rendered":"<p>Les circuits de la Costa Blanca sont en cours de d\u00e9veloppement. Ici, nous partagerons les derni\u00e8res vid\u00e9os des endroits et des propri\u00e9t\u00e9s les plus int\u00e9ressants de la r\u00e9gion. Abonnez-vous en utilisant le formulaire ci-dessous pour \u00eatre le premier \u00e0 conna\u00eetre la premi\u00e8re publication!<\/p>\n","protected":false},"author":2,"featured_media":0,"parent":0,"menu_order":0,"comment_status":"closed","ping_status":"closed","template":"","meta":{"footnotes":""},"class_list":["post-24514","page","type-page","status-publish","hentry"],"yoast_head":"<!-- This site is optimized with the Yoast SEO plugin v27.4 - https:\/\/yoast.com\/product\/yoast-seo-wordpress\/ -->\n<title>Tours | LA BELLA VITA Real Estate<\/title>\n<meta name=\"robots\" content=\"index, follow, max-snippet:-1, max-image-preview:large, max-video-preview:-1\" \/>\n<link rel=\"canonical\" href=\"https:\/\/labellavitarealestate.com\/fr\/tours\/\" \/>\n<meta property=\"og:locale\" content=\"fr_FR\" \/>\n<meta property=\"og:type\" content=\"article\" \/>\n<meta property=\"og:title\" content=\"Tours | LA BELLA VITA Real Estate\" \/>\n<meta property=\"og:description\" content=\"Les circuits de la Costa Blanca sont en cours de d\u00e9veloppement. Ici, nous partagerons les derni\u00e8res vid\u00e9os des endroits et des propri\u00e9t\u00e9s les plus int\u00e9ressants de la r\u00e9gion. Abonnez-vous en utilisant le formulaire ci-dessous pour \u00eatre le premier \u00e0 conna\u00eetre la premi\u00e8re publication!\" \/>\n<meta property=\"og:url\" content=\"https:\/\/labellavitarealestate.com\/fr\/tours\/\" \/>\n<meta property=\"og:site_name\" content=\"LA BELLA VITA Real Estate\" \/>\n<meta property=\"article:publisher\" content=\"https:\/\/www.facebook.com\/labellavitarealestate\" \/>\n<meta property=\"article:modified_time\" content=\"2022-10-13T18:10:23+00:00\" \/>\n<meta property=\"og:image\" content=\"https:\/\/labellavitarealestate.com\/wp-content\/uploads\/2023\/02\/LA-BELLA-VITA-Real-Estate-Costa-Blanca-Spain.jpg\" \/>\n\t<meta property=\"og:image:width\" content=\"1200\" \/>\n\t<meta property=\"og:image:height\" content=\"628\" \/>\n\t<meta property=\"og:image:type\" content=\"image\/jpeg\" \/>\n<meta name=\"twitter:card\" content=\"summary_large_image\" \/>\n<meta name=\"twitter:site\" content=\"@LBV_Real_Estate\" \/>\n<script type=\"application\/ld+json\" class=\"yoast-schema-graph\">{\"@context\":\"https:\\\/\\\/schema.org\",\"@graph\":[{\"@type\":\"WebPage\",\"@id\":\"https:\\\/\\\/labellavitarealestate.com\\\/fr\\\/tours\\\/\",\"url\":\"https:\\\/\\\/labellavitarealestate.com\\\/fr\\\/tours\\\/\",\"name\":\"Tours | LA BELLA VITA Real Estate\",\"isPartOf\":{\"@id\":\"https:\\\/\\\/labellavitarealestate.com\\\/fr\\\/#website\"},\"datePublished\":\"2021-11-07T18:14:33+00:00\",\"dateModified\":\"2022-10-13T18:10:23+00:00\",\"breadcrumb\":{\"@id\":\"https:\\\/\\\/labellavitarealestate.com\\\/fr\\\/tours\\\/#breadcrumb\"},\"inLanguage\":\"fr-FR\",\"potentialAction\":[{\"@type\":\"ReadAction\",\"target\":[\"https:\\\/\\\/labellavitarealestate.com\\\/fr\\\/tours\\\/\"]}]},{\"@type\":\"BreadcrumbList\",\"@id\":\"https:\\\/\\\/labellavitarealestate.com\\\/fr\\\/tours\\\/#breadcrumb\",\"itemListElement\":[{\"@type\":\"ListItem\",\"position\":1,\"name\":\"Home\",\"item\":\"https:\\\/\\\/labellavitarealestate.com\\\/fr\\\/\"},{\"@type\":\"ListItem\",\"position\":2,\"name\":\"Tours\"}]},{\"@type\":\"WebSite\",\"@id\":\"https:\\\/\\\/labellavitarealestate.com\\\/fr\\\/#website\",\"url\":\"https:\\\/\\\/labellavitarealestate.com\\\/fr\\\/\",\"name\":\"LA BELLA VITA Real Estate in Costa Blanca, Spain\",\"description\":\"Properties for sale in Costa Blanca\",\"publisher\":{\"@id\":\"https:\\\/\\\/labellavitarealestate.com\\\/fr\\\/#organization\"},\"alternateName\":\"LA BELLA VITA Real Estate\",\"potentialAction\":[{\"@type\":\"SearchAction\",\"target\":{\"@type\":\"EntryPoint\",\"urlTemplate\":\"https:\\\/\\\/labellavitarealestate.com\\\/fr\\\/?s={search_term_string}\"},\"query-input\":{\"@type\":\"PropertyValueSpecification\",\"valueRequired\":true,\"valueName\":\"search_term_string\"}}],\"inLanguage\":\"fr-FR\"},{\"@type\":\"Organization\",\"@id\":\"https:\\\/\\\/labellavitarealestate.com\\\/fr\\\/#organization\",\"name\":\"LA BELLA VITA Real Estate in Costa Blanca\",\"alternateName\":\"LA BELLA VITA\",\"url\":\"https:\\\/\\\/labellavitarealestate.com\\\/fr\\\/\",\"logo\":{\"@type\":\"ImageObject\",\"inLanguage\":\"fr-FR\",\"@id\":\"https:\\\/\\\/labellavitarealestate.com\\\/fr\\\/#\\\/schema\\\/logo\\\/image\\\/\",\"url\":\"https:\\\/\\\/labellavitarealestate.com\\\/wp-content\\\/uploads\\\/2021\\\/12\\\/la-bella-vita-logotype-gold.svg\",\"contentUrl\":\"https:\\\/\\\/labellavitarealestate.com\\\/wp-content\\\/uploads\\\/2021\\\/12\\\/la-bella-vita-logotype-gold.svg\",\"width\":366,\"height\":71,\"caption\":\"LA BELLA VITA Real Estate in Costa Blanca\"},\"image\":{\"@id\":\"https:\\\/\\\/labellavitarealestate.com\\\/fr\\\/#\\\/schema\\\/logo\\\/image\\\/\"},\"sameAs\":[\"https:\\\/\\\/www.facebook.com\\\/labellavitarealestate\",\"https:\\\/\\\/x.com\\\/LBV_Real_Estate\",\"https:\\\/\\\/www.instagram.com\\\/labellavita_real_estate\\\/\",\"https:\\\/\\\/www.linkedin.com\\\/in\\\/labellavitarealestate\\\/\",\"https:\\\/\\\/www.pinterest.es\\\/labellavitarealestate\\\/_saved\\\/\",\"https:\\\/\\\/www.youtube.com\\\/channel\\\/UCP6t8aNDgIarJyJYgFZ4XTA\"]}]}<\/script>\n<!-- \/ Yoast SEO plugin. -->","yoast_head_json":{"title":"Tours | LA BELLA VITA Real Estate","robots":{"index":"index","follow":"follow","max-snippet":"max-snippet:-1","max-image-preview":"max-image-preview:large","max-video-preview":"max-video-preview:-1"},"canonical":"https:\/\/labellavitarealestate.com\/fr\/tours\/","og_locale":"fr_FR","og_type":"article","og_title":"Tours | LA BELLA VITA Real Estate","og_description":"Les circuits de la Costa Blanca sont en cours de d\u00e9veloppement. Ici, nous partagerons les derni\u00e8res vid\u00e9os des endroits et des propri\u00e9t\u00e9s les plus int\u00e9ressants de la r\u00e9gion. Abonnez-vous en utilisant le formulaire ci-dessous pour \u00eatre le premier \u00e0 conna\u00eetre la premi\u00e8re publication!","og_url":"https:\/\/labellavitarealestate.com\/fr\/tours\/","og_site_name":"LA BELLA VITA Real Estate","article_publisher":"https:\/\/www.facebook.com\/labellavitarealestate","article_modified_time":"2022-10-13T18:10:23+00:00","og_image":[{"width":1200,"height":628,"url":"https:\/\/labellavitarealestate.com\/wp-content\/uploads\/2023\/02\/LA-BELLA-VITA-Real-Estate-Costa-Blanca-Spain.jpg","type":"image\/jpeg"}],"twitter_card":"summary_large_image","twitter_site":"@LBV_Real_Estate","schema":{"@context":"https:\/\/schema.org","@graph":[{"@type":"WebPage","@id":"https:\/\/labellavitarealestate.com\/fr\/tours\/","url":"https:\/\/labellavitarealestate.com\/fr\/tours\/","name":"Tours | LA BELLA VITA Real Estate","isPartOf":{"@id":"https:\/\/labellavitarealestate.com\/fr\/#website"},"datePublished":"2021-11-07T18:14:33+00:00","dateModified":"2022-10-13T18:10:23+00:00","breadcrumb":{"@id":"https:\/\/labellavitarealestate.com\/fr\/tours\/#breadcrumb"},"inLanguage":"fr-FR","potentialAction":[{"@type":"ReadAction","target":["https:\/\/labellavitarealestate.com\/fr\/tours\/"]}]},{"@type":"BreadcrumbList","@id":"https:\/\/labellavitarealestate.com\/fr\/tours\/#breadcrumb","itemListElement":[{"@type":"ListItem","position":1,"name":"Home","item":"https:\/\/labellavitarealestate.com\/fr\/"},{"@type":"ListItem","position":2,"name":"Tours"}]},{"@type":"WebSite","@id":"https:\/\/labellavitarealestate.com\/fr\/#website","url":"https:\/\/labellavitarealestate.com\/fr\/","name":"LA BELLA VITA Real Estate in Costa Blanca, Spain","description":"Properties for sale in Costa Blanca","publisher":{"@id":"https:\/\/labellavitarealestate.com\/fr\/#organization"},"alternateName":"LA BELLA VITA Real Estate","potentialAction":[{"@type":"SearchAction","target":{"@type":"EntryPoint","urlTemplate":"https:\/\/labellavitarealestate.com\/fr\/?s={search_term_string}"},"query-input":{"@type":"PropertyValueSpecification","valueRequired":true,"valueName":"search_term_string"}}],"inLanguage":"fr-FR"},{"@type":"Organization","@id":"https:\/\/labellavitarealestate.com\/fr\/#organization","name":"LA BELLA VITA Real Estate in Costa Blanca","alternateName":"LA BELLA VITA","url":"https:\/\/labellavitarealestate.com\/fr\/","logo":{"@type":"ImageObject","inLanguage":"fr-FR","@id":"https:\/\/labellavitarealestate.com\/fr\/#\/schema\/logo\/image\/","url":"https:\/\/labellavitarealestate.com\/wp-content\/uploads\/2021\/12\/la-bella-vita-logotype-gold.svg","contentUrl":"https:\/\/labellavitarealestate.com\/wp-content\/uploads\/2021\/12\/la-bella-vita-logotype-gold.svg","width":366,"height":71,"caption":"LA BELLA VITA Real Estate in Costa Blanca"},"image":{"@id":"https:\/\/labellavitarealestate.com\/fr\/#\/schema\/logo\/image\/"},"sameAs":["https:\/\/www.facebook.com\/labellavitarealestate","https:\/\/x.com\/LBV_Real_Estate","https:\/\/www.instagram.com\/labellavita_real_estate\/","https:\/\/www.linkedin.com\/in\/labellavitarealestate\/","https:\/\/www.pinterest.es\/labellavitarealestate\/_saved\/","https:\/\/www.youtube.com\/channel\/UCP6t8aNDgIarJyJYgFZ4XTA"]}]}},"_links":{"self":[{"href":"https:\/\/labellavitarealestate.com\/fr\/wp-json\/wp\/v2\/pages\/24514","targetHints":{"allow":["GET"]}}],"collection":[{"href":"https:\/\/labellavitarealestate.com\/fr\/wp-json\/wp\/v2\/pages"}],"about":[{"href":"https:\/\/labellavitarealestate.com\/fr\/wp-json\/wp\/v2\/types\/page"}],"author":[{"embeddable":true,"href":"https:\/\/labellavitarealestate.com\/fr\/wp-json\/wp\/v2\/users\/2"}],"replies":[{"embeddable":true,"href":"https:\/\/labellavitarealestate.com\/fr\/wp-json\/wp\/v2\/comments?post=24514"}],"version-history":[{"count":0,"href":"https:\/\/labellavitarealestate.com\/fr\/wp-json\/wp\/v2\/pages\/24514\/revisions"}],"wp:attachment":[{"href":"https:\/\/labellavitarealestate.com\/fr\/wp-json\/wp\/v2\/media?parent=24514"}],"curies":[{"name":"wp","href":"https:\/\/api.w.org\/{rel}","templated":true}]}}