{"id":24733,"date":"2016-03-10T18:51:46","date_gmt":"2016-03-10T18:51:46","guid":{"rendered":"https:\/\/labellavitarealestate.com\/termes-et-conditions\/"},"modified":"2022-10-13T18:10:21","modified_gmt":"2022-10-13T18:10:21","slug":"termes-et-conditions","status":"publish","type":"page","link":"https:\/\/labellavitarealestate.com\/fr\/termes-et-conditions\/","title":{"rendered":"Termes et conditions"},"content":{"rendered":"\n<h2 class=\"wp-block-heading\">Mentions l\u00e9gales<\/h2>\n\n<p>Conform\u00e9ment \u00e0 la loi 34\/2002, du 11 juillet, sur les services de la soci\u00e9t\u00e9 de l\u2019information et le commerce \u00e9lectronique (LSSI), nous vous informons que:<\/p>\n\n<p>LA BELLA VITA REAL ESTATE son adresse est C\/ Medico Basilio Paredes 17, Cp: 03140 de Guardamar del Segura (Alicante).<\/p>\n\n<p>Coordonn\u00e9es : T\u00e9l\u00e9phone : 634 127 186<\/p>\n\n<p>Courriel : labellavitarealestate@gmail.com<\/p>\n\n<p><\/p>\n\n<h2 class=\"wp-block-heading\">Conditions G\u00e9n\u00e9rales d\u2019Utilisation du Site Immobilier La Bella Vita<\/h2>\n\n<p>Le nom de domaine labellavitarealestate.com est la propri\u00e9t\u00e9 de LA BELLA VITA REAL ESTATE et son usage exclusif lui est r\u00e9serv\u00e9.<\/p>\n\n<p>La page web officielle de labellavitarealestate.com est con\u00e7ue pour informer le grand public sur les activit\u00e9s de l\u2019organisation, ainsi que sur les produits et services qu\u2019elle offre dans le domaine de la PROMOTION IMMOBILI\u00c8RE.<\/p>\n\n<p>L\u2019utilisation de ce site Web implique l\u2019acceptation pleine et inconditionnelle des termes et conditions \u00e9nonc\u00e9s dans les pr\u00e9sentes, sans \u00e9gard aux conditions sp\u00e9ciales qui peuvent s\u2019appliquer \u00e0 certains des produits ou services sp\u00e9cifiques fournis via le site Web.<\/p>\n\n<p>LA BELLA VITA REAL ESTATE se r\u00e9serve le droit d\u2019apporter des modifications et des mises \u00e0 jour aux informations sur son site Web, ainsi qu\u2019\u00e0 leur configuration et \u00e0 leur pr\u00e9sentation, \u00e0 tout moment et sans pr\u00e9avis.<\/p>\n\n<p>Pour maintenir les informations sur le site \u00e0 jour, son contenu peut \u00eatre modifi\u00e9, corrig\u00e9, \u00e9limin\u00e9 ou ajout\u00e9 \u00e0 tout moment, il est donc pr\u00e9f\u00e9rable de v\u00e9rifier sa validit\u00e9 ou son exactitude en contactant des sources officielles.<\/p>\n\n<p><\/p>\n\n<h2 class=\"wp-block-heading\">Propri\u00e9t\u00e9 intellectuelle et industrielle et cadres<\/h2>\n\n<p>Toutes les parties du site Web, y compris sa structure, son design, son code source, ses logos, ses marques et autres indicateurs reconnaissables, sont la propri\u00e9t\u00e9 de LA BELLA VITA REAL ESTATE ou de ses collaborateurs et sont prot\u00e9g\u00e9es par des droits de propri\u00e9t\u00e9 intellectuelle et industrielle.<\/p>\n\n<p>De m\u00eame, les photographies et autres \u00e9l\u00e9ments graphiques pr\u00e9sents dans les pages sont prot\u00e9g\u00e9s par les droits de propri\u00e9t\u00e9 intellectuelle et industrielle qui s\u2019appliquent.<\/p>\n\n<p>Le cadrage ou l\u2019utilisation par des tiers de toute autre technique qui modifie la conception, la configuration originale ou le contenu de nos sites Web est absolument interdit par LA BELLA VITA REAL ESTATE.<\/p>\n\n<p>L\u2019utilisation du contenu doit respecter les termes de leurs licences respectives. En cons\u00e9quence, sans l\u2019autorisation explicite et expresse de LA BELLA VITA REAL ESTATE, son utilisation, reproduction, distribution, communication publique, transformation, ou toute autre activit\u00e9 similaire ou identique est absolument interdite.<\/p>\n\n<p>En ce qui concerne les citations de nouvelles, produits et services de tiers qui peuvent appara\u00eetre sur le site Web, LA BELLA VITA REAL ESTATE reconna\u00eet les droits de propri\u00e9t\u00e9 industrielle et intellectuelle correspondants en faveur de leurs propri\u00e9taires, et leur simple mention ou apparition sur le site Web n\u2019implique pas l\u2019existence de droits ou de responsabilit\u00e9, ni n\u2019implique aucune approbation,  parrainage ou recommandation.<\/p>\n\n<p>LA BELLA VITA REAL ESTATE annonce son respect des droits de propri\u00e9t\u00e9 intellectuelle et industrielle de tiers ; Si vous pensez que nos portails enfreignent vos droits, veuillez contacter LA BELLA VITA REAL ESTATE.<\/p>\n\n<p><\/p>\n\n<h2 class=\"wp-block-heading\">Responsabilit\u00e9<\/h2>\n\n<p>LA BELLA VITA REAL ESTATE ne garantit pas l\u2019absence d\u2019erreurs dans l\u2019acc\u00e8s, le contenu ou la mise \u00e0 jour du site Web, mais LA BELLA VITA REAL ESTATE utilisera des mesures raisonnables pour les \u00e9viter, les corriger ou les mettre \u00e0 jour si n\u00e9cessaire.<\/p>\n\n<p>L\u2019utilisateur est seul responsable de l\u2019acc\u00e8s et de l\u2019utilisation des sites Web de LA BELLA VITA REAL ESTATE et des informations qu\u2019ils contiennent.<\/p>\n\n<p>LA BELLA VITA REAL ESTATE n\u2019est pas responsable d\u2019\u00e9ventuelles erreurs de s\u00e9curit\u00e9, ni d\u2019\u00e9ventuels dommages au syst\u00e8me informatique (mat\u00e9riel et logiciel), aux fichiers ou documents qui y sont stock\u00e9s de l\u2019Utilisateur, r\u00e9sultant de la pr\u00e9sence d\u2019un virus dans l\u2019ordinateur de l\u2019Utilisateur utilis\u00e9 pour se connecter aux services et contenus du Site, d\u2019un dysfonctionnement du navigateur,  ou l\u2019utilisation de versions non mises \u00e0 jour de ceux-ci.<\/p>\n\n<p>LA BELLA VITA REAL ESTATE n\u2019est pas responsable des informations et contenus stock\u00e9s sur le site Web de LA BELLA VITA REAL ESTATE, y compris, mais sans s\u2019y limiter, dans les forums, les chats, les blogs, les commentaires, les r\u00e9seaux sociaux ou tout autre moyen permettant \u00e0 des tiers de publier ind\u00e9pendamment des contenus sur le site Web de LA BELLA VITA REAL ESTATE.<\/p>\n\n<p>Cependant, conform\u00e9ment \u00e0 la LSSI, LA BELLA VITA REAL ESTATE est \u00e0 la disposition de tous les utilisateurs, autorit\u00e9s et forces de s\u00e9curit\u00e9, et participe activement \u00e0 la suppression ou au blocage de tout contenu susceptible de porter atteinte ou de contrevenir au droit national ou international, aux droits des tiers, \u00e0 la moralit\u00e9 ou \u00e0 l\u2019ordre public. Si un utilisateur estime qu\u2019un contenu du site Web rel\u00e8ve de cette classification, veuillez en informer LA BELLA VITA REAL ESTATE.<\/p>\n\n<p><\/p>\n\n<h2 class=\"wp-block-heading\">Liens ou hyperliens<\/h2>\n\n<p>Le site Web peut inclure des hyperliens vers du contenu de sites Web tiers. L\u2019objectif de ces liens est de vous permettre de trouver plus facilement sur Internet des documents susceptibles de vous int\u00e9resser. Ces pages, cependant, n\u2019appartiennent pas \u00e0 LA BELLA VITA REAL ESTATE, et il ne passe pas en revue leur contenu. En cons\u00e9quence, LA BELLA VITA REAL ESTATE d\u00e9cline toute responsabilit\u00e9 pour le contenu, les informations ou les services qui peuvent appara\u00eetre sur ces sites, qui sont uniquement informatifs et n\u2019impliquent aucune relation entre LA BELLA VITA REAL ESTATE et les personnes ou entit\u00e9s qui poss\u00e8dent ce contenu ou les propri\u00e9taires des sites o\u00f9 ils se trouvent. LA BELLA VITA REAL ESTATE n\u2019assume aucune responsabilit\u00e9 pour la fonctionnalit\u00e9 de la page li\u00e9e ou tout dommage potentiel pouvant r\u00e9sulter de l\u2019acc\u00e8s ou de l\u2019utilisation de celle-ci.<\/p>\n\n<p>Les conditions suivantes doivent \u00eatre suivies lors de la cr\u00e9ation de liens vers le site la BELLA VITA REAL ESTATE :<\/p>\n\n<p>1. La formation de la connexion n\u2019implique aucun type d\u2019accord, de contrat, de parrainage ou de recommandation de la page qui fait le lien par LA BELLA VITA REAL ESTATE.<\/p>\n\n<p>2. La page Web sur laquelle l\u2019hyperlien est \u00e9tabli ne contiendra pas de mat\u00e9riel ill\u00e9gal, discriminatoire, contraire aux principes \u00e9thiques g\u00e9n\u00e9ralement accept\u00e9s ou contraire \u00e0 l\u2019ordre public, ni d\u2019informations portant atteinte aux droits de tiers.<\/p>\n\n<p>3. LA BELLA VITA REAL ESTATE peut demander la suppression d\u2019un lien vers son site Web, sans qu\u2019il soit n\u00e9cessaire de donner une quelconque raison. Dans ce cas, la page qui a fait le lien doit proc\u00e9der \u00e0 sa suppression imm\u00e9diate, d\u00e8s que LA BELLA VITA REAL ESTATE re\u00e7oit la notification.<\/p>\n\n<p>4. LA BELLA VITA REAL ESTATE n\u2019assume aucune responsabilit\u00e9 quant \u00e0 la qualit\u00e9, l\u2019exactitude, la fiabilit\u00e9, l\u2019exactitude ou la moralit\u00e9 des informations ou des services fournis par la cr\u00e9ation de l\u2019hyperlien. Toutes les r\u00e9percussions, dommages ou actions r\u00e9sultant de l\u2019acc\u00e8s au site hyperli\u00e9 sont de la seule responsabilit\u00e9 de l\u2019utilisateur.<\/p>\n\n<p><\/p>\n\n<h2 class=\"wp-block-heading\">Protection des donn\u00e9es personnelles<\/h2>\n\n<p>LA BELLA VITA REAL ESTATE se consacre fermement au respect des r\u00e8gles de confidentialit\u00e9 des donn\u00e9es personnelles et assure le plein respect des obligations \u00e9nonc\u00e9es, ainsi que l\u2019ex\u00e9cution des mesures de s\u00e9curit\u00e9 n\u00e9cessaires pour fournir un niveau de s\u00e9curit\u00e9 proportionnel au risque.<\/p>\n\n<p>LA BELLA VITA REAL ESTATE met sa politique de confidentialit\u00e9 \u00e0 la disposition des utilisateurs via le formulaire Web \u00e0 labellavitarealestate.com et fournit plus d\u2019informations sur le traitement des donn\u00e9es.<\/p>\n","protected":false},"excerpt":{"rendered":"<p>Mentions l\u00e9gales Conform\u00e9ment \u00e0 la loi 34\/2002, du 11 juillet, sur les services de la soci\u00e9t\u00e9 de l\u2019information et le commerce \u00e9lectronique (LSSI), nous vous informons que: LA BELLA VITA REAL ESTATE son adresse est C\/ Medico Basilio Paredes 17, Cp: 03140 de Guardamar del Segura (Alicante). Coordonn\u00e9es : T\u00e9l\u00e9phone : 634 127 186 Courriel [&hellip;]<\/p>\n","protected":false},"author":2,"featured_media":0,"parent":0,"menu_order":0,"comment_status":"closed","ping_status":"closed","template":"","meta":{"footnotes":""},"class_list":["post-24733","page","type-page","status-publish","hentry"],"yoast_head":"<!-- This site is optimized with the Yoast SEO plugin v27.3 - https:\/\/yoast.com\/product\/yoast-seo-wordpress\/ -->\n<title>Termes et conditions | LA BELLA VITA Real Estate<\/title>\n<meta name=\"robots\" content=\"index, follow, max-snippet:-1, max-image-preview:large, max-video-preview:-1\" \/>\n<link rel=\"canonical\" href=\"https:\/\/labellavitarealestate.com\/fr\/termes-et-conditions\/\" \/>\n<meta property=\"og:locale\" content=\"fr_FR\" \/>\n<meta property=\"og:type\" content=\"article\" \/>\n<meta property=\"og:title\" content=\"Termes et conditions | LA BELLA VITA Real Estate\" \/>\n<meta property=\"og:description\" content=\"Mentions l\u00e9gales Conform\u00e9ment \u00e0 la loi 34\/2002, du 11 juillet, sur les services de la soci\u00e9t\u00e9 de l\u2019information et le commerce \u00e9lectronique (LSSI), nous vous informons que: LA BELLA VITA REAL ESTATE son adresse est C\/ Medico Basilio Paredes 17, Cp: 03140 de Guardamar del Segura (Alicante). Coordonn\u00e9es : T\u00e9l\u00e9phone : 634 127 186 Courriel [&hellip;]\" \/>\n<meta property=\"og:url\" content=\"https:\/\/labellavitarealestate.com\/fr\/termes-et-conditions\/\" \/>\n<meta property=\"og:site_name\" content=\"LA BELLA VITA Real Estate\" \/>\n<meta property=\"article:publisher\" content=\"https:\/\/www.facebook.com\/labellavitarealestate\" \/>\n<meta property=\"article:modified_time\" content=\"2022-10-13T18:10:21+00:00\" \/>\n<meta property=\"og:image\" content=\"https:\/\/labellavitarealestate.com\/wp-content\/uploads\/2023\/02\/LA-BELLA-VITA-Real-Estate-Costa-Blanca-Spain.jpg\" \/>\n\t<meta property=\"og:image:width\" content=\"1200\" \/>\n\t<meta property=\"og:image:height\" content=\"628\" \/>\n\t<meta property=\"og:image:type\" content=\"image\/jpeg\" \/>\n<meta name=\"twitter:card\" content=\"summary_large_image\" \/>\n<meta name=\"twitter:site\" content=\"@LBV_Real_Estate\" \/>\n<meta name=\"twitter:label1\" content=\"Dur\u00e9e de lecture estim\u00e9e\" \/>\n\t<meta name=\"twitter:data1\" content=\"6 minutes\" \/>\n<script type=\"application\/ld+json\" class=\"yoast-schema-graph\">{\"@context\":\"https:\\\/\\\/schema.org\",\"@graph\":[{\"@type\":\"WebPage\",\"@id\":\"https:\\\/\\\/labellavitarealestate.com\\\/fr\\\/termes-et-conditions\\\/\",\"url\":\"https:\\\/\\\/labellavitarealestate.com\\\/fr\\\/termes-et-conditions\\\/\",\"name\":\"Termes et conditions | LA BELLA VITA Real Estate\",\"isPartOf\":{\"@id\":\"https:\\\/\\\/labellavitarealestate.com\\\/fr\\\/#website\"},\"datePublished\":\"2016-03-10T18:51:46+00:00\",\"dateModified\":\"2022-10-13T18:10:21+00:00\",\"breadcrumb\":{\"@id\":\"https:\\\/\\\/labellavitarealestate.com\\\/fr\\\/termes-et-conditions\\\/#breadcrumb\"},\"inLanguage\":\"fr-FR\",\"potentialAction\":[{\"@type\":\"ReadAction\",\"target\":[\"https:\\\/\\\/labellavitarealestate.com\\\/fr\\\/termes-et-conditions\\\/\"]}]},{\"@type\":\"BreadcrumbList\",\"@id\":\"https:\\\/\\\/labellavitarealestate.com\\\/fr\\\/termes-et-conditions\\\/#breadcrumb\",\"itemListElement\":[{\"@type\":\"ListItem\",\"position\":1,\"name\":\"Home\",\"item\":\"https:\\\/\\\/labellavitarealestate.com\\\/fr\\\/\"},{\"@type\":\"ListItem\",\"position\":2,\"name\":\"Termes et conditions\"}]},{\"@type\":\"WebSite\",\"@id\":\"https:\\\/\\\/labellavitarealestate.com\\\/fr\\\/#website\",\"url\":\"https:\\\/\\\/labellavitarealestate.com\\\/fr\\\/\",\"name\":\"LA BELLA VITA Real Estate in Costa Blanca, Spain\",\"description\":\"Properties for sale in Costa Blanca\",\"publisher\":{\"@id\":\"https:\\\/\\\/labellavitarealestate.com\\\/fr\\\/#organization\"},\"alternateName\":\"LA BELLA VITA Real Estate\",\"potentialAction\":[{\"@type\":\"SearchAction\",\"target\":{\"@type\":\"EntryPoint\",\"urlTemplate\":\"https:\\\/\\\/labellavitarealestate.com\\\/fr\\\/?s={search_term_string}\"},\"query-input\":{\"@type\":\"PropertyValueSpecification\",\"valueRequired\":true,\"valueName\":\"search_term_string\"}}],\"inLanguage\":\"fr-FR\"},{\"@type\":\"Organization\",\"@id\":\"https:\\\/\\\/labellavitarealestate.com\\\/fr\\\/#organization\",\"name\":\"LA BELLA VITA Real Estate in Costa Blanca\",\"alternateName\":\"LA BELLA VITA\",\"url\":\"https:\\\/\\\/labellavitarealestate.com\\\/fr\\\/\",\"logo\":{\"@type\":\"ImageObject\",\"inLanguage\":\"fr-FR\",\"@id\":\"https:\\\/\\\/labellavitarealestate.com\\\/fr\\\/#\\\/schema\\\/logo\\\/image\\\/\",\"url\":\"https:\\\/\\\/labellavitarealestate.com\\\/wp-content\\\/uploads\\\/2021\\\/12\\\/la-bella-vita-logotype-gold.svg\",\"contentUrl\":\"https:\\\/\\\/labellavitarealestate.com\\\/wp-content\\\/uploads\\\/2021\\\/12\\\/la-bella-vita-logotype-gold.svg\",\"width\":366,\"height\":71,\"caption\":\"LA BELLA VITA Real Estate in Costa Blanca\"},\"image\":{\"@id\":\"https:\\\/\\\/labellavitarealestate.com\\\/fr\\\/#\\\/schema\\\/logo\\\/image\\\/\"},\"sameAs\":[\"https:\\\/\\\/www.facebook.com\\\/labellavitarealestate\",\"https:\\\/\\\/x.com\\\/LBV_Real_Estate\",\"https:\\\/\\\/www.instagram.com\\\/labellavita_real_estate\\\/\",\"https:\\\/\\\/www.linkedin.com\\\/in\\\/labellavitarealestate\\\/\",\"https:\\\/\\\/www.pinterest.es\\\/labellavitarealestate\\\/_saved\\\/\",\"https:\\\/\\\/www.youtube.com\\\/channel\\\/UCP6t8aNDgIarJyJYgFZ4XTA\"]}]}<\/script>\n<!-- \/ Yoast SEO plugin. -->","yoast_head_json":{"title":"Termes et conditions | LA BELLA VITA Real Estate","robots":{"index":"index","follow":"follow","max-snippet":"max-snippet:-1","max-image-preview":"max-image-preview:large","max-video-preview":"max-video-preview:-1"},"canonical":"https:\/\/labellavitarealestate.com\/fr\/termes-et-conditions\/","og_locale":"fr_FR","og_type":"article","og_title":"Termes et conditions | LA BELLA VITA Real Estate","og_description":"Mentions l\u00e9gales Conform\u00e9ment \u00e0 la loi 34\/2002, du 11 juillet, sur les services de la soci\u00e9t\u00e9 de l\u2019information et le commerce \u00e9lectronique (LSSI), nous vous informons que: LA BELLA VITA REAL ESTATE son adresse est C\/ Medico Basilio Paredes 17, Cp: 03140 de Guardamar del Segura (Alicante). Coordonn\u00e9es : T\u00e9l\u00e9phone : 634 127 186 Courriel [&hellip;]","og_url":"https:\/\/labellavitarealestate.com\/fr\/termes-et-conditions\/","og_site_name":"LA BELLA VITA Real Estate","article_publisher":"https:\/\/www.facebook.com\/labellavitarealestate","article_modified_time":"2022-10-13T18:10:21+00:00","og_image":[{"width":1200,"height":628,"url":"https:\/\/labellavitarealestate.com\/wp-content\/uploads\/2023\/02\/LA-BELLA-VITA-Real-Estate-Costa-Blanca-Spain.jpg","type":"image\/jpeg"}],"twitter_card":"summary_large_image","twitter_site":"@LBV_Real_Estate","twitter_misc":{"Dur\u00e9e de lecture estim\u00e9e":"6 minutes"},"schema":{"@context":"https:\/\/schema.org","@graph":[{"@type":"WebPage","@id":"https:\/\/labellavitarealestate.com\/fr\/termes-et-conditions\/","url":"https:\/\/labellavitarealestate.com\/fr\/termes-et-conditions\/","name":"Termes et conditions | LA BELLA VITA Real Estate","isPartOf":{"@id":"https:\/\/labellavitarealestate.com\/fr\/#website"},"datePublished":"2016-03-10T18:51:46+00:00","dateModified":"2022-10-13T18:10:21+00:00","breadcrumb":{"@id":"https:\/\/labellavitarealestate.com\/fr\/termes-et-conditions\/#breadcrumb"},"inLanguage":"fr-FR","potentialAction":[{"@type":"ReadAction","target":["https:\/\/labellavitarealestate.com\/fr\/termes-et-conditions\/"]}]},{"@type":"BreadcrumbList","@id":"https:\/\/labellavitarealestate.com\/fr\/termes-et-conditions\/#breadcrumb","itemListElement":[{"@type":"ListItem","position":1,"name":"Home","item":"https:\/\/labellavitarealestate.com\/fr\/"},{"@type":"ListItem","position":2,"name":"Termes et conditions"}]},{"@type":"WebSite","@id":"https:\/\/labellavitarealestate.com\/fr\/#website","url":"https:\/\/labellavitarealestate.com\/fr\/","name":"LA BELLA VITA Real Estate in Costa Blanca, Spain","description":"Properties for sale in Costa Blanca","publisher":{"@id":"https:\/\/labellavitarealestate.com\/fr\/#organization"},"alternateName":"LA BELLA VITA Real Estate","potentialAction":[{"@type":"SearchAction","target":{"@type":"EntryPoint","urlTemplate":"https:\/\/labellavitarealestate.com\/fr\/?s={search_term_string}"},"query-input":{"@type":"PropertyValueSpecification","valueRequired":true,"valueName":"search_term_string"}}],"inLanguage":"fr-FR"},{"@type":"Organization","@id":"https:\/\/labellavitarealestate.com\/fr\/#organization","name":"LA BELLA VITA Real Estate in Costa Blanca","alternateName":"LA BELLA VITA","url":"https:\/\/labellavitarealestate.com\/fr\/","logo":{"@type":"ImageObject","inLanguage":"fr-FR","@id":"https:\/\/labellavitarealestate.com\/fr\/#\/schema\/logo\/image\/","url":"https:\/\/labellavitarealestate.com\/wp-content\/uploads\/2021\/12\/la-bella-vita-logotype-gold.svg","contentUrl":"https:\/\/labellavitarealestate.com\/wp-content\/uploads\/2021\/12\/la-bella-vita-logotype-gold.svg","width":366,"height":71,"caption":"LA BELLA VITA Real Estate in Costa Blanca"},"image":{"@id":"https:\/\/labellavitarealestate.com\/fr\/#\/schema\/logo\/image\/"},"sameAs":["https:\/\/www.facebook.com\/labellavitarealestate","https:\/\/x.com\/LBV_Real_Estate","https:\/\/www.instagram.com\/labellavita_real_estate\/","https:\/\/www.linkedin.com\/in\/labellavitarealestate\/","https:\/\/www.pinterest.es\/labellavitarealestate\/_saved\/","https:\/\/www.youtube.com\/channel\/UCP6t8aNDgIarJyJYgFZ4XTA"]}]}},"_links":{"self":[{"href":"https:\/\/labellavitarealestate.com\/fr\/wp-json\/wp\/v2\/pages\/24733","targetHints":{"allow":["GET"]}}],"collection":[{"href":"https:\/\/labellavitarealestate.com\/fr\/wp-json\/wp\/v2\/pages"}],"about":[{"href":"https:\/\/labellavitarealestate.com\/fr\/wp-json\/wp\/v2\/types\/page"}],"author":[{"embeddable":true,"href":"https:\/\/labellavitarealestate.com\/fr\/wp-json\/wp\/v2\/users\/2"}],"replies":[{"embeddable":true,"href":"https:\/\/labellavitarealestate.com\/fr\/wp-json\/wp\/v2\/comments?post=24733"}],"version-history":[{"count":0,"href":"https:\/\/labellavitarealestate.com\/fr\/wp-json\/wp\/v2\/pages\/24733\/revisions"}],"wp:attachment":[{"href":"https:\/\/labellavitarealestate.com\/fr\/wp-json\/wp\/v2\/media?parent=24733"}],"curies":[{"name":"wp","href":"https:\/\/api.w.org\/{rel}","templated":true}]}}