{"id":24501,"date":"2016-03-10T18:51:46","date_gmt":"2016-03-10T18:51:46","guid":{"rendered":"https:\/\/labellavitarealestate.com\/termini-e-condizioni\/"},"modified":"2022-10-13T18:10:21","modified_gmt":"2022-10-13T18:10:21","slug":"termini-e-condizioni","status":"publish","type":"page","link":"https:\/\/labellavitarealestate.com\/it\/termini-e-condizioni\/","title":{"rendered":"Termini e condizioni"},"content":{"rendered":"\n<h2 class=\"wp-block-heading\">Note legali<\/h2>\n\n<p>In conformit\u00e0 con la legge 34\/2002, dell&#8217;11 luglio, sui servizi della societ\u00e0 dell&#8217;informazione e il commercio elettronico (LSSI), vi informiamo che:<\/p>\n\n<p>LA BELLA VITA REAL ESTATE il suo indirizzo \u00e8 C\/ Medico Basilio Paredes 17, Cp: 03140 de Guardamar del Segura (Alicante).<\/p>\n\n<p>Contatto: Telefono: 634 127 186<\/p>\n\n<p>E-mail: labellavitarealestate@gmail.com<\/p>\n\n<p><\/p>\n\n<h2 class=\"wp-block-heading\">Condizioni Generali di Utilizzo del sito la Bella Vita Real Estate<\/h2>\n\n<p>Il nome a dominio labellavitarealestate.com \u00e8 di propriet\u00e0 di LA BELLA VITA REAL ESTATE e ad esso \u00e8 riservato l&#8217;uso esclusivo.<\/p>\n\n<p>La pagina web ufficiale di labellavitarealestate.com \u00e8 progettata per informare il pubblico sulle attivit\u00e0 dell&#8217;organizzazione, nonch\u00e9 sui prodotti e servizi che offre nel campo della PROMOZIONE IMMOBILIARE.<\/p>\n\n<p>L&#8217;utilizzo di questo sito web implica l&#8217;accettazione piena e incondizionata dei termini e delle condizioni qui stabiliti, indipendentemente da eventuali termini speciali che potrebbero applicarsi a determinati dei prodotti o servizi specifici forniti attraverso il sito web.<\/p>\n\n<p>LA BELLA VITA REAL ESTATE si riserva il diritto di apportare modifiche e aggiornamenti alle informazioni sul proprio sito web, nonch\u00e9 alla loro configurazione e presentazione, in qualsiasi momento e senza preavviso.<\/p>\n\n<p>Per mantenere aggiornate le informazioni sul sito, i suoi contenuti possono essere modificati, corretti, eliminati o aggiunti in qualsiasi momento, quindi \u00e8 meglio ricontrollarne la validit\u00e0 o l&#8217;accuratezza contattando fonti ufficiali.<\/p>\n\n<p><\/p>\n\n<h2 class=\"wp-block-heading\">Propriet\u00e0 intellettuale e industriale e cornici<\/h2>\n\n<p>Tutte le parti del sito web, compresa la sua struttura, il design, il codice sorgente, i loghi, i marchi e altri indicatori riconoscibili, sono di propriet\u00e0 di LA BELLA VITA REAL ESTATE o dei suoi collaboratori e sono protette dai diritti di propriet\u00e0 intellettuale e industriale.<\/p>\n\n<p>Allo stesso modo, le fotografie e gli altri componenti grafici presenti nelle pagine sono protetti dai diritti di propriet\u00e0 intellettuale e industriale applicabili.<\/p>\n\n<p>Il framing o l&#8217;utilizzo da parte di terzi di qualsiasi altra tecnica che alteri il design, la configurazione originale o i contenuti dei nostri siti Web \u00e8 assolutamente vietato da LA BELLA VITA REAL ESTATE.<\/p>\n\n<p>L&#8217;utilizzo dei contenuti deve rispettare i termini delle rispettive licenze. Di conseguenza, senza l&#8217;esplicito ed esplicito permesso di LA BELLA VITA REAL ESTATE, il suo utilizzo, riproduzione, distribuzione, comunicazione pubblica, trasformazione o qualsiasi altra attivit\u00e0 simile o identica \u00e8 assolutamente vietato.<\/p>\n\n<p>Per quanto riguarda le citazioni di notizie, prodotti e servizi di terze parti che possono apparire sul sito web, LA BELLA VITA REAL ESTATE riconosce i corrispondenti diritti di propriet\u00e0 industriale e intellettuale a favore dei loro proprietari, e la loro semplice menzione o apparizione sul sito web non implica l&#8217;esistenza di alcun diritto o responsabilit\u00e0, n\u00e9 implica alcuna approvazione,  sponsorizzazione o raccomandazione.<\/p>\n\n<p>LA BELLA VITA REAL ESTATE annuncia il rispetto dei diritti di propriet\u00e0 intellettuale e industriale di terzi; se ritieni che i nostri portali violino i tuoi diritti, contatta LA BELLA VITA REAL ESTATE.<\/p>\n\n<p><\/p>\n\n<h2 class=\"wp-block-heading\">Responsabilit\u00e0<\/h2>\n\n<p>LA BELLA VITA REAL ESTATE non garantisce l&#8217;assenza di errori nell&#8217;accesso, nel contenuto o nell&#8217;aggiornamento del sito Web, tuttavia LA BELLA VITA REAL ESTATE utilizzer\u00e0 misure ragionevoli per evitarle, correggerle o aggiornarle se necessario.<\/p>\n\n<p>L&#8217;utente \u00e8 l&#8217;unico responsabile dell&#8217;accesso e dell&#8217;utilizzo dei siti web di LA BELLA VITA REAL ESTATE e delle informazioni in esso contenute.<\/p>\n\n<p>LA BELLA VITA REAL ESTATE non \u00e8 responsabile per eventuali errori di sicurezza, n\u00e9 per eventuali danni al sistema informatico dell&#8217;Utente (hardware e software), file o documenti in esso memorizzati, a seguito della presenza di un virus nel computer dell&#8217;Utente utilizzato per connettersi ai servizi e ai contenuti del Sito Web, un malfunzionamento del browser,  o l&#8217;uso di versioni non aggiornate dello stesso.<\/p>\n\n<p>LA BELLA VITA REAL ESTATE non \u00e8 responsabile per le informazioni e i contenuti memorizzati sul sito web di LA BELLA VITA REAL ESTATE, inclusi, a titolo esemplificativo ma non esaustivo, forum, chat, blog, commenti, social network o qualsiasi altro mezzo che consenta a terzi di pubblicare autonomamente contenuti sul sito web di LA BELLA VITA REAL ESTATE.<\/p>\n\n<p>Tuttavia, in conformit\u00e0 con la LSSI, LA BELLA VITA REAL ESTATE \u00e8 a disposizione di tutti gli utenti, le autorit\u00e0 e le forze di sicurezza e partecipa attivamente alla rimozione o al blocco di qualsiasi contenuto che possa danneggiare o violare il diritto nazionale o internazionale, i diritti di terzi, la moralit\u00e0 o l&#8217;ordine pubblico. Se un utente ritiene che qualsiasi contenuto del sito web rientri in questa classificazione, si prega di informare LA BELLA VITA REAL ESTATE.<\/p>\n\n<p><\/p>\n\n<h2 class=\"wp-block-heading\">Collegamenti o collegamenti ipertestuali<\/h2>\n\n<p>Il sito Web pu\u00f2 includere collegamenti ipertestuali a contenuti di siti Web di terze parti. L&#8217;obiettivo di questi collegamenti \u00e8 quello di rendere pi\u00f9 facile per voi trovare materiali su Internet che potrebbero essere di vostro interesse. Queste pagine, tuttavia, non appartengono a LA BELLA VITA REAL ESTATE, e non ne recensiscono il contenuto. Di conseguenza, LA BELLA VITA REAL ESTATE non si assume alcuna responsabilit\u00e0 per il contenuto, le informazioni o i servizi che possono apparire su questi siti, che sono esclusivamente informativi e non implicano alcuna relazione tra LA BELLA VITA REAL ESTATE e le persone o entit\u00e0 che possiedono tali contenuti o i proprietari dei siti in cui si trovano. LA BELLA VITA REAL ESTATE non si assume alcuna responsabilit\u00e0 per la funzionalit\u00e0 della pagina collegata o per eventuali danni che potrebbero derivare dall&#8217;accesso o dall&#8217;utilizzo della stessa.<\/p>\n\n<p>Le seguenti condizioni devono essere seguite quando si collega al sito web di LA BELLA VITA REAL ESTATE:<\/p>\n\n<p>1. La formazione della connessione non implica alcun tipo di accordo, contratto, sponsorizzazione o raccomandazione della pagina che effettua il collegamento da parte di LA BELLA VITA REAL ESTATE.<\/p>\n\n<p>2. La pagina web su cui \u00e8 stabilito il collegamento ipertestuale non conterr\u00e0 materiale illegale, discriminatorio, in contraddizione con i principi etici generalmente accettati o contro l&#8217;ordine pubblico, n\u00e9 conterr\u00e0 informazioni che violano i diritti di terzi.<\/p>\n\n<p>3. LA BELLA VITA REAL ESTATE pu\u00f2 richiedere la rimozione di un link al proprio sito web, senza necessit\u00e0 di fornire alcuna motivazione. In questo caso, la pagina che ha effettuato il link deve procedere alla sua immediata rimozione, non appena LA BELLA VITA REAL ESTATE riceve la notifica.<\/p>\n\n<p>4. LA BELLA VITA REAL ESTATE non si assume alcuna responsabilit\u00e0 per la qualit\u00e0, l&#8217;accuratezza, l&#8217;affidabilit\u00e0, la correttezza o la moralit\u00e0 delle informazioni o dei servizi forniti dalla creazione del collegamento ipertestuale. Eventuali ripercussioni, danni o azioni derivanti dall&#8217;accesso al sito Web con collegamento ipertestuale sono di esclusiva responsabilit\u00e0 dell&#8217;utente.<\/p>\n\n<p><\/p>\n\n<h2 class=\"wp-block-heading\">Protezione dei dati personali<\/h2>\n\n<p>LA BELLA VITA REAL ESTATE \u00e8 fermamente dedicata al rispetto delle norme sulla privacy dei dati personali e assicura il pieno rispetto degli obblighi stabiliti, nonch\u00e9 l&#8217;esecuzione delle misure di sicurezza necessarie per fornire un livello di sicurezza proporzionato al rischio.<\/p>\n\n<p>LA BELLA VITA REAL ESTATE mette a disposizione degli utenti la propria Privacy Policy tramite il modulo web all&#8217;labellavitarealestate.com, e fornisce maggiori informazioni sul trattamento dei dati.<\/p>\n","protected":false},"excerpt":{"rendered":"<p>Note legali In conformit\u00e0 con la legge 34\/2002, dell&#8217;11 luglio, sui servizi della societ\u00e0 dell&#8217;informazione e il commercio elettronico (LSSI), vi informiamo che: LA BELLA VITA REAL ESTATE il suo indirizzo \u00e8 C\/ Medico Basilio Paredes 17, Cp: 03140 de Guardamar del Segura (Alicante). Contatto: Telefono: 634 127 186 E-mail: labellavitarealestate@gmail.com Condizioni Generali di Utilizzo [&hellip;]<\/p>\n","protected":false},"author":2,"featured_media":0,"parent":0,"menu_order":0,"comment_status":"closed","ping_status":"closed","template":"","meta":{"footnotes":""},"class_list":["post-24501","page","type-page","status-publish","hentry"],"yoast_head":"<!-- This site is optimized with the Yoast SEO plugin v27.4 - https:\/\/yoast.com\/product\/yoast-seo-wordpress\/ -->\n<title>Termini e condizioni | LA BELLA VITA Real Estate<\/title>\n<meta name=\"robots\" content=\"index, follow, max-snippet:-1, max-image-preview:large, max-video-preview:-1\" \/>\n<link rel=\"canonical\" href=\"https:\/\/labellavitarealestate.com\/it\/termini-e-condizioni\/\" \/>\n<meta property=\"og:locale\" content=\"it_IT\" \/>\n<meta property=\"og:type\" content=\"article\" \/>\n<meta property=\"og:title\" content=\"Termini e condizioni | LA BELLA VITA Real Estate\" \/>\n<meta property=\"og:description\" content=\"Note legali In conformit\u00e0 con la legge 34\/2002, dell&#8217;11 luglio, sui servizi della societ\u00e0 dell&#8217;informazione e il commercio elettronico (LSSI), vi informiamo che: LA BELLA VITA REAL ESTATE il suo indirizzo \u00e8 C\/ Medico Basilio Paredes 17, Cp: 03140 de Guardamar del Segura (Alicante). Contatto: Telefono: 634 127 186 E-mail: labellavitarealestate@gmail.com Condizioni Generali di Utilizzo [&hellip;]\" \/>\n<meta property=\"og:url\" content=\"https:\/\/labellavitarealestate.com\/it\/termini-e-condizioni\/\" \/>\n<meta property=\"og:site_name\" content=\"LA BELLA VITA Real Estate\" \/>\n<meta property=\"article:publisher\" content=\"https:\/\/www.facebook.com\/labellavitarealestate\" \/>\n<meta property=\"article:modified_time\" content=\"2022-10-13T18:10:21+00:00\" \/>\n<meta property=\"og:image\" content=\"https:\/\/labellavitarealestate.com\/wp-content\/uploads\/2023\/02\/LA-BELLA-VITA-Real-Estate-Costa-Blanca-Spain.jpg\" \/>\n\t<meta property=\"og:image:width\" content=\"1200\" \/>\n\t<meta property=\"og:image:height\" content=\"628\" \/>\n\t<meta property=\"og:image:type\" content=\"image\/jpeg\" \/>\n<meta name=\"twitter:card\" content=\"summary_large_image\" \/>\n<meta name=\"twitter:site\" content=\"@LBV_Real_Estate\" \/>\n<meta name=\"twitter:label1\" content=\"Tempo di lettura stimato\" \/>\n\t<meta name=\"twitter:data1\" content=\"5 minuti\" \/>\n<script type=\"application\/ld+json\" class=\"yoast-schema-graph\">{\"@context\":\"https:\\\/\\\/schema.org\",\"@graph\":[{\"@type\":\"WebPage\",\"@id\":\"https:\\\/\\\/labellavitarealestate.com\\\/it\\\/termini-e-condizioni\\\/\",\"url\":\"https:\\\/\\\/labellavitarealestate.com\\\/it\\\/termini-e-condizioni\\\/\",\"name\":\"Termini e condizioni | LA BELLA VITA Real Estate\",\"isPartOf\":{\"@id\":\"https:\\\/\\\/labellavitarealestate.com\\\/it\\\/#website\"},\"datePublished\":\"2016-03-10T18:51:46+00:00\",\"dateModified\":\"2022-10-13T18:10:21+00:00\",\"breadcrumb\":{\"@id\":\"https:\\\/\\\/labellavitarealestate.com\\\/it\\\/termini-e-condizioni\\\/#breadcrumb\"},\"inLanguage\":\"it-IT\",\"potentialAction\":[{\"@type\":\"ReadAction\",\"target\":[\"https:\\\/\\\/labellavitarealestate.com\\\/it\\\/termini-e-condizioni\\\/\"]}]},{\"@type\":\"BreadcrumbList\",\"@id\":\"https:\\\/\\\/labellavitarealestate.com\\\/it\\\/termini-e-condizioni\\\/#breadcrumb\",\"itemListElement\":[{\"@type\":\"ListItem\",\"position\":1,\"name\":\"Home\",\"item\":\"https:\\\/\\\/labellavitarealestate.com\\\/it\\\/\"},{\"@type\":\"ListItem\",\"position\":2,\"name\":\"Termini e condizioni\"}]},{\"@type\":\"WebSite\",\"@id\":\"https:\\\/\\\/labellavitarealestate.com\\\/it\\\/#website\",\"url\":\"https:\\\/\\\/labellavitarealestate.com\\\/it\\\/\",\"name\":\"LA BELLA VITA Real Estate in Costa Blanca, Spain\",\"description\":\"Properties for sale in Costa Blanca\",\"publisher\":{\"@id\":\"https:\\\/\\\/labellavitarealestate.com\\\/it\\\/#organization\"},\"alternateName\":\"LA BELLA VITA Real Estate\",\"potentialAction\":[{\"@type\":\"SearchAction\",\"target\":{\"@type\":\"EntryPoint\",\"urlTemplate\":\"https:\\\/\\\/labellavitarealestate.com\\\/it\\\/?s={search_term_string}\"},\"query-input\":{\"@type\":\"PropertyValueSpecification\",\"valueRequired\":true,\"valueName\":\"search_term_string\"}}],\"inLanguage\":\"it-IT\"},{\"@type\":\"Organization\",\"@id\":\"https:\\\/\\\/labellavitarealestate.com\\\/it\\\/#organization\",\"name\":\"LA BELLA VITA Real Estate in Costa Blanca\",\"alternateName\":\"LA BELLA VITA\",\"url\":\"https:\\\/\\\/labellavitarealestate.com\\\/it\\\/\",\"logo\":{\"@type\":\"ImageObject\",\"inLanguage\":\"it-IT\",\"@id\":\"https:\\\/\\\/labellavitarealestate.com\\\/it\\\/#\\\/schema\\\/logo\\\/image\\\/\",\"url\":\"https:\\\/\\\/labellavitarealestate.com\\\/wp-content\\\/uploads\\\/2021\\\/12\\\/la-bella-vita-logotype-gold.svg\",\"contentUrl\":\"https:\\\/\\\/labellavitarealestate.com\\\/wp-content\\\/uploads\\\/2021\\\/12\\\/la-bella-vita-logotype-gold.svg\",\"width\":366,\"height\":71,\"caption\":\"LA BELLA VITA Real Estate in Costa Blanca\"},\"image\":{\"@id\":\"https:\\\/\\\/labellavitarealestate.com\\\/it\\\/#\\\/schema\\\/logo\\\/image\\\/\"},\"sameAs\":[\"https:\\\/\\\/www.facebook.com\\\/labellavitarealestate\",\"https:\\\/\\\/x.com\\\/LBV_Real_Estate\",\"https:\\\/\\\/www.instagram.com\\\/labellavita_real_estate\\\/\",\"https:\\\/\\\/www.linkedin.com\\\/in\\\/labellavitarealestate\\\/\",\"https:\\\/\\\/www.pinterest.es\\\/labellavitarealestate\\\/_saved\\\/\",\"https:\\\/\\\/www.youtube.com\\\/channel\\\/UCP6t8aNDgIarJyJYgFZ4XTA\"]}]}<\/script>\n<!-- \/ Yoast SEO plugin. -->","yoast_head_json":{"title":"Termini e condizioni | LA BELLA VITA Real Estate","robots":{"index":"index","follow":"follow","max-snippet":"max-snippet:-1","max-image-preview":"max-image-preview:large","max-video-preview":"max-video-preview:-1"},"canonical":"https:\/\/labellavitarealestate.com\/it\/termini-e-condizioni\/","og_locale":"it_IT","og_type":"article","og_title":"Termini e condizioni | LA BELLA VITA Real Estate","og_description":"Note legali In conformit\u00e0 con la legge 34\/2002, dell&#8217;11 luglio, sui servizi della societ\u00e0 dell&#8217;informazione e il commercio elettronico (LSSI), vi informiamo che: LA BELLA VITA REAL ESTATE il suo indirizzo \u00e8 C\/ Medico Basilio Paredes 17, Cp: 03140 de Guardamar del Segura (Alicante). Contatto: Telefono: 634 127 186 E-mail: labellavitarealestate@gmail.com Condizioni Generali di Utilizzo [&hellip;]","og_url":"https:\/\/labellavitarealestate.com\/it\/termini-e-condizioni\/","og_site_name":"LA BELLA VITA Real Estate","article_publisher":"https:\/\/www.facebook.com\/labellavitarealestate","article_modified_time":"2022-10-13T18:10:21+00:00","og_image":[{"width":1200,"height":628,"url":"https:\/\/labellavitarealestate.com\/wp-content\/uploads\/2023\/02\/LA-BELLA-VITA-Real-Estate-Costa-Blanca-Spain.jpg","type":"image\/jpeg"}],"twitter_card":"summary_large_image","twitter_site":"@LBV_Real_Estate","twitter_misc":{"Tempo di lettura stimato":"5 minuti"},"schema":{"@context":"https:\/\/schema.org","@graph":[{"@type":"WebPage","@id":"https:\/\/labellavitarealestate.com\/it\/termini-e-condizioni\/","url":"https:\/\/labellavitarealestate.com\/it\/termini-e-condizioni\/","name":"Termini e condizioni | LA BELLA VITA Real Estate","isPartOf":{"@id":"https:\/\/labellavitarealestate.com\/it\/#website"},"datePublished":"2016-03-10T18:51:46+00:00","dateModified":"2022-10-13T18:10:21+00:00","breadcrumb":{"@id":"https:\/\/labellavitarealestate.com\/it\/termini-e-condizioni\/#breadcrumb"},"inLanguage":"it-IT","potentialAction":[{"@type":"ReadAction","target":["https:\/\/labellavitarealestate.com\/it\/termini-e-condizioni\/"]}]},{"@type":"BreadcrumbList","@id":"https:\/\/labellavitarealestate.com\/it\/termini-e-condizioni\/#breadcrumb","itemListElement":[{"@type":"ListItem","position":1,"name":"Home","item":"https:\/\/labellavitarealestate.com\/it\/"},{"@type":"ListItem","position":2,"name":"Termini e condizioni"}]},{"@type":"WebSite","@id":"https:\/\/labellavitarealestate.com\/it\/#website","url":"https:\/\/labellavitarealestate.com\/it\/","name":"LA BELLA VITA Real Estate in Costa Blanca, Spain","description":"Properties for sale in Costa Blanca","publisher":{"@id":"https:\/\/labellavitarealestate.com\/it\/#organization"},"alternateName":"LA BELLA VITA Real Estate","potentialAction":[{"@type":"SearchAction","target":{"@type":"EntryPoint","urlTemplate":"https:\/\/labellavitarealestate.com\/it\/?s={search_term_string}"},"query-input":{"@type":"PropertyValueSpecification","valueRequired":true,"valueName":"search_term_string"}}],"inLanguage":"it-IT"},{"@type":"Organization","@id":"https:\/\/labellavitarealestate.com\/it\/#organization","name":"LA BELLA VITA Real Estate in Costa Blanca","alternateName":"LA BELLA VITA","url":"https:\/\/labellavitarealestate.com\/it\/","logo":{"@type":"ImageObject","inLanguage":"it-IT","@id":"https:\/\/labellavitarealestate.com\/it\/#\/schema\/logo\/image\/","url":"https:\/\/labellavitarealestate.com\/wp-content\/uploads\/2021\/12\/la-bella-vita-logotype-gold.svg","contentUrl":"https:\/\/labellavitarealestate.com\/wp-content\/uploads\/2021\/12\/la-bella-vita-logotype-gold.svg","width":366,"height":71,"caption":"LA BELLA VITA Real Estate in Costa Blanca"},"image":{"@id":"https:\/\/labellavitarealestate.com\/it\/#\/schema\/logo\/image\/"},"sameAs":["https:\/\/www.facebook.com\/labellavitarealestate","https:\/\/x.com\/LBV_Real_Estate","https:\/\/www.instagram.com\/labellavita_real_estate\/","https:\/\/www.linkedin.com\/in\/labellavitarealestate\/","https:\/\/www.pinterest.es\/labellavitarealestate\/_saved\/","https:\/\/www.youtube.com\/channel\/UCP6t8aNDgIarJyJYgFZ4XTA"]}]}},"_links":{"self":[{"href":"https:\/\/labellavitarealestate.com\/it\/wp-json\/wp\/v2\/pages\/24501","targetHints":{"allow":["GET"]}}],"collection":[{"href":"https:\/\/labellavitarealestate.com\/it\/wp-json\/wp\/v2\/pages"}],"about":[{"href":"https:\/\/labellavitarealestate.com\/it\/wp-json\/wp\/v2\/types\/page"}],"author":[{"embeddable":true,"href":"https:\/\/labellavitarealestate.com\/it\/wp-json\/wp\/v2\/users\/2"}],"replies":[{"embeddable":true,"href":"https:\/\/labellavitarealestate.com\/it\/wp-json\/wp\/v2\/comments?post=24501"}],"version-history":[{"count":0,"href":"https:\/\/labellavitarealestate.com\/it\/wp-json\/wp\/v2\/pages\/24501\/revisions"}],"wp:attachment":[{"href":"https:\/\/labellavitarealestate.com\/it\/wp-json\/wp\/v2\/media?parent=24501"}],"curies":[{"name":"wp","href":"https:\/\/api.w.org\/{rel}","templated":true}]}}