{"id":23921,"date":"2016-06-10T16:14:29","date_gmt":"2016-06-10T15:14:29","guid":{"rendered":"https:\/\/labellavitarealestate.com\/wyniki-wyszukiwania\/"},"modified":"2022-12-31T14:38:31","modified_gmt":"2022-12-31T14:38:31","slug":"wyniki-wyszukiwania","status":"publish","type":"page","link":"https:\/\/labellavitarealestate.com\/pl\/wyniki-wyszukiwania\/","title":{"rendered":"Szukaj nieruchomo\u015bci na sprzeda\u017c &#8211; Costa Blanca, Hiszpania"},"content":{"rendered":"\n<h2 class=\"wp-block-heading\">Szukaj nieruchomo\u015bci na sprzeda\u017c &#8211; Costa Blanca, Hiszpania<\/h2>\n\n\n\n<h5 class=\"wp-block-heading\"><strong><a href=\"https:\/\/labellavitarealestate.com\/pl\/wyniki-wyszukiwania\/?type%5B%5D=townhouses\">Domy szeregowe<\/a> <\/strong>| | <strong><a href=\"https:\/\/labellavitarealestate.com\/pl\/wyniki-wyszukiwania\/?type%5B%5D=semi-detached\">w zabudowie bli\u017aniaczej<\/a> <\/strong> <strong>\n  <a href=\"https:\/\/labellavitarealestate.com\/pl\/wyniki-wyszukiwania\/?type%5B%5D=villas\">Villas<\/a>\n<\/strong><\/h5>\n\n\n\n<h6 class=\"wp-block-heading\"><strong> <a href=\"https:\/\/labellavitarealestate.com\/pl\/wyniki-wyszukiwania\/?type%5B%5D=houses&#038;bedrooms=2\">2 sypialnie<\/a> | <a href=\"https:\/\/labellavitarealestate.com\/pl\/wyniki-wyszukiwania\/?type%5B%5D=houses&#038;bedrooms=3\">3<\/a> sypialnie | <a href=\"https:\/\/labellavitarealestate.com\/pl\/wyniki-wyszukiwania\/?type%5B%5D=houses&#038;bedrooms=4\">4<\/a> sypialnie<\/strong><\/h6>\n\n\n\n<p>Witamy w naszym wyborze wysokiej jako\u015bci nieruchomo\u015bci na sprzeda\u017c na<strong> <a href=\"https:\/\/labellavitarealestate.com\/pl\/area\/costa-blanca-poludniowa\/\">po\u0142udniu<\/a><\/strong> i <a href=\"https:\/\/labellavitarealestate.com\/pl\/area\/costa-blanca-polnocna\/\">\n  <strong>p\u00f3\u0142nocy<\/strong>\n<\/a> Costa Blanca w Hiszpanii! W <strong>LA BELLA VITA Real Estate<\/strong> wsp\u00f3\u0142pracujemy i mamy dost\u0119p do wszystkich promocji <strong>\n  <a href=\"https:\/\/labellavitarealestate.com\/pl\/costa-blanca\/\">Costa Blanca<\/a>\n<\/strong>, wi\u0119c tutaj zawsze mo\u017cna znale\u017a\u0107 <a href=\"https:\/\/labellavitarealestate.com\/pl\/Etykieta\/nowy-rozwoj\/\">najciekawsze projekty w trakcie realizacji<\/a>.<\/p>\n\n\n\n<p>Najpopularniejsze kierunki dla nabywc\u00f3w dom\u00f3w w tym roku to niew\u0105tpliwie <strong><a href=\"https:\/\/labellavitarealestate.com\/pl\/Miasto\/ciudad-quesada-pl\/\">Ciudad Quesada<\/a>, <a href=\"https:\/\/labellavitarealestate.com\/pl\/Miasto\/benijofar-pl\/\">Benijofar<\/a>, <a href=\"https:\/\/labellavitarealestate.com\/pl\/Miasto\/orihuela-costa-pl\/\">Orihuela Costa, Campoamor<\/a>, <a href=\"https:\/\/labellavitarealestate.com\/pl\/Miasto\/villamartin-pl\/\">Villamartin<\/a>, <a href=\"https:\/\/labellavitarealestate.com\/pl\/Miasto\/san-miguel-de-salinas-pl\/\">San Miguel de Salinas<\/a>, <a href=\"https:\/\/labellavitarealestate.com\/pl\/Miasto\/torrevieja-pl\/\">Torrevieja<\/a>,<\/strong> <strong>Guardamar del Segura.<\/strong><\/p>\n\n\n\n<p>Etykiety takie jak <strong><a href=\"https:\/\/labellavitarealestate.com\/pl\/Etykieta\/obok-plazy\/\">NEXT TO BEACH<\/a>, <a href=\"https:\/\/labellavitarealestate.com\/pl\/Etykieta\/obok-golfu\/\">NEXT TO GOLF<\/a>, <a href=\"https:\/\/labellavitarealestate.com\/pl\/Etykieta\/widok-na-morze\/\">SEA VIEW<\/a> <\/strong>lub<strong> <a href=\"https:\/\/labellavitarealestate.com\/pl\/Etykieta\/w-miescie\/\">IN THE CITY<\/a><\/strong> u\u0142atwiaj\u0105 znalezienie stylu \u017cycia, o kt\u00f3rym marzysz.<\/p>\n\n\n\n<p>Dla Pa\u0144stwa spokoju oferujemy r\u00f3wnie\u017c eksperck\u0105 us\u0142ug\u0119 <strong>personal shopper<\/strong>, w ramach kt\u00f3rej bezpo\u015brednio kontaktujemy si\u0119 z firmami budowlanymi, bankami i agencjami, aby znale\u017a\u0107 wy\u0142\u0105cznie nowe budynki spe\u0142niaj\u0105ce Pa\u0144stwa wymagania. Nie wahaj si\u0119 wi\u0119c <strong>skontaktowa\u0107 z nami<\/strong> i uzyska\u0107 fachow\u0105 pomoc <strong>ca\u0142kowicie za darmo!<\/strong><\/p>\n\n\n\n<p><\/p>\n\n\n\n<p><\/p>\n\n\n\n<p><\/p>\n\n\n\n<p><\/p>\n","protected":false},"excerpt":{"rendered":"<p>Szukaj nieruchomo\u015bci na sprzeda\u017c &#8211; Costa Blanca, Hiszpania Domy szeregowe | | w zabudowie bli\u017aniaczej Villas 2 sypialnie | 3 sypialnie | 4 sypialnie Witamy w naszym wyborze wysokiej jako\u015bci nieruchomo\u015bci na sprzeda\u017c na po\u0142udniu i p\u00f3\u0142nocy Costa Blanca w Hiszpanii! W LA BELLA VITA Real Estate wsp\u00f3\u0142pracujemy i mamy dost\u0119p do wszystkich promocji Costa [&hellip;]<\/p>\n","protected":false},"author":2,"featured_media":84509,"parent":0,"menu_order":0,"comment_status":"closed","ping_status":"closed","template":"template\/template-search.php","meta":{"footnotes":""},"class_list":["post-23921","page","type-page","status-publish","has-post-thumbnail","hentry"],"yoast_head":"<!-- This site is optimized with the Yoast SEO plugin v27.3 - https:\/\/yoast.com\/product\/yoast-seo-wordpress\/ -->\n<title>| LA BELLA VITA Nieruchomo\u015bci Szukaj nieruchomo\u015bci na sprzeda\u017c - Costa Blanca, Hiszpania<\/title>\n<meta name=\"description\" content=\"Najlepszy wyb\u00f3r wysokiej jako\u015bci nieruchomo\u015bci na sprzeda\u017c w Costa Blanca, Alicante, Hiszpania | Do dyspozycji Go\u015bci s\u0105 rozmaite apartamenty, wille...\" \/>\n<meta name=\"robots\" content=\"index, follow, max-snippet:-1, max-image-preview:large, max-video-preview:-1\" \/>\n<link rel=\"canonical\" href=\"https:\/\/labellavitarealestate.com\/pl\/wyniki-wyszukiwania\/\" \/>\n<meta property=\"og:locale\" content=\"pl_PL\" \/>\n<meta property=\"og:type\" content=\"article\" \/>\n<meta property=\"og:title\" content=\"| LA BELLA VITA Nieruchomo\u015bci Szukaj nieruchomo\u015bci na sprzeda\u017c - Costa Blanca, Hiszpania\" \/>\n<meta property=\"og:description\" content=\"Najlepszy wyb\u00f3r wysokiej jako\u015bci nieruchomo\u015bci na sprzeda\u017c w Costa Blanca, Alicante, Hiszpania | Do dyspozycji Go\u015bci s\u0105 rozmaite apartamenty, wille...\" \/>\n<meta property=\"og:url\" content=\"https:\/\/labellavitarealestate.com\/pl\/wyniki-wyszukiwania\/\" \/>\n<meta property=\"og:site_name\" content=\"LA BELLA VITA Real Estate\" \/>\n<meta property=\"article:publisher\" content=\"https:\/\/www.facebook.com\/labellavitarealestate\" \/>\n<meta property=\"article:modified_time\" content=\"2022-12-31T14:38:31+00:00\" \/>\n<meta property=\"og:image\" content=\"https:\/\/labellavitarealestate.com\/wp-content\/uploads\/2023\/09\/Brand-new-Luxury-properties-with-fantastic-views-in-Polop-Costa-Blanca-1.jpg\" \/>\n\t<meta property=\"og:image:width\" content=\"1170\" \/>\n\t<meta property=\"og:image:height\" content=\"761\" \/>\n\t<meta property=\"og:image:type\" content=\"image\/jpeg\" \/>\n<meta name=\"twitter:card\" content=\"summary_large_image\" \/>\n<meta name=\"twitter:description\" content=\"Najlepszy wyb\u00f3r wysokiej jako\u015bci nieruchomo\u015bci na sprzeda\u017c w Costa Blanca, Alicante, Hiszpania | Do dyspozycji Go\u015bci s\u0105 rozmaite apartamenty, wille...\" \/>\n<meta name=\"twitter:site\" content=\"@LBV_Real_Estate\" \/>\n<meta name=\"twitter:label1\" content=\"Szacowany czas czytania\" \/>\n\t<meta name=\"twitter:data1\" content=\"1 minuta\" \/>\n<script type=\"application\/ld+json\" class=\"yoast-schema-graph\">{\"@context\":\"https:\\\/\\\/schema.org\",\"@graph\":[{\"@type\":\"WebPage\",\"@id\":\"https:\\\/\\\/labellavitarealestate.com\\\/pl\\\/wyniki-wyszukiwania\\\/\",\"url\":\"https:\\\/\\\/labellavitarealestate.com\\\/pl\\\/wyniki-wyszukiwania\\\/\",\"name\":\"| LA BELLA VITA Nieruchomo\u015bci Szukaj nieruchomo\u015bci na sprzeda\u017c - Costa Blanca, Hiszpania\",\"isPartOf\":{\"@id\":\"https:\\\/\\\/labellavitarealestate.com\\\/pl\\\/#website\"},\"primaryImageOfPage\":{\"@id\":\"https:\\\/\\\/labellavitarealestate.com\\\/pl\\\/wyniki-wyszukiwania\\\/#primaryimage\"},\"image\":{\"@id\":\"https:\\\/\\\/labellavitarealestate.com\\\/pl\\\/wyniki-wyszukiwania\\\/#primaryimage\"},\"thumbnailUrl\":\"https:\\\/\\\/labellavitarealestate.com\\\/wp-content\\\/uploads\\\/2023\\\/09\\\/Brand-new-Luxury-properties-with-fantastic-views-in-Polop-Costa-Blanca-1.jpg\",\"datePublished\":\"2016-06-10T15:14:29+00:00\",\"dateModified\":\"2022-12-31T14:38:31+00:00\",\"description\":\"Najlepszy wyb\u00f3r wysokiej jako\u015bci nieruchomo\u015bci na sprzeda\u017c w Costa Blanca, Alicante, Hiszpania | Do dyspozycji Go\u015bci s\u0105 rozmaite apartamenty, wille...\",\"breadcrumb\":{\"@id\":\"https:\\\/\\\/labellavitarealestate.com\\\/pl\\\/wyniki-wyszukiwania\\\/#breadcrumb\"},\"inLanguage\":\"pl-PL\",\"potentialAction\":[{\"@type\":\"ReadAction\",\"target\":[\"https:\\\/\\\/labellavitarealestate.com\\\/pl\\\/wyniki-wyszukiwania\\\/\"]}]},{\"@type\":\"ImageObject\",\"inLanguage\":\"pl-PL\",\"@id\":\"https:\\\/\\\/labellavitarealestate.com\\\/pl\\\/wyniki-wyszukiwania\\\/#primaryimage\",\"url\":\"https:\\\/\\\/labellavitarealestate.com\\\/wp-content\\\/uploads\\\/2023\\\/09\\\/Brand-new-Luxury-properties-with-fantastic-views-in-Polop-Costa-Blanca-1.jpg\",\"contentUrl\":\"https:\\\/\\\/labellavitarealestate.com\\\/wp-content\\\/uploads\\\/2023\\\/09\\\/Brand-new-Luxury-properties-with-fantastic-views-in-Polop-Costa-Blanca-1.jpg\",\"width\":1170,\"height\":761,\"caption\":\"Brand-new Luxury properties with fantastic views in Polop, Costa Blanca North, Alicante, Spain\"},{\"@type\":\"BreadcrumbList\",\"@id\":\"https:\\\/\\\/labellavitarealestate.com\\\/pl\\\/wyniki-wyszukiwania\\\/#breadcrumb\",\"itemListElement\":[{\"@type\":\"ListItem\",\"position\":1,\"name\":\"Home\",\"item\":\"https:\\\/\\\/labellavitarealestate.com\\\/pl\\\/\"},{\"@type\":\"ListItem\",\"position\":2,\"name\":\"Szukaj nieruchomo\u015bci na sprzeda\u017c &#8211; Costa Blanca, Hiszpania\"}]},{\"@type\":\"WebSite\",\"@id\":\"https:\\\/\\\/labellavitarealestate.com\\\/pl\\\/#website\",\"url\":\"https:\\\/\\\/labellavitarealestate.com\\\/pl\\\/\",\"name\":\"LA BELLA VITA Real Estate in Costa Blanca, Spain\",\"description\":\"Properties for sale in Costa Blanca\",\"publisher\":{\"@id\":\"https:\\\/\\\/labellavitarealestate.com\\\/pl\\\/#organization\"},\"alternateName\":\"LA BELLA VITA Real Estate\",\"potentialAction\":[{\"@type\":\"SearchAction\",\"target\":{\"@type\":\"EntryPoint\",\"urlTemplate\":\"https:\\\/\\\/labellavitarealestate.com\\\/pl\\\/?s={search_term_string}\"},\"query-input\":{\"@type\":\"PropertyValueSpecification\",\"valueRequired\":true,\"valueName\":\"search_term_string\"}}],\"inLanguage\":\"pl-PL\"},{\"@type\":\"Organization\",\"@id\":\"https:\\\/\\\/labellavitarealestate.com\\\/pl\\\/#organization\",\"name\":\"LA BELLA VITA Real Estate in Costa Blanca\",\"alternateName\":\"LA BELLA VITA\",\"url\":\"https:\\\/\\\/labellavitarealestate.com\\\/pl\\\/\",\"logo\":{\"@type\":\"ImageObject\",\"inLanguage\":\"pl-PL\",\"@id\":\"https:\\\/\\\/labellavitarealestate.com\\\/pl\\\/#\\\/schema\\\/logo\\\/image\\\/\",\"url\":\"https:\\\/\\\/labellavitarealestate.com\\\/wp-content\\\/uploads\\\/2021\\\/12\\\/la-bella-vita-logotype-gold.svg\",\"contentUrl\":\"https:\\\/\\\/labellavitarealestate.com\\\/wp-content\\\/uploads\\\/2021\\\/12\\\/la-bella-vita-logotype-gold.svg\",\"width\":366,\"height\":71,\"caption\":\"LA BELLA VITA Real Estate in Costa Blanca\"},\"image\":{\"@id\":\"https:\\\/\\\/labellavitarealestate.com\\\/pl\\\/#\\\/schema\\\/logo\\\/image\\\/\"},\"sameAs\":[\"https:\\\/\\\/www.facebook.com\\\/labellavitarealestate\",\"https:\\\/\\\/x.com\\\/LBV_Real_Estate\",\"https:\\\/\\\/www.instagram.com\\\/labellavita_real_estate\\\/\",\"https:\\\/\\\/www.linkedin.com\\\/in\\\/labellavitarealestate\\\/\",\"https:\\\/\\\/www.pinterest.es\\\/labellavitarealestate\\\/_saved\\\/\",\"https:\\\/\\\/www.youtube.com\\\/channel\\\/UCP6t8aNDgIarJyJYgFZ4XTA\"]}]}<\/script>\n<!-- \/ Yoast SEO plugin. -->","yoast_head_json":{"title":"| LA BELLA VITA Nieruchomo\u015bci Szukaj nieruchomo\u015bci na sprzeda\u017c - Costa Blanca, Hiszpania","description":"Najlepszy wyb\u00f3r wysokiej jako\u015bci nieruchomo\u015bci na sprzeda\u017c w Costa Blanca, Alicante, Hiszpania | Do dyspozycji Go\u015bci s\u0105 rozmaite apartamenty, wille...","robots":{"index":"index","follow":"follow","max-snippet":"max-snippet:-1","max-image-preview":"max-image-preview:large","max-video-preview":"max-video-preview:-1"},"canonical":"https:\/\/labellavitarealestate.com\/pl\/wyniki-wyszukiwania\/","og_locale":"pl_PL","og_type":"article","og_title":"| LA BELLA VITA Nieruchomo\u015bci Szukaj nieruchomo\u015bci na sprzeda\u017c - Costa Blanca, Hiszpania","og_description":"Najlepszy wyb\u00f3r wysokiej jako\u015bci nieruchomo\u015bci na sprzeda\u017c w Costa Blanca, Alicante, Hiszpania | Do dyspozycji Go\u015bci s\u0105 rozmaite apartamenty, wille...","og_url":"https:\/\/labellavitarealestate.com\/pl\/wyniki-wyszukiwania\/","og_site_name":"LA BELLA VITA Real Estate","article_publisher":"https:\/\/www.facebook.com\/labellavitarealestate","article_modified_time":"2022-12-31T14:38:31+00:00","og_image":[{"width":1170,"height":761,"url":"https:\/\/labellavitarealestate.com\/wp-content\/uploads\/2023\/09\/Brand-new-Luxury-properties-with-fantastic-views-in-Polop-Costa-Blanca-1.jpg","type":"image\/jpeg"}],"twitter_card":"summary_large_image","twitter_description":"Najlepszy wyb\u00f3r wysokiej jako\u015bci nieruchomo\u015bci na sprzeda\u017c w Costa Blanca, Alicante, Hiszpania | Do dyspozycji Go\u015bci s\u0105 rozmaite apartamenty, wille...","twitter_site":"@LBV_Real_Estate","twitter_misc":{"Szacowany czas czytania":"1 minuta"},"schema":{"@context":"https:\/\/schema.org","@graph":[{"@type":"WebPage","@id":"https:\/\/labellavitarealestate.com\/pl\/wyniki-wyszukiwania\/","url":"https:\/\/labellavitarealestate.com\/pl\/wyniki-wyszukiwania\/","name":"| LA BELLA VITA Nieruchomo\u015bci Szukaj nieruchomo\u015bci na sprzeda\u017c - Costa Blanca, Hiszpania","isPartOf":{"@id":"https:\/\/labellavitarealestate.com\/pl\/#website"},"primaryImageOfPage":{"@id":"https:\/\/labellavitarealestate.com\/pl\/wyniki-wyszukiwania\/#primaryimage"},"image":{"@id":"https:\/\/labellavitarealestate.com\/pl\/wyniki-wyszukiwania\/#primaryimage"},"thumbnailUrl":"https:\/\/labellavitarealestate.com\/wp-content\/uploads\/2023\/09\/Brand-new-Luxury-properties-with-fantastic-views-in-Polop-Costa-Blanca-1.jpg","datePublished":"2016-06-10T15:14:29+00:00","dateModified":"2022-12-31T14:38:31+00:00","description":"Najlepszy wyb\u00f3r wysokiej jako\u015bci nieruchomo\u015bci na sprzeda\u017c w Costa Blanca, Alicante, Hiszpania | Do dyspozycji Go\u015bci s\u0105 rozmaite apartamenty, wille...","breadcrumb":{"@id":"https:\/\/labellavitarealestate.com\/pl\/wyniki-wyszukiwania\/#breadcrumb"},"inLanguage":"pl-PL","potentialAction":[{"@type":"ReadAction","target":["https:\/\/labellavitarealestate.com\/pl\/wyniki-wyszukiwania\/"]}]},{"@type":"ImageObject","inLanguage":"pl-PL","@id":"https:\/\/labellavitarealestate.com\/pl\/wyniki-wyszukiwania\/#primaryimage","url":"https:\/\/labellavitarealestate.com\/wp-content\/uploads\/2023\/09\/Brand-new-Luxury-properties-with-fantastic-views-in-Polop-Costa-Blanca-1.jpg","contentUrl":"https:\/\/labellavitarealestate.com\/wp-content\/uploads\/2023\/09\/Brand-new-Luxury-properties-with-fantastic-views-in-Polop-Costa-Blanca-1.jpg","width":1170,"height":761,"caption":"Brand-new Luxury properties with fantastic views in Polop, Costa Blanca North, Alicante, Spain"},{"@type":"BreadcrumbList","@id":"https:\/\/labellavitarealestate.com\/pl\/wyniki-wyszukiwania\/#breadcrumb","itemListElement":[{"@type":"ListItem","position":1,"name":"Home","item":"https:\/\/labellavitarealestate.com\/pl\/"},{"@type":"ListItem","position":2,"name":"Szukaj nieruchomo\u015bci na sprzeda\u017c &#8211; Costa Blanca, Hiszpania"}]},{"@type":"WebSite","@id":"https:\/\/labellavitarealestate.com\/pl\/#website","url":"https:\/\/labellavitarealestate.com\/pl\/","name":"LA BELLA VITA Real Estate in Costa Blanca, Spain","description":"Properties for sale in Costa Blanca","publisher":{"@id":"https:\/\/labellavitarealestate.com\/pl\/#organization"},"alternateName":"LA BELLA VITA Real Estate","potentialAction":[{"@type":"SearchAction","target":{"@type":"EntryPoint","urlTemplate":"https:\/\/labellavitarealestate.com\/pl\/?s={search_term_string}"},"query-input":{"@type":"PropertyValueSpecification","valueRequired":true,"valueName":"search_term_string"}}],"inLanguage":"pl-PL"},{"@type":"Organization","@id":"https:\/\/labellavitarealestate.com\/pl\/#organization","name":"LA BELLA VITA Real Estate in Costa Blanca","alternateName":"LA BELLA VITA","url":"https:\/\/labellavitarealestate.com\/pl\/","logo":{"@type":"ImageObject","inLanguage":"pl-PL","@id":"https:\/\/labellavitarealestate.com\/pl\/#\/schema\/logo\/image\/","url":"https:\/\/labellavitarealestate.com\/wp-content\/uploads\/2021\/12\/la-bella-vita-logotype-gold.svg","contentUrl":"https:\/\/labellavitarealestate.com\/wp-content\/uploads\/2021\/12\/la-bella-vita-logotype-gold.svg","width":366,"height":71,"caption":"LA BELLA VITA Real Estate in Costa Blanca"},"image":{"@id":"https:\/\/labellavitarealestate.com\/pl\/#\/schema\/logo\/image\/"},"sameAs":["https:\/\/www.facebook.com\/labellavitarealestate","https:\/\/x.com\/LBV_Real_Estate","https:\/\/www.instagram.com\/labellavita_real_estate\/","https:\/\/www.linkedin.com\/in\/labellavitarealestate\/","https:\/\/www.pinterest.es\/labellavitarealestate\/_saved\/","https:\/\/www.youtube.com\/channel\/UCP6t8aNDgIarJyJYgFZ4XTA"]}]}},"_links":{"self":[{"href":"https:\/\/labellavitarealestate.com\/pl\/wp-json\/wp\/v2\/pages\/23921","targetHints":{"allow":["GET"]}}],"collection":[{"href":"https:\/\/labellavitarealestate.com\/pl\/wp-json\/wp\/v2\/pages"}],"about":[{"href":"https:\/\/labellavitarealestate.com\/pl\/wp-json\/wp\/v2\/types\/page"}],"author":[{"embeddable":true,"href":"https:\/\/labellavitarealestate.com\/pl\/wp-json\/wp\/v2\/users\/2"}],"replies":[{"embeddable":true,"href":"https:\/\/labellavitarealestate.com\/pl\/wp-json\/wp\/v2\/comments?post=23921"}],"version-history":[{"count":0,"href":"https:\/\/labellavitarealestate.com\/pl\/wp-json\/wp\/v2\/pages\/23921\/revisions"}],"wp:featuredmedia":[{"embeddable":true,"href":"https:\/\/labellavitarealestate.com\/pl\/wp-json\/wp\/v2\/media\/84509"}],"wp:attachment":[{"href":"https:\/\/labellavitarealestate.com\/pl\/wp-json\/wp\/v2\/media?parent=23921"}],"curies":[{"name":"wp","href":"https:\/\/api.w.org\/{rel}","templated":true}]}}