{"id":24652,"date":"2016-03-10T18:51:46","date_gmt":"2016-03-10T18:51:46","guid":{"rendered":"https:\/\/labellavitarealestate.com\/regulamin\/"},"modified":"2022-10-13T18:10:22","modified_gmt":"2022-10-13T18:10:22","slug":"regulamin","status":"publish","type":"page","link":"https:\/\/labellavitarealestate.com\/pl\/regulamin\/","title":{"rendered":"Zasady i warunki"},"content":{"rendered":"\n<h2 class=\"wp-block-heading\">Prawne<\/h2>\n\n<p>Zgodnie z ustaw\u0105 34\/2002 z dnia 11 lipca o us\u0142ugach spo\u0142ecze\u0144stwa informacyjnego i handlu elektronicznym (LSSI) informujemy, \u017ce:<\/p>\n\n<p>LA BELLA VITA REAL ESTATE jej adres to C\/ Medico Basilio Paredes 17, Cp: 03140 de Guardamar del Segura (Alicante).<\/p>\n\n<p>Dane kontaktowe: Telefon: 634 127 186<\/p>\n\n<p>E-mail: labellavitarealestate@gmail.com<\/p>\n\n<p><\/p>\n\n<h2 class=\"wp-block-heading\">Og\u00f3lne warunki korzystania ze strony internetowej nieruchomo\u015bci La Bella Vita<\/h2>\n\n<p>Nazwa domeny labellavitarealestate.com jest w\u0142asno\u015bci\u0105 LA BELLA VITA REAL ESTATE i jej wy\u0142\u0105czne wykorzystanie jest dla niej zastrze\u017cone.<\/p>\n\n<p>Oficjalna strona internetowa labellavitarealestate.com ma na celu informowanie opinii publicznej o dzia\u0142alno\u015bci organizacji, a tak\u017ce o produktach i us\u0142ugach, kt\u00f3re oferuje w zakresie PROMOCJI NIERUCHOMO\u015aCI.<\/p>\n\n<p>Korzystanie z tej strony internetowej oznacza pe\u0142n\u0105 i bezwarunkow\u0105 akceptacj\u0119 warunk\u00f3w okre\u015blonych w niniejszym dokumencie, bez wzgl\u0119du na jakiekolwiek specjalne warunki, kt\u00f3re mog\u0105 mie\u0107 zastosowanie do niekt\u00f3rych konkretnych produkt\u00f3w lub us\u0142ug dostarczanych za po\u015brednictwem strony internetowej.<\/p>\n\n<p>LA BELLA VITA REAL ESTATE zastrzega sobie prawo do wprowadzania zmian i aktualizacji informacji na swojej stronie internetowej, a tak\u017ce ich konfiguracji i prezentacji, w dowolnym momencie i bez ostrze\u017cenia.<\/p>\n\n<p>Aby informacje na stronie by\u0142y aktualne, jej zawarto\u015b\u0107 mo\u017ce by\u0107 modyfikowana, poprawiana, eliminowana lub dodawana w dowolnym momencie, dlatego najlepiej jest dok\u0142adnie sprawdzi\u0107 jej wa\u017cno\u015b\u0107 lub dok\u0142adno\u015b\u0107, kontaktuj\u0105c si\u0119 z oficjalnymi \u017ar\u00f3d\u0142ami.<\/p>\n\n<p><\/p>\n\n<h2 class=\"wp-block-heading\">W\u0142asno\u015b\u0107 intelektualna i przemys\u0142owa oraz ramy<\/h2>\n\n<p>Wszystkie cz\u0119\u015bci strony internetowej, w tym jej struktura, projekt, kod \u017ar\u00f3d\u0142owy, logo, znaki towarowe i inne rozpoznawalne wska\u017aniki, s\u0105 w\u0142asno\u015bci\u0105 LA BELLA VITA REAL ESTATE lub jej wsp\u00f3\u0142pracownik\u00f3w i s\u0105 chronione prawami w\u0142asno\u015bci intelektualnej i przemys\u0142owej.<\/p>\n\n<p>Podobnie, fotografie i inne elementy graficzne znajduj\u0105ce si\u0119 na stronach s\u0105 chronione przez prawa w\u0142asno\u015bci intelektualnej i przemys\u0142owej, kt\u00f3re maj\u0105 zastosowanie.<\/p>\n\n<p>Kadrowanie lub wykorzystywanie przez osoby trzecie jakichkolwiek innych technik, kt\u00f3re zmieniaj\u0105 projekt, oryginaln\u0105 konfiguracj\u0119 lub zawarto\u015b\u0107 naszych stron internetowych, jest absolutnie zabronione przez LA BELLA VITA REAL ESTATE.<\/p>\n\n<p>Korzystanie z tre\u015bci musi by\u0107 zgodne z warunkami odpowiednich licencji. W rezultacie, bez wyra\u017anej i wyra\u017anej zgody LA BELLA VITA REAL ESTATE, jej wykorzystanie, powielanie, dystrybucja, komunikacja publiczna, przekszta\u0142canie lub jakakolwiek inna podobna lub identyczna dzia\u0142alno\u015b\u0107 jest absolutnie zabroniona.<\/p>\n\n<p>W odniesieniu do cytat\u00f3w wiadomo\u015bci, produkt\u00f3w i us\u0142ug stron trzecich, kt\u00f3re mog\u0105 pojawi\u0107 si\u0119 na stronie internetowej, LA BELLA VITA REAL ESTATE uznaje odpowiednie prawa w\u0142asno\u015bci przemys\u0142owej i intelektualnej na korzy\u015b\u0107 ich w\u0142a\u015bcicieli, a sama wzmianka lub pojawienie si\u0119 na stronie internetowej nie oznacza istnienia jakichkolwiek praw ani odpowiedzialno\u015bci, ani nie oznacza \u017cadnego poparcia,  sponsoring lub rekomendacja.<\/p>\n\n<p>LA BELLA VITA REAL ESTATE og\u0142asza poszanowanie praw w\u0142asno\u015bci intelektualnej i przemys\u0142owej os\u00f3b trzecich; Je\u015bli uwa\u017casz, \u017ce nasze portale naruszaj\u0105 Twoje prawa, skontaktuj si\u0119 z LA BELLA VITA REAL ESTATE.<\/p>\n\n<p><\/p>\n\n<h2 class=\"wp-block-heading\">Odpowiedzialno\u015b\u0107<\/h2>\n\n<p>LA BELLA VITA REAL ESTATE nie gwarantuje braku b\u0142\u0119d\u00f3w w dost\u0119pie, tre\u015bci lub aktualizacji strony internetowej, jednak LA BELLA VITA REAL ESTATE podejmie uzasadnione \u015brodki w celu ich unikni\u0119cia, poprawienia lub aktualizacji w razie potrzeby.<\/p>\n\n<p>U\u017cytkownik ponosi wy\u0142\u0105czn\u0105 odpowiedzialno\u015b\u0107 za dost\u0119p i korzystanie ze stron internetowych LA BELLA VITA REAL ESTATE i informacji w nich zawartych.<\/p>\n\n<p>LA BELLA VITA REAL ESTATE nie ponosi odpowiedzialno\u015bci za ewentualne b\u0142\u0119dy bezpiecze\u0144stwa, ani za ewentualne uszkodzenia systemu komputerowego U\u017cytkownika (sprz\u0119tu i oprogramowania), plik\u00f3w lub dokument\u00f3w w nich przechowywanych, w wyniku obecno\u015bci wirusa w komputerze U\u017cytkownika s\u0142u\u017c\u0105cym do \u0142\u0105czenia si\u0119 z us\u0142ugami i tre\u015bciami Serwisu, awarii przegl\u0105darki,  lub korzystanie z nieaktualizowanych wersji tego samego.<\/p>\n\n<p>LA BELLA VITA REAL ESTATE nie ponosi odpowiedzialno\u015bci za informacje i tre\u015bci przechowywane na stronie internetowej LA BELLA VITA REAL ESTATE, w tym mi\u0119dzy innymi na forach, czatach, blogach, komentarzach, sieciach spo\u0142eczno\u015bciowych lub w jakikolwiek inny spos\u00f3b, kt\u00f3ry umo\u017cliwia osobom trzecim niezale\u017cne publikowanie tre\u015bci na stronie internetowej LA BELLA VITA REAL ESTATE.<\/p>\n\n<p>Jednak zgodnie z LSSI, LA BELLA VITA REAL ESTATE jest dost\u0119pna dla wszystkich u\u017cytkownik\u00f3w, w\u0142adz i si\u0142 bezpiecze\u0144stwa oraz aktywnie uczestniczy w usuwaniu lub blokowaniu wszelkich tre\u015bci, kt\u00f3re mog\u0105 zaszkodzi\u0107 lub naruszy\u0107 prawo krajowe lub mi\u0119dzynarodowe, prawa os\u00f3b trzecich, moralno\u015b\u0107 lub porz\u0105dek publiczny. Je\u015bli u\u017cytkownik uwa\u017ca, \u017ce jakiekolwiek tre\u015bci na stronie internetowej podlegaj\u0105 tej klasyfikacji, nale\u017cy powiadomi\u0107 LA BELLA VITA REAL ESTATE.<\/p>\n\n<p><\/p>\n\n<h2 class=\"wp-block-heading\">\u0141\u0105cza lub hiper\u0142\u0105cza<\/h2>\n\n<p>Witryna mo\u017ce zawiera\u0107 hiper\u0142\u0105cza do tre\u015bci na stronach internetowych os\u00f3b trzecich. Celem tych link\u00f3w jest u\u0142atwienie Ci znalezienia w Internecie materia\u0142\u00f3w, kt\u00f3re mog\u0105 Ci\u0119 zainteresowa\u0107. Strony te nie nale\u017c\u0105 jednak do LA BELLA VITA REAL ESTATE i nie przegl\u0105daj\u0105 ich zawarto\u015bci. W zwi\u0105zku z tym LA BELLA VITA REAL ESTATE nie ponosi odpowiedzialno\u015bci za tre\u015bci, informacje lub us\u0142ugi, kt\u00f3re mog\u0105 pojawi\u0107 si\u0119 na tych stronach, kt\u00f3re maj\u0105 wy\u0142\u0105cznie charakter informacyjny i nie implikuj\u0105 \u017cadnych relacji mi\u0119dzy LA BELLA VITA REAL ESTATE a osobami lub podmiotami, kt\u00f3re s\u0105 w\u0142a\u015bcicielami takich tre\u015bci lub w\u0142a\u015bcicielami stron, na kt\u00f3rych si\u0119 znajduj\u0105. LA BELLA VITA REAL ESTATE nie ponosi odpowiedzialno\u015bci za funkcjonalno\u015b\u0107 strony, do kt\u00f3rej prowadzi link, ani za jakiekolwiek potencjalne szkody, kt\u00f3re mog\u0105 wynika\u0107 z uzyskania do niej dost\u0119pu lub korzystania z niej.<\/p>\n\n<p>Podczas linkowania do strony internetowej LA BELLA VITA REAL ESTATE nale\u017cy przestrzega\u0107 nast\u0119puj\u0105cych warunk\u00f3w:<\/p>\n\n<p>1. Utworzenie po\u0142\u0105czenia nie oznacza \u017cadnego rodzaju umowy, umowy, sponsoringu lub rekomendacji strony, kt\u00f3ra tworzy link la BELLA VITA REAL ESTATE.<\/p>\n\n<p>2. Strona internetowa, na kt\u00f3rej znajduje si\u0119 hiper\u0142\u0105cze, nie b\u0119dzie zawiera\u0107 materia\u0142\u00f3w niezgodnych z prawem, dyskryminuj\u0105cych, sprzecznych z og\u00f3lnie przyj\u0119tymi zasadami etycznymi lub sprzecznych z porz\u0105dkiem publicznym, ani nie b\u0119dzie zawiera\u0107 informacji naruszaj\u0105cych prawa os\u00f3b trzecich.<\/p>\n\n<p>3. LA BELLA VITA REAL ESTATE mo\u017ce \u017c\u0105da\u0107 usuni\u0119cia linku do swojej strony internetowej, bez konieczno\u015bci podawania przyczyny. W takim przypadku strona, kt\u00f3ra utworzy\u0142a link, musi przyst\u0105pi\u0107 do jego natychmiastowego usuni\u0119cia, gdy tylko LA BELLA VITA REAL ESTATE otrzyma powiadomienie.<\/p>\n\n<p>4. LA BELLA VITA REAL ESTATE nie ponosi odpowiedzialno\u015bci za jako\u015b\u0107, dok\u0142adno\u015b\u0107, wiarygodno\u015b\u0107, poprawno\u015b\u0107 lub moralno\u015b\u0107 informacji lub us\u0142ug \u015bwiadczonych przez utworzenie hiper\u0142\u0105cza. Wszelkie reperkusje, szkody lub dzia\u0142ania wynikaj\u0105ce z dost\u0119pu do strony internetowej, do kt\u00f3rej prowadz\u0105 hiper\u0142\u0105cza, s\u0105 wy\u0142\u0105czn\u0105 odpowiedzialno\u015bci\u0105 u\u017cytkownika.<\/p>\n\n<p><\/p>\n\n<h2 class=\"wp-block-heading\">Ochrona danych osobowych<\/h2>\n\n<p>LA BELLA VITA REAL ESTATE jest mocno zaanga\u017cowana w przestrzeganie zasad prywatno\u015bci danych osobowych i zapewnia pe\u0142n\u0105 zgodno\u015b\u0107 z okre\u015blonymi obowi\u0105zkami, a tak\u017ce wykonanie niezb\u0119dnych \u015brodk\u00f3w bezpiecze\u0144stwa w celu zapewnienia poziomu bezpiecze\u0144stwa proporcjonalnego do ryzyka.<\/p>\n\n<p>LA BELLA VITA REAL ESTATE udost\u0119pnia swoj\u0105 Polityk\u0119 Prywatno\u015bci u\u017cytkownikom za po\u015brednictwem formularza internetowego na stronie labellavitarealestate.com i dostarcza wi\u0119cej informacji na temat przetwarzania danych.<\/p>\n","protected":false},"excerpt":{"rendered":"<p>Prawne Zgodnie z ustaw\u0105 34\/2002 z dnia 11 lipca o us\u0142ugach spo\u0142ecze\u0144stwa informacyjnego i handlu elektronicznym (LSSI) informujemy, \u017ce: LA BELLA VITA REAL ESTATE jej adres to C\/ Medico Basilio Paredes 17, Cp: 03140 de Guardamar del Segura (Alicante). Dane kontaktowe: Telefon: 634 127 186 E-mail: labellavitarealestate@gmail.com Og\u00f3lne warunki korzystania ze strony internetowej nieruchomo\u015bci La [&hellip;]<\/p>\n","protected":false},"author":2,"featured_media":0,"parent":0,"menu_order":0,"comment_status":"closed","ping_status":"closed","template":"","meta":{"footnotes":""},"class_list":["post-24652","page","type-page","status-publish","hentry"],"yoast_head":"<!-- This site is optimized with the Yoast SEO plugin v27.3 - https:\/\/yoast.com\/product\/yoast-seo-wordpress\/ -->\n<title>Zasady i warunki | LA BELLA VITA Real Estate<\/title>\n<meta name=\"robots\" content=\"index, follow, max-snippet:-1, max-image-preview:large, max-video-preview:-1\" \/>\n<link rel=\"canonical\" href=\"https:\/\/labellavitarealestate.com\/pl\/regulamin\/\" \/>\n<meta property=\"og:locale\" content=\"pl_PL\" \/>\n<meta property=\"og:type\" content=\"article\" \/>\n<meta property=\"og:title\" content=\"Zasady i warunki | LA BELLA VITA Real Estate\" \/>\n<meta property=\"og:description\" content=\"Prawne Zgodnie z ustaw\u0105 34\/2002 z dnia 11 lipca o us\u0142ugach spo\u0142ecze\u0144stwa informacyjnego i handlu elektronicznym (LSSI) informujemy, \u017ce: LA BELLA VITA REAL ESTATE jej adres to C\/ Medico Basilio Paredes 17, Cp: 03140 de Guardamar del Segura (Alicante). Dane kontaktowe: Telefon: 634 127 186 E-mail: labellavitarealestate@gmail.com Og\u00f3lne warunki korzystania ze strony internetowej nieruchomo\u015bci La [&hellip;]\" \/>\n<meta property=\"og:url\" content=\"https:\/\/labellavitarealestate.com\/pl\/regulamin\/\" \/>\n<meta property=\"og:site_name\" content=\"LA BELLA VITA Real Estate\" \/>\n<meta property=\"article:publisher\" content=\"https:\/\/www.facebook.com\/labellavitarealestate\" \/>\n<meta property=\"article:modified_time\" content=\"2022-10-13T18:10:22+00:00\" \/>\n<meta property=\"og:image\" content=\"https:\/\/labellavitarealestate.com\/wp-content\/uploads\/2023\/02\/LA-BELLA-VITA-Real-Estate-Costa-Blanca-Spain.jpg\" \/>\n\t<meta property=\"og:image:width\" content=\"1200\" \/>\n\t<meta property=\"og:image:height\" content=\"628\" \/>\n\t<meta property=\"og:image:type\" content=\"image\/jpeg\" \/>\n<meta name=\"twitter:card\" content=\"summary_large_image\" \/>\n<meta name=\"twitter:site\" content=\"@LBV_Real_Estate\" \/>\n<meta name=\"twitter:label1\" content=\"Szacowany czas czytania\" \/>\n\t<meta name=\"twitter:data1\" content=\"6 minut\" \/>\n<script type=\"application\/ld+json\" class=\"yoast-schema-graph\">{\"@context\":\"https:\\\/\\\/schema.org\",\"@graph\":[{\"@type\":\"WebPage\",\"@id\":\"https:\\\/\\\/labellavitarealestate.com\\\/pl\\\/regulamin\\\/\",\"url\":\"https:\\\/\\\/labellavitarealestate.com\\\/pl\\\/regulamin\\\/\",\"name\":\"Zasady i warunki | LA BELLA VITA Real Estate\",\"isPartOf\":{\"@id\":\"https:\\\/\\\/labellavitarealestate.com\\\/pl\\\/#website\"},\"datePublished\":\"2016-03-10T18:51:46+00:00\",\"dateModified\":\"2022-10-13T18:10:22+00:00\",\"breadcrumb\":{\"@id\":\"https:\\\/\\\/labellavitarealestate.com\\\/pl\\\/regulamin\\\/#breadcrumb\"},\"inLanguage\":\"pl-PL\",\"potentialAction\":[{\"@type\":\"ReadAction\",\"target\":[\"https:\\\/\\\/labellavitarealestate.com\\\/pl\\\/regulamin\\\/\"]}]},{\"@type\":\"BreadcrumbList\",\"@id\":\"https:\\\/\\\/labellavitarealestate.com\\\/pl\\\/regulamin\\\/#breadcrumb\",\"itemListElement\":[{\"@type\":\"ListItem\",\"position\":1,\"name\":\"Home\",\"item\":\"https:\\\/\\\/labellavitarealestate.com\\\/pl\\\/\"},{\"@type\":\"ListItem\",\"position\":2,\"name\":\"Zasady i warunki\"}]},{\"@type\":\"WebSite\",\"@id\":\"https:\\\/\\\/labellavitarealestate.com\\\/pl\\\/#website\",\"url\":\"https:\\\/\\\/labellavitarealestate.com\\\/pl\\\/\",\"name\":\"LA BELLA VITA Real Estate in Costa Blanca, Spain\",\"description\":\"Properties for sale in Costa Blanca\",\"publisher\":{\"@id\":\"https:\\\/\\\/labellavitarealestate.com\\\/pl\\\/#organization\"},\"alternateName\":\"LA BELLA VITA Real Estate\",\"potentialAction\":[{\"@type\":\"SearchAction\",\"target\":{\"@type\":\"EntryPoint\",\"urlTemplate\":\"https:\\\/\\\/labellavitarealestate.com\\\/pl\\\/?s={search_term_string}\"},\"query-input\":{\"@type\":\"PropertyValueSpecification\",\"valueRequired\":true,\"valueName\":\"search_term_string\"}}],\"inLanguage\":\"pl-PL\"},{\"@type\":\"Organization\",\"@id\":\"https:\\\/\\\/labellavitarealestate.com\\\/pl\\\/#organization\",\"name\":\"LA BELLA VITA Real Estate in Costa Blanca\",\"alternateName\":\"LA BELLA VITA\",\"url\":\"https:\\\/\\\/labellavitarealestate.com\\\/pl\\\/\",\"logo\":{\"@type\":\"ImageObject\",\"inLanguage\":\"pl-PL\",\"@id\":\"https:\\\/\\\/labellavitarealestate.com\\\/pl\\\/#\\\/schema\\\/logo\\\/image\\\/\",\"url\":\"https:\\\/\\\/labellavitarealestate.com\\\/wp-content\\\/uploads\\\/2021\\\/12\\\/la-bella-vita-logotype-gold.svg\",\"contentUrl\":\"https:\\\/\\\/labellavitarealestate.com\\\/wp-content\\\/uploads\\\/2021\\\/12\\\/la-bella-vita-logotype-gold.svg\",\"width\":366,\"height\":71,\"caption\":\"LA BELLA VITA Real Estate in Costa Blanca\"},\"image\":{\"@id\":\"https:\\\/\\\/labellavitarealestate.com\\\/pl\\\/#\\\/schema\\\/logo\\\/image\\\/\"},\"sameAs\":[\"https:\\\/\\\/www.facebook.com\\\/labellavitarealestate\",\"https:\\\/\\\/x.com\\\/LBV_Real_Estate\",\"https:\\\/\\\/www.instagram.com\\\/labellavita_real_estate\\\/\",\"https:\\\/\\\/www.linkedin.com\\\/in\\\/labellavitarealestate\\\/\",\"https:\\\/\\\/www.pinterest.es\\\/labellavitarealestate\\\/_saved\\\/\",\"https:\\\/\\\/www.youtube.com\\\/channel\\\/UCP6t8aNDgIarJyJYgFZ4XTA\"]}]}<\/script>\n<!-- \/ Yoast SEO plugin. -->","yoast_head_json":{"title":"Zasady i warunki | LA BELLA VITA Real Estate","robots":{"index":"index","follow":"follow","max-snippet":"max-snippet:-1","max-image-preview":"max-image-preview:large","max-video-preview":"max-video-preview:-1"},"canonical":"https:\/\/labellavitarealestate.com\/pl\/regulamin\/","og_locale":"pl_PL","og_type":"article","og_title":"Zasady i warunki | LA BELLA VITA Real Estate","og_description":"Prawne Zgodnie z ustaw\u0105 34\/2002 z dnia 11 lipca o us\u0142ugach spo\u0142ecze\u0144stwa informacyjnego i handlu elektronicznym (LSSI) informujemy, \u017ce: LA BELLA VITA REAL ESTATE jej adres to C\/ Medico Basilio Paredes 17, Cp: 03140 de Guardamar del Segura (Alicante). Dane kontaktowe: Telefon: 634 127 186 E-mail: labellavitarealestate@gmail.com Og\u00f3lne warunki korzystania ze strony internetowej nieruchomo\u015bci La [&hellip;]","og_url":"https:\/\/labellavitarealestate.com\/pl\/regulamin\/","og_site_name":"LA BELLA VITA Real Estate","article_publisher":"https:\/\/www.facebook.com\/labellavitarealestate","article_modified_time":"2022-10-13T18:10:22+00:00","og_image":[{"width":1200,"height":628,"url":"https:\/\/labellavitarealestate.com\/wp-content\/uploads\/2023\/02\/LA-BELLA-VITA-Real-Estate-Costa-Blanca-Spain.jpg","type":"image\/jpeg"}],"twitter_card":"summary_large_image","twitter_site":"@LBV_Real_Estate","twitter_misc":{"Szacowany czas czytania":"6 minut"},"schema":{"@context":"https:\/\/schema.org","@graph":[{"@type":"WebPage","@id":"https:\/\/labellavitarealestate.com\/pl\/regulamin\/","url":"https:\/\/labellavitarealestate.com\/pl\/regulamin\/","name":"Zasady i warunki | LA BELLA VITA Real Estate","isPartOf":{"@id":"https:\/\/labellavitarealestate.com\/pl\/#website"},"datePublished":"2016-03-10T18:51:46+00:00","dateModified":"2022-10-13T18:10:22+00:00","breadcrumb":{"@id":"https:\/\/labellavitarealestate.com\/pl\/regulamin\/#breadcrumb"},"inLanguage":"pl-PL","potentialAction":[{"@type":"ReadAction","target":["https:\/\/labellavitarealestate.com\/pl\/regulamin\/"]}]},{"@type":"BreadcrumbList","@id":"https:\/\/labellavitarealestate.com\/pl\/regulamin\/#breadcrumb","itemListElement":[{"@type":"ListItem","position":1,"name":"Home","item":"https:\/\/labellavitarealestate.com\/pl\/"},{"@type":"ListItem","position":2,"name":"Zasady i warunki"}]},{"@type":"WebSite","@id":"https:\/\/labellavitarealestate.com\/pl\/#website","url":"https:\/\/labellavitarealestate.com\/pl\/","name":"LA BELLA VITA Real Estate in Costa Blanca, Spain","description":"Properties for sale in Costa Blanca","publisher":{"@id":"https:\/\/labellavitarealestate.com\/pl\/#organization"},"alternateName":"LA BELLA VITA Real Estate","potentialAction":[{"@type":"SearchAction","target":{"@type":"EntryPoint","urlTemplate":"https:\/\/labellavitarealestate.com\/pl\/?s={search_term_string}"},"query-input":{"@type":"PropertyValueSpecification","valueRequired":true,"valueName":"search_term_string"}}],"inLanguage":"pl-PL"},{"@type":"Organization","@id":"https:\/\/labellavitarealestate.com\/pl\/#organization","name":"LA BELLA VITA Real Estate in Costa Blanca","alternateName":"LA BELLA VITA","url":"https:\/\/labellavitarealestate.com\/pl\/","logo":{"@type":"ImageObject","inLanguage":"pl-PL","@id":"https:\/\/labellavitarealestate.com\/pl\/#\/schema\/logo\/image\/","url":"https:\/\/labellavitarealestate.com\/wp-content\/uploads\/2021\/12\/la-bella-vita-logotype-gold.svg","contentUrl":"https:\/\/labellavitarealestate.com\/wp-content\/uploads\/2021\/12\/la-bella-vita-logotype-gold.svg","width":366,"height":71,"caption":"LA BELLA VITA Real Estate in Costa Blanca"},"image":{"@id":"https:\/\/labellavitarealestate.com\/pl\/#\/schema\/logo\/image\/"},"sameAs":["https:\/\/www.facebook.com\/labellavitarealestate","https:\/\/x.com\/LBV_Real_Estate","https:\/\/www.instagram.com\/labellavita_real_estate\/","https:\/\/www.linkedin.com\/in\/labellavitarealestate\/","https:\/\/www.pinterest.es\/labellavitarealestate\/_saved\/","https:\/\/www.youtube.com\/channel\/UCP6t8aNDgIarJyJYgFZ4XTA"]}]}},"_links":{"self":[{"href":"https:\/\/labellavitarealestate.com\/pl\/wp-json\/wp\/v2\/pages\/24652","targetHints":{"allow":["GET"]}}],"collection":[{"href":"https:\/\/labellavitarealestate.com\/pl\/wp-json\/wp\/v2\/pages"}],"about":[{"href":"https:\/\/labellavitarealestate.com\/pl\/wp-json\/wp\/v2\/types\/page"}],"author":[{"embeddable":true,"href":"https:\/\/labellavitarealestate.com\/pl\/wp-json\/wp\/v2\/users\/2"}],"replies":[{"embeddable":true,"href":"https:\/\/labellavitarealestate.com\/pl\/wp-json\/wp\/v2\/comments?post=24652"}],"version-history":[{"count":0,"href":"https:\/\/labellavitarealestate.com\/pl\/wp-json\/wp\/v2\/pages\/24652\/revisions"}],"wp:attachment":[{"href":"https:\/\/labellavitarealestate.com\/pl\/wp-json\/wp\/v2\/media?parent=24652"}],"curies":[{"name":"wp","href":"https:\/\/api.w.org\/{rel}","templated":true}]}}