{"id":25331,"date":"2022-04-20T07:55:41","date_gmt":"2022-04-20T07:55:41","guid":{"rendered":"https:\/\/labellavitarealestate.com\/polityka-cookie\/"},"modified":"2022-04-20T07:55:41","modified_gmt":"2022-04-20T07:55:41","slug":"polityka-cookie","status":"publish","type":"page","link":"https:\/\/labellavitarealestate.com\/pl\/polityka-cookie\/","title":{"rendered":"Polityka Cookie"},"content":{"rendered":"<div class=\"cli_pg_page_contaner\">\n<h3>Informacje o polityce plik\u00f3w cookie<\/h3>\n<div>Niniejsza Polityka dotycz\u0105ca plik\u00f3w cookie wyja\u015bnia, czym s\u0105 pliki cookie i jak ich u\u017cywamy, rodzaje plik\u00f3w cookie, kt\u00f3rych u\u017cywamy, tj. informacje, kt\u00f3re zbieramy za pomoc\u0105 plik\u00f3w cookie i jak te informacje s\u0105 wykorzystywane oraz jak kontrolowa\u0107 preferencje dotycz\u0105ce plik\u00f3w cookie.  Wi\u0119cej informacji na temat tego, w jaki spos\u00f3b wykorzystujemy, przechowujemy i zabezpieczamy Twoje dane osobowe, znajdziesz w naszej Polityce prywatno\u015bci.<\/p>\n<p> W ka\u017cdej chwili mo\u017cesz zmieni\u0107 lub wycofa\u0107 swoj\u0105 zgod\u0119 z Deklaracji dotycz\u0105cej plik\u00f3w cookie na naszej stronie internetowej<br \/>\n Dowiedz si\u0119 wi\u0119cej o tym, kim jeste\u015bmy, jak mo\u017cesz si\u0119 z nami skontaktowa\u0107 i jak przetwarzamy dane osobowe w naszej Polityce prywatno\u015bci.<br \/>\n Twoja zgoda dotyczy nast\u0119puj\u0105cych domen: labellavitarealestate.com<br \/>\n [stan_zgody_u\u017cytkownika]<\/p><\/div>\n<h3>Co to s\u0105 pliki cookie?<\/h3>\n<div>Pliki cookie to ma\u0142e pliki tekstowe u\u017cywane do przechowywania ma\u0142ych porcji informacji.  S\u0105 one przechowywane na Twoim urz\u0105dzeniu, gdy strona jest \u0142adowana w Twojej przegl\u0105darce.  Te pliki cookie pomagaj\u0105 nam sprawi\u0107, \u017ce witryna b\u0119dzie dzia\u0142a\u0107 prawid\u0142owo, uczyni\u0107 j\u0105 bezpieczniejsz\u0105, zapewni\u0107 lepsze wra\u017cenia u\u017cytkownika oraz zrozumie\u0107, jak dzia\u0142a witryna i przeanalizowa\u0107, co dzia\u0142a i gdzie wymaga poprawy.<\/div>\n<h3>Jak u\u017cywamy plik\u00f3w cookie?<\/h3>\n<div>Podobnie jak wi\u0119kszo\u015b\u0107 us\u0142ug online, nasza strona internetowa wykorzystuje pliki cookie pierwszej i trzeciej strony w kilku celach.  W\u0142asne pliki cookie s\u0105 w wi\u0119kszo\u015bci niezb\u0119dne do prawid\u0142owego funkcjonowania witryny i nie gromadz\u0105 \u017cadnych danych osobowych u\u017cytkownika.<\/p>\n<p> Pliki cookie stron trzecich u\u017cywane na naszej stronie internetowej s\u0142u\u017c\u0105 g\u0142\u00f3wnie do zrozumienia, w jaki spos\u00f3b strona internetowa dzia\u0142a, w jaki spos\u00f3b wchodzisz w interakcj\u0119 z nasz\u0105 stron\u0105 internetow\u0105, zapewniamy bezpiecze\u0144stwo naszych us\u0142ug, dostarczanie reklam, kt\u00f3re s\u0105 dla Ciebie odpowiednie, a w sumie dostarczanie lepszych i ulepszonych u\u017cytkownik\u00f3w  do\u015bwiadczenie i pom\u00f3c przyspieszy\u0107 przysz\u0142e interakcje z nasz\u0105 witryn\u0105.<\/p><\/div>\n<h3>Jakich typ\u00f3w plik\u00f3w cookie u\u017cywamy?<\/h3>\n<div>Niezb\u0119dne: Niekt\u00f3re pliki cookie s\u0105 niezb\u0119dne do korzystania z pe\u0142nej funkcjonalno\u015bci naszej witryny.  Pozwalaj\u0105 nam utrzymywa\u0107 sesje u\u017cytkownik\u00f3w i zapobiega\u0107 wszelkim zagro\u017ceniom bezpiecze\u0144stwa.  Nie zbieraj\u0105 ani nie przechowuj\u0105 \u017cadnych danych osobowych.  Na przyk\u0142ad te pliki cookie umo\u017cliwiaj\u0105 logowanie si\u0119 do konta i dodawanie produkt\u00f3w do koszyka oraz bezpieczne dokonywanie transakcji.<\/p>\n<p> Statystyki: Te pliki cookie przechowuj\u0105 informacje, takie jak liczba odwiedzaj\u0105cych witryn\u0119, liczba unikalnych u\u017cytkownik\u00f3w, kt\u00f3re strony witryny zosta\u0142y odwiedzone, \u017ar\u00f3d\u0142o wizyty itp. Dane te pomagaj\u0105 nam zrozumie\u0107 i przeanalizowa\u0107, jak dobrze dzia\u0142a witryna  i gdzie wymaga poprawy.<\/p>\n<p> Marketing: Nasza strona internetowa wy\u015bwietla reklamy.  Te pliki cookie s\u0142u\u017c\u0105 do personalizacji reklam, kt\u00f3re pokazujemy, tak aby by\u0142y dla Ciebie znacz\u0105ce.  Te pliki cookie pomagaj\u0105 nam r\u00f3wnie\u017c \u015bledzi\u0107 skuteczno\u015b\u0107 tych kampanii reklamowych.<br \/>\n Informacje przechowywane w tych plikach cookie mog\u0105 by\u0107 r\u00f3wnie\u017c wykorzystywane przez zewn\u0119trznych dostawc\u00f3w reklam do wy\u015bwietlania reklam w innych witrynach w przegl\u0105darce.<\/p>\n<p> Funkcjonalne: S\u0105 to pliki cookie, kt\u00f3re pomagaj\u0105 w niekt\u00f3rych nieistotnych funkcjach na naszej stronie internetowej.  Funkcjonalno\u015bci te obejmuj\u0105 osadzanie tre\u015bci, takich jak filmy lub udost\u0119pnianie tre\u015bci witryny na platformach spo\u0142eczno\u015bciowych.<\/p>\n<p> Preferencje: Te pliki cookie pomagaj\u0105 nam przechowywa\u0107 Twoje ustawienia i preferencje przegl\u0105dania, takie jak preferencje j\u0119zykowe, dzi\u0119ki czemu masz lepsze i wydajniejsze wra\u017cenia podczas przysz\u0142ych wizyt na stronie.<br \/>\n [cookie_audit columns=&#8221;cookie,description&#8221; nag\u0142\u00f3wek=&#8221;Poni\u017csza lista zawiera szczeg\u00f3\u0142owe informacje na temat plik\u00f3w cookie u\u017cywanych w naszej witrynie.&#8221;]<\/p><\/div>\n<h3>Jak mog\u0119 kontrolowa\u0107 preferencje dotycz\u0105ce plik\u00f3w cookie?<\/h3>\n<div>Je\u015bli zdecydujesz si\u0119 zmieni\u0107 swoje preferencje p\u00f3\u017aniej podczas sesji przegl\u0105dania, mo\u017cesz klikn\u0105\u0107 \u201ePrywatno\u015b\u0107<\/p>\n","protected":false},"excerpt":{"rendered":"<p>Informacje o polityce plik\u00f3w cookie Niniejsza Polityka dotycz\u0105ca plik\u00f3w cookie wyja\u015bnia, czym s\u0105 pliki cookie i jak ich u\u017cywamy, rodzaje plik\u00f3w cookie, kt\u00f3rych u\u017cywamy, tj. informacje, kt\u00f3re zbieramy za pomoc\u0105 plik\u00f3w cookie i jak te informacje s\u0105 wykorzystywane oraz jak kontrolowa\u0107 preferencje dotycz\u0105ce plik\u00f3w cookie. Wi\u0119cej informacji na temat tego, w jaki spos\u00f3b wykorzystujemy, przechowujemy [&hellip;]<\/p>\n","protected":false},"author":2,"featured_media":0,"parent":0,"menu_order":0,"comment_status":"closed","ping_status":"closed","template":"","meta":{"footnotes":""},"class_list":["post-25331","page","type-page","status-publish","hentry"],"yoast_head":"<!-- This site is optimized with the Yoast SEO plugin v27.4 - https:\/\/yoast.com\/product\/yoast-seo-wordpress\/ -->\n<title>Polityka Cookie | LA BELLA VITA Real Estate<\/title>\n<meta name=\"robots\" content=\"index, follow, max-snippet:-1, max-image-preview:large, max-video-preview:-1\" \/>\n<link rel=\"canonical\" href=\"https:\/\/labellavitarealestate.com\/pl\/polityka-cookie\/\" \/>\n<meta property=\"og:locale\" content=\"pl_PL\" \/>\n<meta property=\"og:type\" content=\"article\" \/>\n<meta property=\"og:title\" content=\"Polityka Cookie | LA BELLA VITA Real Estate\" \/>\n<meta property=\"og:description\" content=\"Informacje o polityce plik\u00f3w cookie Niniejsza Polityka dotycz\u0105ca plik\u00f3w cookie wyja\u015bnia, czym s\u0105 pliki cookie i jak ich u\u017cywamy, rodzaje plik\u00f3w cookie, kt\u00f3rych u\u017cywamy, tj. informacje, kt\u00f3re zbieramy za pomoc\u0105 plik\u00f3w cookie i jak te informacje s\u0105 wykorzystywane oraz jak kontrolowa\u0107 preferencje dotycz\u0105ce plik\u00f3w cookie. Wi\u0119cej informacji na temat tego, w jaki spos\u00f3b wykorzystujemy, przechowujemy [&hellip;]\" \/>\n<meta property=\"og:url\" content=\"https:\/\/labellavitarealestate.com\/pl\/polityka-cookie\/\" \/>\n<meta property=\"og:site_name\" content=\"LA BELLA VITA Real Estate\" \/>\n<meta property=\"article:publisher\" content=\"https:\/\/www.facebook.com\/labellavitarealestate\" \/>\n<meta property=\"og:image\" content=\"https:\/\/labellavitarealestate.com\/wp-content\/uploads\/2023\/02\/LA-BELLA-VITA-Real-Estate-Costa-Blanca-Spain.jpg\" \/>\n\t<meta property=\"og:image:width\" content=\"1200\" \/>\n\t<meta property=\"og:image:height\" content=\"628\" \/>\n\t<meta property=\"og:image:type\" content=\"image\/jpeg\" \/>\n<meta name=\"twitter:card\" content=\"summary_large_image\" \/>\n<meta name=\"twitter:site\" content=\"@LBV_Real_Estate\" \/>\n<meta name=\"twitter:label1\" content=\"Szacowany czas czytania\" \/>\n\t<meta name=\"twitter:data1\" content=\"3 minuty\" \/>\n<script type=\"application\/ld+json\" class=\"yoast-schema-graph\">{\"@context\":\"https:\\\/\\\/schema.org\",\"@graph\":[{\"@type\":\"WebPage\",\"@id\":\"https:\\\/\\\/labellavitarealestate.com\\\/pl\\\/polityka-cookie\\\/\",\"url\":\"https:\\\/\\\/labellavitarealestate.com\\\/pl\\\/polityka-cookie\\\/\",\"name\":\"Polityka Cookie | LA BELLA VITA Real Estate\",\"isPartOf\":{\"@id\":\"https:\\\/\\\/labellavitarealestate.com\\\/pl\\\/#website\"},\"datePublished\":\"2022-04-20T07:55:41+00:00\",\"breadcrumb\":{\"@id\":\"https:\\\/\\\/labellavitarealestate.com\\\/pl\\\/polityka-cookie\\\/#breadcrumb\"},\"inLanguage\":\"pl-PL\",\"potentialAction\":[{\"@type\":\"ReadAction\",\"target\":[\"https:\\\/\\\/labellavitarealestate.com\\\/pl\\\/polityka-cookie\\\/\"]}]},{\"@type\":\"BreadcrumbList\",\"@id\":\"https:\\\/\\\/labellavitarealestate.com\\\/pl\\\/polityka-cookie\\\/#breadcrumb\",\"itemListElement\":[{\"@type\":\"ListItem\",\"position\":1,\"name\":\"Home\",\"item\":\"https:\\\/\\\/labellavitarealestate.com\\\/pl\\\/\"},{\"@type\":\"ListItem\",\"position\":2,\"name\":\"Polityka Cookie\"}]},{\"@type\":\"WebSite\",\"@id\":\"https:\\\/\\\/labellavitarealestate.com\\\/pl\\\/#website\",\"url\":\"https:\\\/\\\/labellavitarealestate.com\\\/pl\\\/\",\"name\":\"LA BELLA VITA Real Estate in Costa Blanca, Spain\",\"description\":\"Properties for sale in Costa Blanca\",\"publisher\":{\"@id\":\"https:\\\/\\\/labellavitarealestate.com\\\/pl\\\/#organization\"},\"alternateName\":\"LA BELLA VITA Real Estate\",\"potentialAction\":[{\"@type\":\"SearchAction\",\"target\":{\"@type\":\"EntryPoint\",\"urlTemplate\":\"https:\\\/\\\/labellavitarealestate.com\\\/pl\\\/?s={search_term_string}\"},\"query-input\":{\"@type\":\"PropertyValueSpecification\",\"valueRequired\":true,\"valueName\":\"search_term_string\"}}],\"inLanguage\":\"pl-PL\"},{\"@type\":\"Organization\",\"@id\":\"https:\\\/\\\/labellavitarealestate.com\\\/pl\\\/#organization\",\"name\":\"LA BELLA VITA Real Estate in Costa Blanca\",\"alternateName\":\"LA BELLA VITA\",\"url\":\"https:\\\/\\\/labellavitarealestate.com\\\/pl\\\/\",\"logo\":{\"@type\":\"ImageObject\",\"inLanguage\":\"pl-PL\",\"@id\":\"https:\\\/\\\/labellavitarealestate.com\\\/pl\\\/#\\\/schema\\\/logo\\\/image\\\/\",\"url\":\"https:\\\/\\\/labellavitarealestate.com\\\/wp-content\\\/uploads\\\/2021\\\/12\\\/la-bella-vita-logotype-gold.svg\",\"contentUrl\":\"https:\\\/\\\/labellavitarealestate.com\\\/wp-content\\\/uploads\\\/2021\\\/12\\\/la-bella-vita-logotype-gold.svg\",\"width\":366,\"height\":71,\"caption\":\"LA BELLA VITA Real Estate in Costa Blanca\"},\"image\":{\"@id\":\"https:\\\/\\\/labellavitarealestate.com\\\/pl\\\/#\\\/schema\\\/logo\\\/image\\\/\"},\"sameAs\":[\"https:\\\/\\\/www.facebook.com\\\/labellavitarealestate\",\"https:\\\/\\\/x.com\\\/LBV_Real_Estate\",\"https:\\\/\\\/www.instagram.com\\\/labellavita_real_estate\\\/\",\"https:\\\/\\\/www.linkedin.com\\\/in\\\/labellavitarealestate\\\/\",\"https:\\\/\\\/www.pinterest.es\\\/labellavitarealestate\\\/_saved\\\/\",\"https:\\\/\\\/www.youtube.com\\\/channel\\\/UCP6t8aNDgIarJyJYgFZ4XTA\"]}]}<\/script>\n<!-- \/ Yoast SEO plugin. -->","yoast_head_json":{"title":"Polityka Cookie | LA BELLA VITA Real Estate","robots":{"index":"index","follow":"follow","max-snippet":"max-snippet:-1","max-image-preview":"max-image-preview:large","max-video-preview":"max-video-preview:-1"},"canonical":"https:\/\/labellavitarealestate.com\/pl\/polityka-cookie\/","og_locale":"pl_PL","og_type":"article","og_title":"Polityka Cookie | LA BELLA VITA Real Estate","og_description":"Informacje o polityce plik\u00f3w cookie Niniejsza Polityka dotycz\u0105ca plik\u00f3w cookie wyja\u015bnia, czym s\u0105 pliki cookie i jak ich u\u017cywamy, rodzaje plik\u00f3w cookie, kt\u00f3rych u\u017cywamy, tj. informacje, kt\u00f3re zbieramy za pomoc\u0105 plik\u00f3w cookie i jak te informacje s\u0105 wykorzystywane oraz jak kontrolowa\u0107 preferencje dotycz\u0105ce plik\u00f3w cookie. Wi\u0119cej informacji na temat tego, w jaki spos\u00f3b wykorzystujemy, przechowujemy [&hellip;]","og_url":"https:\/\/labellavitarealestate.com\/pl\/polityka-cookie\/","og_site_name":"LA BELLA VITA Real Estate","article_publisher":"https:\/\/www.facebook.com\/labellavitarealestate","og_image":[{"width":1200,"height":628,"url":"https:\/\/labellavitarealestate.com\/wp-content\/uploads\/2023\/02\/LA-BELLA-VITA-Real-Estate-Costa-Blanca-Spain.jpg","type":"image\/jpeg"}],"twitter_card":"summary_large_image","twitter_site":"@LBV_Real_Estate","twitter_misc":{"Szacowany czas czytania":"3 minuty"},"schema":{"@context":"https:\/\/schema.org","@graph":[{"@type":"WebPage","@id":"https:\/\/labellavitarealestate.com\/pl\/polityka-cookie\/","url":"https:\/\/labellavitarealestate.com\/pl\/polityka-cookie\/","name":"Polityka Cookie | LA BELLA VITA Real Estate","isPartOf":{"@id":"https:\/\/labellavitarealestate.com\/pl\/#website"},"datePublished":"2022-04-20T07:55:41+00:00","breadcrumb":{"@id":"https:\/\/labellavitarealestate.com\/pl\/polityka-cookie\/#breadcrumb"},"inLanguage":"pl-PL","potentialAction":[{"@type":"ReadAction","target":["https:\/\/labellavitarealestate.com\/pl\/polityka-cookie\/"]}]},{"@type":"BreadcrumbList","@id":"https:\/\/labellavitarealestate.com\/pl\/polityka-cookie\/#breadcrumb","itemListElement":[{"@type":"ListItem","position":1,"name":"Home","item":"https:\/\/labellavitarealestate.com\/pl\/"},{"@type":"ListItem","position":2,"name":"Polityka Cookie"}]},{"@type":"WebSite","@id":"https:\/\/labellavitarealestate.com\/pl\/#website","url":"https:\/\/labellavitarealestate.com\/pl\/","name":"LA BELLA VITA Real Estate in Costa Blanca, Spain","description":"Properties for sale in Costa Blanca","publisher":{"@id":"https:\/\/labellavitarealestate.com\/pl\/#organization"},"alternateName":"LA BELLA VITA Real Estate","potentialAction":[{"@type":"SearchAction","target":{"@type":"EntryPoint","urlTemplate":"https:\/\/labellavitarealestate.com\/pl\/?s={search_term_string}"},"query-input":{"@type":"PropertyValueSpecification","valueRequired":true,"valueName":"search_term_string"}}],"inLanguage":"pl-PL"},{"@type":"Organization","@id":"https:\/\/labellavitarealestate.com\/pl\/#organization","name":"LA BELLA VITA Real Estate in Costa Blanca","alternateName":"LA BELLA VITA","url":"https:\/\/labellavitarealestate.com\/pl\/","logo":{"@type":"ImageObject","inLanguage":"pl-PL","@id":"https:\/\/labellavitarealestate.com\/pl\/#\/schema\/logo\/image\/","url":"https:\/\/labellavitarealestate.com\/wp-content\/uploads\/2021\/12\/la-bella-vita-logotype-gold.svg","contentUrl":"https:\/\/labellavitarealestate.com\/wp-content\/uploads\/2021\/12\/la-bella-vita-logotype-gold.svg","width":366,"height":71,"caption":"LA BELLA VITA Real Estate in Costa Blanca"},"image":{"@id":"https:\/\/labellavitarealestate.com\/pl\/#\/schema\/logo\/image\/"},"sameAs":["https:\/\/www.facebook.com\/labellavitarealestate","https:\/\/x.com\/LBV_Real_Estate","https:\/\/www.instagram.com\/labellavita_real_estate\/","https:\/\/www.linkedin.com\/in\/labellavitarealestate\/","https:\/\/www.pinterest.es\/labellavitarealestate\/_saved\/","https:\/\/www.youtube.com\/channel\/UCP6t8aNDgIarJyJYgFZ4XTA"]}]}},"_links":{"self":[{"href":"https:\/\/labellavitarealestate.com\/pl\/wp-json\/wp\/v2\/pages\/25331","targetHints":{"allow":["GET"]}}],"collection":[{"href":"https:\/\/labellavitarealestate.com\/pl\/wp-json\/wp\/v2\/pages"}],"about":[{"href":"https:\/\/labellavitarealestate.com\/pl\/wp-json\/wp\/v2\/types\/page"}],"author":[{"embeddable":true,"href":"https:\/\/labellavitarealestate.com\/pl\/wp-json\/wp\/v2\/users\/2"}],"replies":[{"embeddable":true,"href":"https:\/\/labellavitarealestate.com\/pl\/wp-json\/wp\/v2\/comments?post=25331"}],"version-history":[{"count":0,"href":"https:\/\/labellavitarealestate.com\/pl\/wp-json\/wp\/v2\/pages\/25331\/revisions"}],"wp:attachment":[{"href":"https:\/\/labellavitarealestate.com\/pl\/wp-json\/wp\/v2\/media?parent=25331"}],"curies":[{"name":"wp","href":"https:\/\/api.w.org\/{rel}","templated":true}]}}